{"id":45,"date":"2024-01-09T11:01:08","date_gmt":"2024-01-09T10:01:08","guid":{"rendered":"https:\/\/so-xarxa.recursos.uoc.edu\/?page_id=45"},"modified":"2024-01-09T11:01:08","modified_gmt":"2024-01-09T10:01:08","slug":"competencias","status":"publish","type":"page","link":"https:\/\/so-xarxa.recursos.uoc.edu\/es\/competencias\/","title":{"rendered":"Competencias"},"content":{"rendered":"<ul>\n<li>Adaptarse a las tecnolog\u00edas y a los futuros entornos actualizando las competencias profesionales.<\/li>\n<li>Ser capaz de analizar un problema en el nivel de abstracci\u00f3n adecuado a cada situaci\u00f3n y aplicar las habilidades y los conocimientos adquiridos para abordarlo y resolverlo.<\/li>\n<li>Capturar, almacenar y modificar informaci\u00f3n de audio, imagen y v\u00eddeo digitales aplicando principios y m\u00e9todos de realizaci\u00f3n y composici\u00f3n del lenguaje audiovisual.<\/li>\n<li>Integrar y gestionar contenidos digitales en aplicaciones multimodales de acuerdo con criterios est\u00e9ticos, t\u00e9cnicos y funcionales.<\/li>\n<li>Distribuir contenidos multimedia de manera eficiente a trav\u00e9s de las diferentes plataformas disponibles (web, m\u00f3vil, televisi\u00f3n digital, etc.).<\/li>\n<li>Atender adecuadamente consultas sobre proyectos, tecnolog\u00edas y mercado de productos multimedia evaluando de forma precisa el entorno de aplicaci\u00f3n, los recursos y las alternativas tecnol\u00f3gicas disponibles.<\/li>\n<\/ul>\n","protected":false},"excerpt":{"rendered":"<p>Adaptarse a las tecnolog\u00edas y a los futuros entornos actualizando las competencias profesionales. Ser capaz de analizar un problema en el nivel de abstracci\u00f3n adecuado a cada situaci\u00f3n y aplicar las habilidades y los conocimientos adquiridos para abordarlo y resolverlo. Capturar, almacenar y modificar informaci\u00f3n de audio, imagen y v\u00eddeo digitales aplicando principios y m\u00e9todos [&hellip;]<\/p>\n","protected":false},"author":2,"featured_media":0,"parent":0,"menu_order":0,"comment_status":"closed","ping_status":"closed","template":"","meta":{"footnotes":""},"acf":[],"_links":{"self":[{"href":"https:\/\/so-xarxa.recursos.uoc.edu\/es\/wp-json\/wp\/v2\/pages\/45"}],"collection":[{"href":"https:\/\/so-xarxa.recursos.uoc.edu\/es\/wp-json\/wp\/v2\/pages"}],"about":[{"href":"https:\/\/so-xarxa.recursos.uoc.edu\/es\/wp-json\/wp\/v2\/types\/page"}],"author":[{"embeddable":true,"href":"https:\/\/so-xarxa.recursos.uoc.edu\/es\/wp-json\/wp\/v2\/users\/2"}],"replies":[{"embeddable":true,"href":"https:\/\/so-xarxa.recursos.uoc.edu\/es\/wp-json\/wp\/v2\/comments?post=45"}],"version-history":[{"count":1,"href":"https:\/\/so-xarxa.recursos.uoc.edu\/es\/wp-json\/wp\/v2\/pages\/45\/revisions"}],"predecessor-version":[{"id":46,"href":"https:\/\/so-xarxa.recursos.uoc.edu\/es\/wp-json\/wp\/v2\/pages\/45\/revisions\/46"}],"wp:attachment":[{"href":"https:\/\/so-xarxa.recursos.uoc.edu\/es\/wp-json\/wp\/v2\/media?parent=45"}],"curies":[{"name":"wp","href":"https:\/\/api.w.org\/{rel}","templated":true}]}}