{"id":41,"date":"2024-01-09T11:00:12","date_gmt":"2024-01-09T10:00:12","guid":{"rendered":"https:\/\/so-xarxa.recursos.uoc.edu\/?page_id=41"},"modified":"2024-01-10T11:34:22","modified_gmt":"2024-01-10T10:34:22","slug":"objetivos","status":"publish","type":"page","link":"https:\/\/so-xarxa.recursos.uoc.edu\/es\/objetivos\/","title":{"rendered":"Objetivos"},"content":{"rendered":"<ol>\n<li>Emplear el sonido, su generaci\u00f3n y su tratamiento en contextos colaborativos de Internet basados en la \u00faltima tecnolog\u00eda Web.<\/li>\n<li>Integrar y gestionar contenidos sonoros en aplicaciones multimodales de acuerdo con criterios colaborativos.<\/li>\n<\/ol>\n","protected":false},"excerpt":{"rendered":"<p>Emplear el sonido, su generaci\u00f3n y su tratamiento en contextos colaborativos de Internet basados en la \u00faltima tecnolog\u00eda Web. Integrar y gestionar contenidos sonoros en aplicaciones multimodales de acuerdo con criterios colaborativos.<\/p>\n","protected":false},"author":2,"featured_media":0,"parent":0,"menu_order":0,"comment_status":"closed","ping_status":"closed","template":"","meta":{"footnotes":""},"acf":[],"_links":{"self":[{"href":"https:\/\/so-xarxa.recursos.uoc.edu\/es\/wp-json\/wp\/v2\/pages\/41"}],"collection":[{"href":"https:\/\/so-xarxa.recursos.uoc.edu\/es\/wp-json\/wp\/v2\/pages"}],"about":[{"href":"https:\/\/so-xarxa.recursos.uoc.edu\/es\/wp-json\/wp\/v2\/types\/page"}],"author":[{"embeddable":true,"href":"https:\/\/so-xarxa.recursos.uoc.edu\/es\/wp-json\/wp\/v2\/users\/2"}],"replies":[{"embeddable":true,"href":"https:\/\/so-xarxa.recursos.uoc.edu\/es\/wp-json\/wp\/v2\/comments?post=41"}],"version-history":[{"count":2,"href":"https:\/\/so-xarxa.recursos.uoc.edu\/es\/wp-json\/wp\/v2\/pages\/41\/revisions"}],"predecessor-version":[{"id":375,"href":"https:\/\/so-xarxa.recursos.uoc.edu\/es\/wp-json\/wp\/v2\/pages\/41\/revisions\/375"}],"wp:attachment":[{"href":"https:\/\/so-xarxa.recursos.uoc.edu\/es\/wp-json\/wp\/v2\/media?parent=41"}],"curies":[{"name":"wp","href":"https:\/\/api.w.org\/{rel}","templated":true}]}}