{"id":39,"date":"2024-01-09T10:52:25","date_gmt":"2024-01-09T09:52:25","guid":{"rendered":"https:\/\/so-xarxa.recursos.uoc.edu\/?page_id=39"},"modified":"2024-01-26T09:23:10","modified_gmt":"2024-01-26T08:23:10","slug":"introduccion","status":"publish","type":"page","link":"https:\/\/so-xarxa.recursos.uoc.edu\/es\/","title":{"rendered":"Introducci\u00f3n"},"content":{"rendered":"<h2>Contexto y relevancia del sonido en l\u00ednea<\/h2>\n<p>En la era digital en la que vivimos, el sonido es un elemento fundamental en la comunicaci\u00f3n a trav\u00e9s de la red. Actualmente la mayor\u00eda de personas est\u00e1n conectadas de forma casi permanente y consumiendo habitualmente productos en los que el sonido es parte imprescindible y fundamental, contribuyendo a que la experiencia de usuario sea satisfactoria.<\/p>\n<p>El tr\u00e1fico de Internet crece a\u00f1o a a\u00f1o as\u00ed como tambi\u00e9n van aumentando las prestaciones de los servicios que el usuario puede recibir, con m\u00e1s calidad, m\u00e1s ancho de banda y m\u00e1s rapidez, lo que provoca que el contenido multimedia, incluido el sonido, cobre cada vez una importancia mayor.<\/p>\n<p>Algo tan simple como poner una m\u00fasica adecuada a un peque\u00f1o video que despu\u00e9s va a ser compartido y viralizado en una red social se ha convertido en algo habitual. Esto pone de manifiesto la importancia del sonido en la comunicaci\u00f3n y su gran presencia.<\/p>\n<p>El sonido en la red y su avance tecnol\u00f3gico imparable ha propiciado algunos cambios de paradigma a los cuales ya estamos habituados. No es extra\u00f1o poder escuchar cualquier canci\u00f3n desde cualquier dispositivo conectado, poder elegir entre una multitud de p\u00f3dcast en pocos segundos o acceder a una de las miles de emisoras de radio que podemos tener en la palma de nuestra mano a trav\u00e9s de plataformas, aplicaciones o webs.<\/p>\n<p>Disponemos de herramientas en l\u00ednea que nos permiten grabar y editar sonido as\u00ed como trabajar de forma colaborativa. Elementos de sonido que se consolidan como los p\u00f3dcast o los audiolibros y que permiten un acceso m\u00e1s f\u00e1cil al conocimiento. Multitud de plataformas donde publicar, compartir, monetizar o consumir diferentes productos sonoros. El sonido tiene por tanto, su espacio y su lugar en un mundo que est\u00e1 cada vez m\u00e1s en red.<\/p>\n","protected":false},"excerpt":{"rendered":"<p>Contexto y relevancia del sonido en l\u00ednea En la era digital en la que vivimos, el sonido es un elemento fundamental en la comunicaci\u00f3n a trav\u00e9s de la red. Actualmente la mayor\u00eda de personas est\u00e1n conectadas de forma casi permanente y consumiendo habitualmente productos en los que el sonido es parte imprescindible y fundamental, contribuyendo [&hellip;]<\/p>\n","protected":false},"author":2,"featured_media":0,"parent":0,"menu_order":0,"comment_status":"closed","ping_status":"closed","template":"","meta":{"footnotes":""},"acf":[],"_links":{"self":[{"href":"https:\/\/so-xarxa.recursos.uoc.edu\/es\/wp-json\/wp\/v2\/pages\/39"}],"collection":[{"href":"https:\/\/so-xarxa.recursos.uoc.edu\/es\/wp-json\/wp\/v2\/pages"}],"about":[{"href":"https:\/\/so-xarxa.recursos.uoc.edu\/es\/wp-json\/wp\/v2\/types\/page"}],"author":[{"embeddable":true,"href":"https:\/\/so-xarxa.recursos.uoc.edu\/es\/wp-json\/wp\/v2\/users\/2"}],"replies":[{"embeddable":true,"href":"https:\/\/so-xarxa.recursos.uoc.edu\/es\/wp-json\/wp\/v2\/comments?post=39"}],"version-history":[{"count":2,"href":"https:\/\/so-xarxa.recursos.uoc.edu\/es\/wp-json\/wp\/v2\/pages\/39\/revisions"}],"predecessor-version":[{"id":402,"href":"https:\/\/so-xarxa.recursos.uoc.edu\/es\/wp-json\/wp\/v2\/pages\/39\/revisions\/402"}],"wp:attachment":[{"href":"https:\/\/so-xarxa.recursos.uoc.edu\/es\/wp-json\/wp\/v2\/media?parent=39"}],"curies":[{"name":"wp","href":"https:\/\/api.w.org\/{rel}","templated":true}]}}