{"id":321,"date":"2024-01-09T14:19:34","date_gmt":"2024-01-09T13:19:34","guid":{"rendered":"https:\/\/so-xarxa.recursos.uoc.edu\/?page_id=321"},"modified":"2024-03-19T14:53:53","modified_gmt":"2024-03-19T13:53:53","slug":"6-3-4-voicemeeter","status":"publish","type":"page","link":"https:\/\/so-xarxa.recursos.uoc.edu\/es\/6-3-4-voicemeeter\/","title":{"rendered":"6.3.4. Voicemeeter"},"content":{"rendered":"<p>Voicemeeter es una aplicaci\u00f3n que puede conectar y mezclar diferentes fuentes de audio con cualquier aplicaci\u00f3n. Micr\u00f3fonos, tarjetas de sonido, m\u00fasica, una llamada de Skype, sonido de videojuegos, Teamspeak, Discord, etc.<\/p>\n<p>Las mezclas se pueden enviar a buses, que se pueden conectar a dispositivos de hardware y a programas de software. Las mezclas incluso se pueden transmitir a otros PC o dispositivos m\u00f3viles.<\/p>\n<p>Es un mezclador avanzado, pero tambi\u00e9n es una tarjeta de sonido multicanal, permitiendo ser utilizado por todas las aplicaciones como un dispositivo de reproducci\u00f3n y grabaci\u00f3n con ocho entradas y ocho salidas. Ofrece efectos de audio del tipo ecualizador multibanda, limitador, reverberaci\u00f3n, eco, puerta de ruido y m\u00e1s. Incluye un potente protocolo de audio sobre IP y transmite audio multicanal de alta calidad a trav\u00e9s de la red local a otros PC, y dispositivos m\u00f3viles iOS y Android.<\/p>\n<p>Puede tener muchas aplicaciones, pero claramente est\u00e1 indicado para realizar podcasting o emisiones en directo de audio con un \u00fanico PC donde mezclar todas las fuentes de audio.<\/p>\n<p>Dispone de tres versiones para Windows: Standard, soluci\u00f3n b\u00e1sica para combinar con una sola aplicaci\u00f3n; Banana, versi\u00f3n muy recomendable para conferencias en l\u00ednea, videojugadores o podcasting incluyendo efectos de voz profesionales y grabaci\u00f3n multipista, y, por \u00faltimo, Potato, pensada para profesionales del audio que trabajan con p\u00f3dcast complejos o para emisoras de radio.<\/p>\n<p>En su web dispone de videotutoriales y diferentes gu\u00edas de usuario que facilitan su uso en varios escenarios y configuraciones diferentes.<\/p>\n<p>Voicemeeter es de uso gratuito y tiene todas las funciones disponibles. Pero se espera que el usuario pague una licencia si lo encuentra \u00fatil o si hace alg\u00fan uso profesional. Su modelo de donaci\u00f3n permite seleccionar el importe en su tienda web con varias opciones.<\/p>\n<div class=\"featured featured-grey\"><p><a href=\"https:\/\/voicemeeter.com\/\" target=\"_blank\" rel=\"noopener\">https:\/\/voicemeeter.com\/<\/a><\/p>\n<\/div>\n<figure id=\"attachment_134\" aria-describedby=\"caption-attachment-134\" style=\"width: 640px\" class=\"wp-caption alignnone\"><img loading=\"lazy\" decoding=\"async\" class=\"wp-image-134 size-large\" src=\"\/wp-content\/uploads\/2024\/01\/image039-1024x497.png\" alt=\"\" width=\"640\" height=\"311\" srcset=\"\/wp-content\/uploads\/2024\/01\/image039-1024x497.png 1024w, \/wp-content\/uploads\/2024\/01\/image039-300x146.png 300w, \/wp-content\/uploads\/2024\/01\/image039-768x373.png 768w, \/wp-content\/uploads\/2024\/01\/image039.png 1434w\" sizes=\"(max-width: 640px) 100vw, 640px\" \/><figcaption id=\"caption-attachment-134\" class=\"wp-caption-text\">Figura 6.3. P\u00e1gina principal de Voicemeeter.<br \/>Fuente: elaboraci\u00f3n propia.<\/figcaption><\/figure>\n","protected":false},"excerpt":{"rendered":"<p>Voicemeeter es una aplicaci\u00f3n que puede conectar y mezclar diferentes fuentes de audio con cualquier aplicaci\u00f3n. Micr\u00f3fonos, tarjetas de sonido, m\u00fasica, una llamada de Skype, sonido de videojuegos, Teamspeak, Discord, etc. Las mezclas se pueden enviar a buses, que se pueden conectar a dispositivos de hardware y a programas de software. Las mezclas incluso se [&hellip;]<\/p>\n","protected":false},"author":2,"featured_media":0,"parent":0,"menu_order":0,"comment_status":"closed","ping_status":"closed","template":"","meta":{"footnotes":""},"acf":[],"_links":{"self":[{"href":"https:\/\/so-xarxa.recursos.uoc.edu\/es\/wp-json\/wp\/v2\/pages\/321"}],"collection":[{"href":"https:\/\/so-xarxa.recursos.uoc.edu\/es\/wp-json\/wp\/v2\/pages"}],"about":[{"href":"https:\/\/so-xarxa.recursos.uoc.edu\/es\/wp-json\/wp\/v2\/types\/page"}],"author":[{"embeddable":true,"href":"https:\/\/so-xarxa.recursos.uoc.edu\/es\/wp-json\/wp\/v2\/users\/2"}],"replies":[{"embeddable":true,"href":"https:\/\/so-xarxa.recursos.uoc.edu\/es\/wp-json\/wp\/v2\/comments?post=321"}],"version-history":[{"count":8,"href":"https:\/\/so-xarxa.recursos.uoc.edu\/es\/wp-json\/wp\/v2\/pages\/321\/revisions"}],"predecessor-version":[{"id":746,"href":"https:\/\/so-xarxa.recursos.uoc.edu\/es\/wp-json\/wp\/v2\/pages\/321\/revisions\/746"}],"wp:attachment":[{"href":"https:\/\/so-xarxa.recursos.uoc.edu\/es\/wp-json\/wp\/v2\/media?parent=321"}],"curies":[{"name":"wp","href":"https:\/\/api.w.org\/{rel}","templated":true}]}}