{"id":319,"date":"2024-01-09T14:17:58","date_gmt":"2024-01-09T13:17:58","guid":{"rendered":"https:\/\/so-xarxa.recursos.uoc.edu\/?page_id=319"},"modified":"2024-03-19T14:51:16","modified_gmt":"2024-03-19T13:51:16","slug":"6-3-3-butt","status":"publish","type":"page","link":"https:\/\/so-xarxa.recursos.uoc.edu\/es\/6-3-3-butt\/","title":{"rendered":"6.3.3. BUTT"},"content":{"rendered":"<p>BUTT (Broadcast Using This Tool) es una herramienta gratuita de transmisi\u00f3n. Es compatible con servidores del tipo Shoutcast e Icecast y se ejecuta en Linux, Mac OS X y Windows. El objetivo principal de BUTT es transmitir datos de audio en directo desde un ordenador a un servidor Shoutcast o Icecast. Tambi\u00e9n permite grabar la sesi\u00f3n.<\/p>\n<p>En la configuraci\u00f3n de audio se puede determinar si la emisi\u00f3n ser\u00e1 mono o est\u00e9reo, la frecuencia de muestreo habitualmente 44100 Hz o 48000 Hz, y el dispositivo de audio principal que determinar\u00e1 lo que se emite.<\/p>\n<p>Se puede transmitir en cinco c\u00f3decs de audio diferentes: mp3, aac+, ogg\/vorbis, ogg\/opus y ogg\/FLAC. Si la reproducci\u00f3n dispone de un fichero con el nombre del archivo o canci\u00f3n que est\u00e1 reproduciendo, permite que se env\u00ede esta informaci\u00f3n al servidor y, por tanto, al oyente.<\/p>\n<p>Dispone de un ecualizador multibanda con algunas configuraciones predeterminadas, a la vez que ofrece la posibilidad de activar un compresor de rango din\u00e1mico.<\/p>\n<p>En la parte de visualizaci\u00f3n informa del tiempo que lleva el <em>streaming<\/em> activo, un v\u00fametro est\u00e9reo, botones para grabar o iniciar y parar la transmisi\u00f3n, un control de volumen y una visualizaci\u00f3n de lo que va almacenando en el fichero de log.<\/p>\n<figure id=\"attachment_132\" aria-describedby=\"caption-attachment-132\" style=\"width: 408px\" class=\"wp-caption alignnone\"><img loading=\"lazy\" decoding=\"async\" class=\"wp-image-132 size-full\" src=\"\/wp-content\/uploads\/2024\/01\/image038.png\" alt=\"\" width=\"408\" height=\"367\" srcset=\"\/wp-content\/uploads\/2024\/01\/image038.png 408w, \/wp-content\/uploads\/2024\/01\/image038-300x270.png 300w\" sizes=\"(max-width: 408px) 100vw, 408px\" \/><figcaption id=\"caption-attachment-132\" class=\"wp-caption-text\">Figura 6.2. Interfaz de BUTT.<br \/>Fuente: elaboraci\u00f3n propia.<\/figcaption><\/figure>\n","protected":false},"excerpt":{"rendered":"<p>BUTT (Broadcast Using This Tool) es una herramienta gratuita de transmisi\u00f3n. Es compatible con servidores del tipo Shoutcast e Icecast y se ejecuta en Linux, Mac OS X y Windows. El objetivo principal de BUTT es transmitir datos de audio en directo desde un ordenador a un servidor Shoutcast o Icecast. Tambi\u00e9n permite grabar la [&hellip;]<\/p>\n","protected":false},"author":2,"featured_media":0,"parent":0,"menu_order":0,"comment_status":"closed","ping_status":"closed","template":"","meta":{"footnotes":""},"acf":[],"_links":{"self":[{"href":"https:\/\/so-xarxa.recursos.uoc.edu\/es\/wp-json\/wp\/v2\/pages\/319"}],"collection":[{"href":"https:\/\/so-xarxa.recursos.uoc.edu\/es\/wp-json\/wp\/v2\/pages"}],"about":[{"href":"https:\/\/so-xarxa.recursos.uoc.edu\/es\/wp-json\/wp\/v2\/types\/page"}],"author":[{"embeddable":true,"href":"https:\/\/so-xarxa.recursos.uoc.edu\/es\/wp-json\/wp\/v2\/users\/2"}],"replies":[{"embeddable":true,"href":"https:\/\/so-xarxa.recursos.uoc.edu\/es\/wp-json\/wp\/v2\/comments?post=319"}],"version-history":[{"count":5,"href":"https:\/\/so-xarxa.recursos.uoc.edu\/es\/wp-json\/wp\/v2\/pages\/319\/revisions"}],"predecessor-version":[{"id":743,"href":"https:\/\/so-xarxa.recursos.uoc.edu\/es\/wp-json\/wp\/v2\/pages\/319\/revisions\/743"}],"wp:attachment":[{"href":"https:\/\/so-xarxa.recursos.uoc.edu\/es\/wp-json\/wp\/v2\/media?parent=319"}],"curies":[{"name":"wp","href":"https:\/\/api.w.org\/{rel}","templated":true}]}}