{"id":314,"date":"2024-01-09T14:15:27","date_gmt":"2024-01-09T13:15:27","guid":{"rendered":"https:\/\/so-xarxa.recursos.uoc.edu\/?page_id=314"},"modified":"2024-01-26T09:58:57","modified_gmt":"2024-01-26T08:58:57","slug":"6-3-1-giss","status":"publish","type":"page","link":"https:\/\/so-xarxa.recursos.uoc.edu\/es\/6-3-1-giss\/","title":{"rendered":"6.3.2. GISS"},"content":{"rendered":"<p>GISS (Global Independent Streaming Support) es una plataforma para la experimentaci\u00f3n y la investigaci\u00f3n sobre tecnolog\u00edas libres en la era de los medios de Internet con el apoyo de varias entidades dedicadas a promover una Internet sin censura. Est\u00e1 formada por una red de voluntarios que ofrecen herramientas de trasmisi\u00f3n para medios sin \u00e1nimo de lucro.<\/p>\n<p>Con la idea de dar voz a experiencias multimedia independientes, alrededor de cien emisoras de radio utilizan esta plataforma. Tambi\u00e9n flujos de video creados para eventos especiales como \u00a0el Foro Social Mundial y el Foro Social Europeo o eventos de software libre.<\/p>\n<p>Al crear un canal de audio o de video en GISS se asume que se transmite bajo licencias <em>copyleft<\/em> como Creative Commons y que no se va a hacer ning\u00fan uso de tipo comercial.<\/p>\n<p>Crear un canal de transmisi\u00f3n es sencillo, tan solo hay que acceder al enlace \u00abCreate your channel\u00bb des de la p\u00e1gina principal y proporcionar el punto de montaje que no debe contener caracteres especiales y acabar en .mp3 o .ogg, un correo electr\u00f3nico, descripci\u00f3n, palabras claves, si es o no p\u00fablico, web del canal y URL del logo, finalmente si el contenido es en directo, grabado o los dos. Luego presionando en el bot\u00f3n \u00abadd mountpoint\u00bb se env\u00eda la solicitud.<\/p>\n<p>Cuando la solicitud es aceptada, se confirma el punto de montaje, supongamos que es miCanal.mp3, la direcci\u00f3n habitualmente ser\u00e1 del estilo <a href=\"http:\/\/giss.tv:8000\/miCanal.mp3\" target=\"_blank\" rel=\"noopener\">http:\/\/giss.tv:8000\/miCanal.mp3<\/a>.<\/p>\n<p>Es importante tener en cuenta que GISS es un servidor del tipo icecast2. Es un dato necesario para configurar posteriormente el software que enviar\u00e1 el audio en directo.<\/p>\n<p>Introduciendo la direcci\u00f3n anterior en un navegador actual o como enlace en una p\u00e1gina web permitir\u00e1 escuchar directamente el streaming con el reproductor por defecto del navegador.<\/p>\n<p>Se puede crear una interfaz sencilla que contendr\u00e1 el logo, la web, un reproductor incrustado, un chat y un mapa de los oyentes en tiempo real, adem\u00e1s de las estad\u00edsticas de la audiencia en las \u00faltimas veinticuatro horas.<\/p>\n<p>GISS proporciona herramientas estad\u00edsticas individuales y configurables en el tiempo para medir las audiencias, as\u00ed como estad\u00edsticas agregadas para evaluar el impacto colectivo.<\/p>\n<div class=\"featured featured-grey\"><p><a href=\"https:\/\/giss.tv\/\" target=\"_blank\" rel=\"noopener\">https:\/\/giss.tv\/<\/a><\/p>\n<\/div>\n<figure id=\"attachment_130\" aria-describedby=\"caption-attachment-130\" style=\"width: 640px\" class=\"wp-caption alignnone\"><img loading=\"lazy\" decoding=\"async\" class=\"wp-image-130 size-large\" src=\"\/wp-content\/uploads\/2024\/01\/image037-1024x551.png\" alt=\"\" width=\"640\" height=\"344\" srcset=\"\/wp-content\/uploads\/2024\/01\/image037-1024x551.png 1024w, \/wp-content\/uploads\/2024\/01\/image037-300x161.png 300w, \/wp-content\/uploads\/2024\/01\/image037-768x413.png 768w, \/wp-content\/uploads\/2024\/01\/image037.png 1529w\" sizes=\"(max-width: 640px) 100vw, 640px\" \/><figcaption id=\"caption-attachment-130\" class=\"wp-caption-text\">Figura 6.1. P\u00e1gina principal de GISS.<br \/>Fuente: elaboraci\u00f3n propia.<\/figcaption><\/figure>\n","protected":false},"excerpt":{"rendered":"<p>GISS (Global Independent Streaming Support) es una plataforma para la experimentaci\u00f3n y la investigaci\u00f3n sobre tecnolog\u00edas libres en la era de los medios de Internet con el apoyo de varias entidades dedicadas a promover una Internet sin censura. Est\u00e1 formada por una red de voluntarios que ofrecen herramientas de trasmisi\u00f3n para medios sin \u00e1nimo de [&hellip;]<\/p>\n","protected":false},"author":2,"featured_media":0,"parent":0,"menu_order":0,"comment_status":"closed","ping_status":"closed","template":"","meta":{"footnotes":""},"acf":[],"_links":{"self":[{"href":"https:\/\/so-xarxa.recursos.uoc.edu\/es\/wp-json\/wp\/v2\/pages\/314"}],"collection":[{"href":"https:\/\/so-xarxa.recursos.uoc.edu\/es\/wp-json\/wp\/v2\/pages"}],"about":[{"href":"https:\/\/so-xarxa.recursos.uoc.edu\/es\/wp-json\/wp\/v2\/types\/page"}],"author":[{"embeddable":true,"href":"https:\/\/so-xarxa.recursos.uoc.edu\/es\/wp-json\/wp\/v2\/users\/2"}],"replies":[{"embeddable":true,"href":"https:\/\/so-xarxa.recursos.uoc.edu\/es\/wp-json\/wp\/v2\/comments?post=314"}],"version-history":[{"count":5,"href":"https:\/\/so-xarxa.recursos.uoc.edu\/es\/wp-json\/wp\/v2\/pages\/314\/revisions"}],"predecessor-version":[{"id":424,"href":"https:\/\/so-xarxa.recursos.uoc.edu\/es\/wp-json\/wp\/v2\/pages\/314\/revisions\/424"}],"wp:attachment":[{"href":"https:\/\/so-xarxa.recursos.uoc.edu\/es\/wp-json\/wp\/v2\/media?parent=314"}],"curies":[{"name":"wp","href":"https:\/\/api.w.org\/{rel}","templated":true}]}}