{"id":312,"date":"2024-01-09T14:13:37","date_gmt":"2024-01-09T13:13:37","guid":{"rendered":"https:\/\/so-xarxa.recursos.uoc.edu\/?page_id=312"},"modified":"2024-01-09T14:13:37","modified_gmt":"2024-01-09T13:13:37","slug":"6-3-1-introduccion","status":"publish","type":"page","link":"https:\/\/so-xarxa.recursos.uoc.edu\/es\/6-3-1-introduccion\/","title":{"rendered":"6.3.1. Introducci\u00f3n"},"content":{"rendered":"<p>El servidor es el que va a recibir todas las demandas de audio por parte de la audiencia, que sea robusto, fiable y con capacidad de albergar un n\u00famero de oyentes simult\u00e1neos suficiente, son caracter\u00edsticas importantes que se deben evaluar en funci\u00f3n del tama\u00f1o del proyecto a realizar.<\/p>\n<p>Mostraremos tambi\u00e9n dos herramientas de las muchas que se pueden utilizar, estas destacan por su sencillez, gratuidad, especificidad y uso extendido.<\/p>\n","protected":false},"excerpt":{"rendered":"<p>El servidor es el que va a recibir todas las demandas de audio por parte de la audiencia, que sea robusto, fiable y con capacidad de albergar un n\u00famero de oyentes simult\u00e1neos suficiente, son caracter\u00edsticas importantes que se deben evaluar en funci\u00f3n del tama\u00f1o del proyecto a realizar. Mostraremos tambi\u00e9n dos herramientas de las muchas [&hellip;]<\/p>\n","protected":false},"author":2,"featured_media":0,"parent":0,"menu_order":0,"comment_status":"closed","ping_status":"closed","template":"","meta":{"footnotes":""},"acf":[],"_links":{"self":[{"href":"https:\/\/so-xarxa.recursos.uoc.edu\/es\/wp-json\/wp\/v2\/pages\/312"}],"collection":[{"href":"https:\/\/so-xarxa.recursos.uoc.edu\/es\/wp-json\/wp\/v2\/pages"}],"about":[{"href":"https:\/\/so-xarxa.recursos.uoc.edu\/es\/wp-json\/wp\/v2\/types\/page"}],"author":[{"embeddable":true,"href":"https:\/\/so-xarxa.recursos.uoc.edu\/es\/wp-json\/wp\/v2\/users\/2"}],"replies":[{"embeddable":true,"href":"https:\/\/so-xarxa.recursos.uoc.edu\/es\/wp-json\/wp\/v2\/comments?post=312"}],"version-history":[{"count":1,"href":"https:\/\/so-xarxa.recursos.uoc.edu\/es\/wp-json\/wp\/v2\/pages\/312\/revisions"}],"predecessor-version":[{"id":313,"href":"https:\/\/so-xarxa.recursos.uoc.edu\/es\/wp-json\/wp\/v2\/pages\/312\/revisions\/313"}],"wp:attachment":[{"href":"https:\/\/so-xarxa.recursos.uoc.edu\/es\/wp-json\/wp\/v2\/media?parent=312"}],"curies":[{"name":"wp","href":"https:\/\/api.w.org\/{rel}","templated":true}]}}