{"id":305,"date":"2024-01-09T14:10:36","date_gmt":"2024-01-09T13:10:36","guid":{"rendered":"https:\/\/so-xarxa.recursos.uoc.edu\/?page_id=305"},"modified":"2024-04-19T10:08:42","modified_gmt":"2024-04-19T08:08:42","slug":"6-2-4-reproductores","status":"publish","type":"page","link":"https:\/\/so-xarxa.recursos.uoc.edu\/es\/6-2-4-reproductores\/","title":{"rendered":"6.2.4. Reproductores"},"content":{"rendered":"<p>Los oyentes utilizan reproductores para acceder y reproducir el contenido de audio en directo. Pueden ser reproductores integrados en sitios web, aplicaciones m\u00f3viles espec\u00edficas o software de reproducci\u00f3n de audio en sus dispositivos.<\/p>\n","protected":false},"excerpt":{"rendered":"<p>Los oyentes utilizan reproductores para acceder y reproducir el contenido de audio en directo. Pueden ser reproductores integrados en sitios web, aplicaciones m\u00f3viles espec\u00edficas o software de reproducci\u00f3n de audio en sus dispositivos.<\/p>\n","protected":false},"author":2,"featured_media":0,"parent":0,"menu_order":0,"comment_status":"closed","ping_status":"closed","template":"","meta":{"footnotes":""},"acf":[],"_links":{"self":[{"href":"https:\/\/so-xarxa.recursos.uoc.edu\/es\/wp-json\/wp\/v2\/pages\/305"}],"collection":[{"href":"https:\/\/so-xarxa.recursos.uoc.edu\/es\/wp-json\/wp\/v2\/pages"}],"about":[{"href":"https:\/\/so-xarxa.recursos.uoc.edu\/es\/wp-json\/wp\/v2\/types\/page"}],"author":[{"embeddable":true,"href":"https:\/\/so-xarxa.recursos.uoc.edu\/es\/wp-json\/wp\/v2\/users\/2"}],"replies":[{"embeddable":true,"href":"https:\/\/so-xarxa.recursos.uoc.edu\/es\/wp-json\/wp\/v2\/comments?post=305"}],"version-history":[{"count":3,"href":"https:\/\/so-xarxa.recursos.uoc.edu\/es\/wp-json\/wp\/v2\/pages\/305\/revisions"}],"predecessor-version":[{"id":766,"href":"https:\/\/so-xarxa.recursos.uoc.edu\/es\/wp-json\/wp\/v2\/pages\/305\/revisions\/766"}],"wp:attachment":[{"href":"https:\/\/so-xarxa.recursos.uoc.edu\/es\/wp-json\/wp\/v2\/media?parent=305"}],"curies":[{"name":"wp","href":"https:\/\/api.w.org\/{rel}","templated":true}]}}