{"id":301,"date":"2024-01-09T14:08:55","date_gmt":"2024-01-09T13:08:55","guid":{"rendered":"https:\/\/so-xarxa.recursos.uoc.edu\/?page_id=301"},"modified":"2024-04-19T10:07:55","modified_gmt":"2024-04-19T08:07:55","slug":"6-2-3-servidor-de-streaming","status":"publish","type":"page","link":"https:\/\/so-xarxa.recursos.uoc.edu\/es\/6-2-3-servidor-de-streaming\/","title":{"rendered":"6.2.3. Servidor de streaming"},"content":{"rendered":"<p>Un servidor de streaming es un componente esencial que distribuye el contenido de audio en directo a los oyentes. Este servidor garantiza una transmisi\u00f3n constante y de calidad. En streaming de audio, los dos tipos de servidores m\u00e1s utilizados son ShoutCast y IceCast. Aunque disponiendo de una conexi\u00f3n con suficiente ancho de banda es posible crear nuestro propio servidor localmente, lo habitual es que este sea externo. Enviamos nuestro audio en directo al servidor por lo que el ancho de banda necesario ser\u00e1 reducido y este lo distribuir\u00e1 a trav\u00e9s de la red. Veremos un ejemplo con GISS.<\/p>\n","protected":false},"excerpt":{"rendered":"<p>Un servidor de streaming es un componente esencial que distribuye el contenido de audio en directo a los oyentes. Este servidor garantiza una transmisi\u00f3n constante y de calidad. En streaming de audio, los dos tipos de servidores m\u00e1s utilizados son ShoutCast y IceCast. Aunque disponiendo de una conexi\u00f3n con suficiente ancho de banda es posible [&hellip;]<\/p>\n","protected":false},"author":2,"featured_media":0,"parent":0,"menu_order":0,"comment_status":"closed","ping_status":"closed","template":"","meta":{"footnotes":""},"acf":[],"_links":{"self":[{"href":"https:\/\/so-xarxa.recursos.uoc.edu\/es\/wp-json\/wp\/v2\/pages\/301"}],"collection":[{"href":"https:\/\/so-xarxa.recursos.uoc.edu\/es\/wp-json\/wp\/v2\/pages"}],"about":[{"href":"https:\/\/so-xarxa.recursos.uoc.edu\/es\/wp-json\/wp\/v2\/types\/page"}],"author":[{"embeddable":true,"href":"https:\/\/so-xarxa.recursos.uoc.edu\/es\/wp-json\/wp\/v2\/users\/2"}],"replies":[{"embeddable":true,"href":"https:\/\/so-xarxa.recursos.uoc.edu\/es\/wp-json\/wp\/v2\/comments?post=301"}],"version-history":[{"count":3,"href":"https:\/\/so-xarxa.recursos.uoc.edu\/es\/wp-json\/wp\/v2\/pages\/301\/revisions"}],"predecessor-version":[{"id":765,"href":"https:\/\/so-xarxa.recursos.uoc.edu\/es\/wp-json\/wp\/v2\/pages\/301\/revisions\/765"}],"wp:attachment":[{"href":"https:\/\/so-xarxa.recursos.uoc.edu\/es\/wp-json\/wp\/v2\/media?parent=301"}],"curies":[{"name":"wp","href":"https:\/\/api.w.org\/{rel}","templated":true}]}}