{"id":298,"date":"2024-01-09T14:07:24","date_gmt":"2024-01-09T13:07:24","guid":{"rendered":"https:\/\/so-xarxa.recursos.uoc.edu\/?page_id=298"},"modified":"2024-04-19T10:07:45","modified_gmt":"2024-04-19T08:07:45","slug":"6-2-2-codificacion-de-audio","status":"publish","type":"page","link":"https:\/\/so-xarxa.recursos.uoc.edu\/es\/6-2-2-codificacion-de-audio\/","title":{"rendered":"6.2.2. Codificaci\u00f3n de audio"},"content":{"rendered":"<p>Antes de que el audio se transmita, debe ser convertido a un formato adecuado. Habitualmente se puede realizar con un ordenador donde se reproducir\u00e1 el audio de una fuente externa o interna. La codificaci\u00f3n de audio implica comprimir el contenido para reducir su tama\u00f1o sin perder calidad o perdiendo la menos posible. Formatos comunes incluyen MP3, AAC y Ogg Vorbis. Diferentes software pueden realizar esta funci\u00f3n a la vez que lo env\u00edan al servidor de streaming. Por ejemplo BUTT, que veremos m\u00e1s adelante. Tambi\u00e9n el conocido OBS, aunque est\u00e1 pensado para la de video, puede hacer esta funci\u00f3n incluso si la trasmisi\u00f3n es de audio.<\/p>\n","protected":false},"excerpt":{"rendered":"<p>Antes de que el audio se transmita, debe ser convertido a un formato adecuado. Habitualmente se puede realizar con un ordenador donde se reproducir\u00e1 el audio de una fuente externa o interna. La codificaci\u00f3n de audio implica comprimir el contenido para reducir su tama\u00f1o sin perder calidad o perdiendo la menos posible. Formatos comunes incluyen [&hellip;]<\/p>\n","protected":false},"author":2,"featured_media":0,"parent":0,"menu_order":0,"comment_status":"closed","ping_status":"closed","template":"","meta":{"footnotes":""},"acf":[],"_links":{"self":[{"href":"https:\/\/so-xarxa.recursos.uoc.edu\/es\/wp-json\/wp\/v2\/pages\/298"}],"collection":[{"href":"https:\/\/so-xarxa.recursos.uoc.edu\/es\/wp-json\/wp\/v2\/pages"}],"about":[{"href":"https:\/\/so-xarxa.recursos.uoc.edu\/es\/wp-json\/wp\/v2\/types\/page"}],"author":[{"embeddable":true,"href":"https:\/\/so-xarxa.recursos.uoc.edu\/es\/wp-json\/wp\/v2\/users\/2"}],"replies":[{"embeddable":true,"href":"https:\/\/so-xarxa.recursos.uoc.edu\/es\/wp-json\/wp\/v2\/comments?post=298"}],"version-history":[{"count":3,"href":"https:\/\/so-xarxa.recursos.uoc.edu\/es\/wp-json\/wp\/v2\/pages\/298\/revisions"}],"predecessor-version":[{"id":764,"href":"https:\/\/so-xarxa.recursos.uoc.edu\/es\/wp-json\/wp\/v2\/pages\/298\/revisions\/764"}],"wp:attachment":[{"href":"https:\/\/so-xarxa.recursos.uoc.edu\/es\/wp-json\/wp\/v2\/media?parent=298"}],"curies":[{"name":"wp","href":"https:\/\/api.w.org\/{rel}","templated":true}]}}