{"id":296,"date":"2024-01-09T14:05:57","date_gmt":"2024-01-09T13:05:57","guid":{"rendered":"https:\/\/so-xarxa.recursos.uoc.edu\/?page_id=296"},"modified":"2024-04-19T10:07:34","modified_gmt":"2024-04-19T08:07:34","slug":"6-2-1-fuentes-de-audio","status":"publish","type":"page","link":"https:\/\/so-xarxa.recursos.uoc.edu\/es\/6-2-1-fuentes-de-audio\/","title":{"rendered":"6.2.1. Fuentes de audio"},"content":{"rendered":"<p>La fuente de audio es el punto de origen del contenido que se transmitir\u00e1 en directo. Puede ser una actuaci\u00f3n en directo, un micr\u00f3fono que captura la voz de un artista, una mezcla de audio de un evento, un programa de radio, etc. Tambi\u00e9n puede ser un ordenador, recibiendo alguna de las fuentes anteriores, reproduciendo un archivo de audio o mezclando el audio de un micr\u00f3fono USB con m\u00fasica almacenada localmente.<\/p>\n","protected":false},"excerpt":{"rendered":"<p>La fuente de audio es el punto de origen del contenido que se transmitir\u00e1 en directo. Puede ser una actuaci\u00f3n en directo, un micr\u00f3fono que captura la voz de un artista, una mezcla de audio de un evento, un programa de radio, etc. Tambi\u00e9n puede ser un ordenador, recibiendo alguna de las fuentes anteriores, reproduciendo [&hellip;]<\/p>\n","protected":false},"author":2,"featured_media":0,"parent":0,"menu_order":0,"comment_status":"closed","ping_status":"closed","template":"","meta":{"footnotes":""},"acf":[],"_links":{"self":[{"href":"https:\/\/so-xarxa.recursos.uoc.edu\/es\/wp-json\/wp\/v2\/pages\/296"}],"collection":[{"href":"https:\/\/so-xarxa.recursos.uoc.edu\/es\/wp-json\/wp\/v2\/pages"}],"about":[{"href":"https:\/\/so-xarxa.recursos.uoc.edu\/es\/wp-json\/wp\/v2\/types\/page"}],"author":[{"embeddable":true,"href":"https:\/\/so-xarxa.recursos.uoc.edu\/es\/wp-json\/wp\/v2\/users\/2"}],"replies":[{"embeddable":true,"href":"https:\/\/so-xarxa.recursos.uoc.edu\/es\/wp-json\/wp\/v2\/comments?post=296"}],"version-history":[{"count":3,"href":"https:\/\/so-xarxa.recursos.uoc.edu\/es\/wp-json\/wp\/v2\/pages\/296\/revisions"}],"predecessor-version":[{"id":763,"href":"https:\/\/so-xarxa.recursos.uoc.edu\/es\/wp-json\/wp\/v2\/pages\/296\/revisions\/763"}],"wp:attachment":[{"href":"https:\/\/so-xarxa.recursos.uoc.edu\/es\/wp-json\/wp\/v2\/media?parent=296"}],"curies":[{"name":"wp","href":"https:\/\/api.w.org\/{rel}","templated":true}]}}