{"id":290,"date":"2024-01-09T14:03:03","date_gmt":"2024-01-09T13:03:03","guid":{"rendered":"https:\/\/so-xarxa.recursos.uoc.edu\/?page_id=290"},"modified":"2024-01-09T14:04:32","modified_gmt":"2024-01-09T13:04:32","slug":"6-1-introduccion","status":"publish","type":"page","link":"https:\/\/so-xarxa.recursos.uoc.edu\/es\/6-1-introduccion\/","title":{"rendered":"6.1. Introducci\u00f3n"},"content":{"rendered":"<p>El streaming de audio en directo se refiere a la transmisi\u00f3n continua y en tiempo real de contenido de audio a trav\u00e9s de Internet. Este tipo de streaming permite a los usuarios escuchar audio en directo mientras se est\u00e1 produciendo, aunque en ocasiones tambi\u00e9n puede ser material grabado previamente.<\/p>\n<p>El streaming de audio en vivo es ampliamente utilizado en diversas aplicaciones, como emisoras de radio en l\u00ednea, p\u00f3dcast en vivo, conciertos en l\u00ednea, eventos deportivos y conferencias, entre otros.<\/p>\n<p>Aunque el streaming de video tiene mucha popularidad y cuenta con plataformas de gran audiencia como pueden ser YouTube o Twitch, la transmisi\u00f3n de audio representa una ventaja t\u00e9cnica al necesitar menos recursos para su desarrollo. No hay que preocuparse por c\u00e1maras o iluminaci\u00f3n, tan solo hay que conseguir un buen sonido. Tambi\u00e9n la transmisi\u00f3n de audio necesita un ancho de banda mucho menor para obtener una buena calidad.<\/p>\n<p>Para llevar a cabo un streaming de audio en directo, se requieren varios elementos esenciales que trabajan en conjunto para garantizar una transmisi\u00f3n fluida y de calidad.<\/p>\n","protected":false},"excerpt":{"rendered":"<p>El streaming de audio en directo se refiere a la transmisi\u00f3n continua y en tiempo real de contenido de audio a trav\u00e9s de Internet. Este tipo de streaming permite a los usuarios escuchar audio en directo mientras se est\u00e1 produciendo, aunque en ocasiones tambi\u00e9n puede ser material grabado previamente. El streaming de audio en vivo [&hellip;]<\/p>\n","protected":false},"author":2,"featured_media":0,"parent":0,"menu_order":0,"comment_status":"closed","ping_status":"closed","template":"","meta":{"footnotes":""},"acf":[],"_links":{"self":[{"href":"https:\/\/so-xarxa.recursos.uoc.edu\/es\/wp-json\/wp\/v2\/pages\/290"}],"collection":[{"href":"https:\/\/so-xarxa.recursos.uoc.edu\/es\/wp-json\/wp\/v2\/pages"}],"about":[{"href":"https:\/\/so-xarxa.recursos.uoc.edu\/es\/wp-json\/wp\/v2\/types\/page"}],"author":[{"embeddable":true,"href":"https:\/\/so-xarxa.recursos.uoc.edu\/es\/wp-json\/wp\/v2\/users\/2"}],"replies":[{"embeddable":true,"href":"https:\/\/so-xarxa.recursos.uoc.edu\/es\/wp-json\/wp\/v2\/comments?post=290"}],"version-history":[{"count":2,"href":"https:\/\/so-xarxa.recursos.uoc.edu\/es\/wp-json\/wp\/v2\/pages\/290\/revisions"}],"predecessor-version":[{"id":294,"href":"https:\/\/so-xarxa.recursos.uoc.edu\/es\/wp-json\/wp\/v2\/pages\/290\/revisions\/294"}],"wp:attachment":[{"href":"https:\/\/so-xarxa.recursos.uoc.edu\/es\/wp-json\/wp\/v2\/media?parent=290"}],"curies":[{"name":"wp","href":"https:\/\/api.w.org\/{rel}","templated":true}]}}