{"id":287,"date":"2024-01-09T14:01:05","date_gmt":"2024-01-09T13:01:05","guid":{"rendered":"https:\/\/so-xarxa.recursos.uoc.edu\/?page_id=287"},"modified":"2024-01-26T09:59:21","modified_gmt":"2024-01-26T08:59:21","slug":"5-3-7-youtube-music","status":"publish","type":"page","link":"https:\/\/so-xarxa.recursos.uoc.edu\/es\/5-3-7-youtube-music\/","title":{"rendered":"5.3.7. YouTube Music"},"content":{"rendered":"<p>En 2018 aparece YouTube Music para reemplazar a Google Play Music. Permite escuchar canciones, \u00e1lbumes, listas de reproducci\u00f3n, radios dedicadas a artistas y tambi\u00e9n videos musicales.<\/p>\n<p>Se puede utilizar de forma gratuita con la correspondiente inserci\u00f3n de anuncios aunque estos se pueden eliminar con el plan Premium que permite adem\u00e1s, escuchar las canciones en segundo plano y descargarlas para la reproducci\u00f3n sin conexi\u00f3n, opciones no disponibles en la versi\u00f3n gratuita.<\/p>\n<p>Su interfaz web as\u00ed como en las aplicaciones para Android, iOS, macOS o Progresive Web Aplication para Windows muestran tres opciones:<\/p>\n<ul>\n<li>\u00abInicio\u00bb que contiene un surtido variado de canciones.<\/li>\n<li>\u00abExplorar\u00bb que permite buscar de diferentes formas por g\u00e9nero, artista, canci\u00f3n, etc.<\/li>\n<li>\u00abBiblioteca\u00bb que contiene las listas creadas por el usuario.<\/li>\n<\/ul>\n<p>Ha aparecido una cuarta opci\u00f3n denominada \u00abMuestras\u00bb que al estilo de los videos cortos de YouTube muestra fragmentos de videos musicales que dan acceso a otros o a la canci\u00f3n completa.<\/p>\n<p>No es necesario iniciar sesi\u00f3n para poder escuchar m\u00fasica, aunque por supuesto esta ser\u00e1 con publicidad insertada. La principal caracter\u00edstica de YouTube Music es su asociaci\u00f3n entre audio y video, pudiendo presentar material contenido en YouTube como actuaciones en directo que no est\u00e1n disponibles en ninguna otra plataforma. La calidad a veces puede no ser la mejor, eso tambi\u00e9n hay que tenerlo en cuenta. La calidad de la transmisi\u00f3n puede ajustarse entre varios valores.<\/p>\n<div class=\"featured featured-grey\"><p><a href=\"https:\/\/music.youtube.com\/\" target=\"_blank\" rel=\"noopener\">https:\/\/music.youtube.com\/<\/a><\/p>\n<\/div>\n<figure id=\"attachment_128\" aria-describedby=\"caption-attachment-128\" style=\"width: 640px\" class=\"wp-caption alignnone\"><img loading=\"lazy\" decoding=\"async\" class=\"wp-image-128 size-large\" src=\"\/wp-content\/uploads\/2024\/01\/image036-1024x422.png\" alt=\"\" width=\"640\" height=\"264\" srcset=\"\/wp-content\/uploads\/2024\/01\/image036-1024x422.png 1024w, \/wp-content\/uploads\/2024\/01\/image036-300x124.png 300w, \/wp-content\/uploads\/2024\/01\/image036-768x316.png 768w, \/wp-content\/uploads\/2024\/01\/image036.png 1330w\" sizes=\"(max-width: 640px) 100vw, 640px\" \/><figcaption id=\"caption-attachment-128\" class=\"wp-caption-text\">Figura 5.9. P\u00e1gina principal de YouTube Music.<br \/>Fuente: elaboraci\u00f3n propia.<\/figcaption><\/figure>\n","protected":false},"excerpt":{"rendered":"<p>En 2018 aparece YouTube Music para reemplazar a Google Play Music. Permite escuchar canciones, \u00e1lbumes, listas de reproducci\u00f3n, radios dedicadas a artistas y tambi\u00e9n videos musicales. Se puede utilizar de forma gratuita con la correspondiente inserci\u00f3n de anuncios aunque estos se pueden eliminar con el plan Premium que permite adem\u00e1s, escuchar las canciones en segundo [&hellip;]<\/p>\n","protected":false},"author":2,"featured_media":0,"parent":0,"menu_order":0,"comment_status":"closed","ping_status":"closed","template":"","meta":{"footnotes":""},"acf":[],"_links":{"self":[{"href":"https:\/\/so-xarxa.recursos.uoc.edu\/es\/wp-json\/wp\/v2\/pages\/287"}],"collection":[{"href":"https:\/\/so-xarxa.recursos.uoc.edu\/es\/wp-json\/wp\/v2\/pages"}],"about":[{"href":"https:\/\/so-xarxa.recursos.uoc.edu\/es\/wp-json\/wp\/v2\/types\/page"}],"author":[{"embeddable":true,"href":"https:\/\/so-xarxa.recursos.uoc.edu\/es\/wp-json\/wp\/v2\/users\/2"}],"replies":[{"embeddable":true,"href":"https:\/\/so-xarxa.recursos.uoc.edu\/es\/wp-json\/wp\/v2\/comments?post=287"}],"version-history":[{"count":4,"href":"https:\/\/so-xarxa.recursos.uoc.edu\/es\/wp-json\/wp\/v2\/pages\/287\/revisions"}],"predecessor-version":[{"id":425,"href":"https:\/\/so-xarxa.recursos.uoc.edu\/es\/wp-json\/wp\/v2\/pages\/287\/revisions\/425"}],"wp:attachment":[{"href":"https:\/\/so-xarxa.recursos.uoc.edu\/es\/wp-json\/wp\/v2\/media?parent=287"}],"curies":[{"name":"wp","href":"https:\/\/api.w.org\/{rel}","templated":true}]}}