{"id":283,"date":"2024-01-09T13:57:52","date_gmt":"2024-01-09T12:57:52","guid":{"rendered":"https:\/\/so-xarxa.recursos.uoc.edu\/?page_id=283"},"modified":"2024-01-26T09:57:25","modified_gmt":"2024-01-26T08:57:25","slug":"5-3-6-tidal-music","status":"publish","type":"page","link":"https:\/\/so-xarxa.recursos.uoc.edu\/es\/5-3-6-tidal-music\/","title":{"rendered":"5.3.6. Tidal Music"},"content":{"rendered":"<p>Tidal Music es una de las plataformas de streaming de m\u00fasica que apuesta por ofrecer m\u00fasica con una alta calidad. Ofrece dos tipos de subscripciones principales la HiFi y la HiFi Plus. La primera con calidad CD o sea 16 bits y 44,1 kHz mientras que la segunda puede llegar hasta los 24 bits y 192 kHz incluyendo HiRes FLAC, Dolby Atmos, Sony 360 Reality Audio, FLAC y Master Quality Authenticated (MQA).<\/p>\n<p>Tidal Rising es su programa insignia que prioriza a los artistas a trav\u00e9s de la colaboraci\u00f3n musical, herramientas educativas, financiamiento y marketing para ayudarlos a crecer, prosperar y construir sus carreras. El lanzamiento del programa comienza en los EE. UU. y se ir\u00e1 expandiendo a otros pa\u00edses.<\/p>\n<p>Tidal Artist Home es donde los artistas pueden crear su perfil y personalizarlo con im\u00e1genes, informaciones y enlaces a sus redes sociales. Tambi\u00e9n dispone de un equipo de colaboradores que ayudan en esta tarea. Este espacio pretende ofrecer informaci\u00f3n sobre los fans en TIDAL y conectar con artistas similares.<\/p>\n<p>Tidal Originals, ofrece series de entrevistas, documentales y eventos especiales que acercan al usuario sus artistas favoritos.<\/p>\n<p>Tidal dispone tambi\u00e9n de un magazine (TIDAL Magazine) con informaci\u00f3n actualizada sobre todo lo relacionado con la m\u00fasica y la plataforma.<\/p>\n<p>Se puede acceder a trav\u00e9s de un navegador (Chrome o Firefox) o con la aplicaci\u00f3n para Windows, Andriod e iOS. Permite crear listas o unirse a sesiones en directo, de DJ o expertos musicales. Acceso a listas de reproducci\u00f3n seleccionadas realizadas por expertos. Tambi\u00e9n, v\u00eddeos y streamings en directo de alta calidad. La posibilidad de descargar los contenidos para la escucha sin conexi\u00f3n es otra de sus opciones.<\/p>\n<div class=\"featured featured-grey\"><p><a href=\"https:\/\/tidal.com\/\" target=\"_blank\" rel=\"noopener\">https:\/\/tidal.com\/<\/a><\/p>\n<\/div>\n<figure id=\"attachment_126\" aria-describedby=\"caption-attachment-126\" style=\"width: 640px\" class=\"wp-caption alignnone\"><img loading=\"lazy\" decoding=\"async\" class=\"wp-image-126 size-large\" src=\"\/wp-content\/uploads\/2024\/01\/image035-1024x536.png\" alt=\"\" width=\"640\" height=\"335\" srcset=\"\/wp-content\/uploads\/2024\/01\/image035-1024x536.png 1024w, \/wp-content\/uploads\/2024\/01\/image035-300x157.png 300w, \/wp-content\/uploads\/2024\/01\/image035-768x402.png 768w, \/wp-content\/uploads\/2024\/01\/image035.png 1494w\" sizes=\"(max-width: 640px) 100vw, 640px\" \/><figcaption id=\"caption-attachment-126\" class=\"wp-caption-text\">Figura 5.8. P\u00e1gina principal de TIDAL. <br \/>Fuente: elaboraci\u00f3n propia.<\/figcaption><\/figure>\n","protected":false},"excerpt":{"rendered":"<p>Tidal Music es una de las plataformas de streaming de m\u00fasica que apuesta por ofrecer m\u00fasica con una alta calidad. Ofrece dos tipos de subscripciones principales la HiFi y la HiFi Plus. La primera con calidad CD o sea 16 bits y 44,1 kHz mientras que la segunda puede llegar hasta los 24 bits y [&hellip;]<\/p>\n","protected":false},"author":2,"featured_media":0,"parent":0,"menu_order":0,"comment_status":"closed","ping_status":"closed","template":"","meta":{"footnotes":""},"acf":[],"_links":{"self":[{"href":"https:\/\/so-xarxa.recursos.uoc.edu\/es\/wp-json\/wp\/v2\/pages\/283"}],"collection":[{"href":"https:\/\/so-xarxa.recursos.uoc.edu\/es\/wp-json\/wp\/v2\/pages"}],"about":[{"href":"https:\/\/so-xarxa.recursos.uoc.edu\/es\/wp-json\/wp\/v2\/types\/page"}],"author":[{"embeddable":true,"href":"https:\/\/so-xarxa.recursos.uoc.edu\/es\/wp-json\/wp\/v2\/users\/2"}],"replies":[{"embeddable":true,"href":"https:\/\/so-xarxa.recursos.uoc.edu\/es\/wp-json\/wp\/v2\/comments?post=283"}],"version-history":[{"count":5,"href":"https:\/\/so-xarxa.recursos.uoc.edu\/es\/wp-json\/wp\/v2\/pages\/283\/revisions"}],"predecessor-version":[{"id":419,"href":"https:\/\/so-xarxa.recursos.uoc.edu\/es\/wp-json\/wp\/v2\/pages\/283\/revisions\/419"}],"wp:attachment":[{"href":"https:\/\/so-xarxa.recursos.uoc.edu\/es\/wp-json\/wp\/v2\/media?parent=283"}],"curies":[{"name":"wp","href":"https:\/\/api.w.org\/{rel}","templated":true}]}}