{"id":280,"date":"2024-01-09T13:55:56","date_gmt":"2024-01-09T12:55:56","guid":{"rendered":"https:\/\/so-xarxa.recursos.uoc.edu\/?page_id=280"},"modified":"2024-01-26T10:00:15","modified_gmt":"2024-01-26T09:00:15","slug":"5-3-5-apple-music","status":"publish","type":"page","link":"https:\/\/so-xarxa.recursos.uoc.edu\/es\/5-3-5-apple-music\/","title":{"rendered":"5.3.5. Apple Music"},"content":{"rendered":"<p>Apple Music es un servicio de streaming por suscripci\u00f3n. Se lanz\u00f3 en 2015 y no solo permite reproducir en streaming cualquiera de las canciones del cat\u00e1logo de iTunes, sino tambi\u00e9n acceder a la m\u00fasica que el usuario tenga guardada localmente.<\/p>\n<p>Como otras plataformas, ofrece recomendaciones adaptadas a los gustos del usuario, listas creadas a partir de estilos con m\u00fasica seleccionada por expertos. Cuenta con cuatro planes de suscripci\u00f3n, un plan individual, uno familiar, uno para los estudiantes universitarios y uno de voz con el que se puede acceder a Apple Music pero solo a trav\u00e9s de la voz y Siri en los dispositivos del usuario.<\/p>\n<p>Se puede utilizar Apple Music sin una suscripci\u00f3n que permitir\u00e1 escuchar la m\u00fasica comprada o que se encuentre en el dispositivo, pero no al resto de m\u00fasica que ofrece la plataforma. Est\u00e1 disponible v\u00eda web y en aplicaci\u00f3n para dispositivos iOS y Android, para macOS y tambi\u00e9n para Windows a trav\u00e9s de iTunes, aunque Apple ya ha lanzado una aplicaci\u00f3n de Apple Music para Windows disponible desde la Windows Store.<\/p>\n<p>Permite crear listas de reproducci\u00f3n, compartir m\u00fasica o listas y descargar la m\u00fasica que se desee para poder escucharla cuando no se dispone de conexi\u00f3n.<\/p>\n<p>Apple ha desarrollado su propia tecnolog\u00eda de compresi\u00f3n de audio sin p\u00e9rdidas llamada Apple Lossless Audio Codec (ALAC). Adem\u00e1s de AAC, todo el cat\u00e1logo de Apple Music ahora tambi\u00e9n est\u00e1 codificado utilizando ALAC en resoluciones que van desde 16 bits\/44,1 kHz (calidad CD) hasta 24 bits\/192 kHz.<\/p>\n<div class=\"featured featured-grey\"><p><a href=\"https:\/\/music.apple.com\/\" target=\"_blank\" rel=\"noopener\">https:\/\/music.apple.com\/<\/a><\/p>\n<\/div>\n<figure id=\"attachment_124\" aria-describedby=\"caption-attachment-124\" style=\"width: 640px\" class=\"wp-caption alignnone\"><img loading=\"lazy\" decoding=\"async\" class=\"wp-image-124 size-large\" src=\"\/wp-content\/uploads\/2024\/01\/image034-1024x507.png\" alt=\"\" width=\"640\" height=\"317\" srcset=\"\/wp-content\/uploads\/2024\/01\/image034-1024x507.png 1024w, \/wp-content\/uploads\/2024\/01\/image034-300x149.png 300w, \/wp-content\/uploads\/2024\/01\/image034-768x380.png 768w, \/wp-content\/uploads\/2024\/01\/image034.png 1496w\" sizes=\"(max-width: 640px) 100vw, 640px\" \/><figcaption id=\"caption-attachment-124\" class=\"wp-caption-text\">Figura 5.7. P\u00e1gina principal de Apple Music.<br \/>Fuente: elaboraci\u00f3n propia.<\/figcaption><\/figure>\n","protected":false},"excerpt":{"rendered":"<p>Apple Music es un servicio de streaming por suscripci\u00f3n. Se lanz\u00f3 en 2015 y no solo permite reproducir en streaming cualquiera de las canciones del cat\u00e1logo de iTunes, sino tambi\u00e9n acceder a la m\u00fasica que el usuario tenga guardada localmente. Como otras plataformas, ofrece recomendaciones adaptadas a los gustos del usuario, listas creadas a partir [&hellip;]<\/p>\n","protected":false},"author":2,"featured_media":0,"parent":0,"menu_order":0,"comment_status":"closed","ping_status":"closed","template":"","meta":{"footnotes":""},"acf":[],"_links":{"self":[{"href":"https:\/\/so-xarxa.recursos.uoc.edu\/es\/wp-json\/wp\/v2\/pages\/280"}],"collection":[{"href":"https:\/\/so-xarxa.recursos.uoc.edu\/es\/wp-json\/wp\/v2\/pages"}],"about":[{"href":"https:\/\/so-xarxa.recursos.uoc.edu\/es\/wp-json\/wp\/v2\/types\/page"}],"author":[{"embeddable":true,"href":"https:\/\/so-xarxa.recursos.uoc.edu\/es\/wp-json\/wp\/v2\/users\/2"}],"replies":[{"embeddable":true,"href":"https:\/\/so-xarxa.recursos.uoc.edu\/es\/wp-json\/wp\/v2\/comments?post=280"}],"version-history":[{"count":5,"href":"https:\/\/so-xarxa.recursos.uoc.edu\/es\/wp-json\/wp\/v2\/pages\/280\/revisions"}],"predecessor-version":[{"id":427,"href":"https:\/\/so-xarxa.recursos.uoc.edu\/es\/wp-json\/wp\/v2\/pages\/280\/revisions\/427"}],"wp:attachment":[{"href":"https:\/\/so-xarxa.recursos.uoc.edu\/es\/wp-json\/wp\/v2\/media?parent=280"}],"curies":[{"name":"wp","href":"https:\/\/api.w.org\/{rel}","templated":true}]}}