{"id":277,"date":"2024-01-09T13:54:00","date_gmt":"2024-01-09T12:54:00","guid":{"rendered":"https:\/\/so-xarxa.recursos.uoc.edu\/?page_id=277"},"modified":"2024-01-26T10:01:35","modified_gmt":"2024-01-26T09:01:35","slug":"5-3-4-amazon-music","status":"publish","type":"page","link":"https:\/\/so-xarxa.recursos.uoc.edu\/es\/5-3-4-amazon-music\/","title":{"rendered":"5.3.4. Amazon Music"},"content":{"rendered":"<p>Amazon Music es un servicio de streaming de m\u00fasica y p\u00f3dcast que empez\u00f3 su camino en 2007 como Amazon MP3 y se fue desplegando en a\u00f1os posteriores paulatinamente en diferentes pa\u00edses, por ejemplo en Reino Unido en 2008, Austria y Suiza en 2009, Jap\u00f3n 2010, o Espa\u00f1a e Italia en 2012.<\/p>\n<p>Tiene tres planes de subscripci\u00f3n, Free, Prime para aquellos usuarios con el Prime de Amazon contratado y Unlimited que dispone de prestaciones extra como el acceso a la m\u00fasica HD que es un sistema de m\u00fasica con la calidad de un Compac Disc, 16 bits y 44,1 kHz. Ultra HD con hasta 24 bits y 192 kHz o el audio espacial que ofrece miles de canciones en Dolby Atmos y 360 Reality Audio.<\/p>\n<p>El primer plan tiene como restricci\u00f3n m\u00e1s importante la publicidad insertada. Free y Prime tienen la imposici\u00f3n de la reproducci\u00f3n aleatoria o el l\u00edmite del n\u00famero de saltos entre canciones. Hay determinadas listas de canciones seleccionadas por expertos de la plataforma que no tienen esta limitaci\u00f3n. En los planes Prime y Unlimited la m\u00fasica puede ser descargada para poderla escuchar sin conexi\u00f3n.<\/p>\n<p>Permite crear listas y compartirlas con la m\u00fasica que se vaya seleccionando a la vez que en funci\u00f3n de los gustos del usuario va proponiendo canciones de estilos parecidos. Ofrece la posibilidad de ver la letra de la canci\u00f3n que va apareciendo a medida que es cantada en el tema.<\/p>\n<p>Amazon Music est\u00e1 disponible en Windows, macOS, Android, iOS, FireOS.<\/p>\n<div class=\"featured featured-grey\"><p><a href=\"https:\/\/music.amazon.com\/\" target=\"_blank\" rel=\"noopener\">https:\/\/music.amazon.com\/<\/a><\/p>\n<\/div>\n<figure id=\"attachment_122\" aria-describedby=\"caption-attachment-122\" style=\"width: 640px\" class=\"wp-caption alignnone\"><img loading=\"lazy\" decoding=\"async\" class=\"wp-image-122 size-large\" src=\"\/wp-content\/uploads\/2024\/01\/image033-1024x489.png\" alt=\"\" width=\"640\" height=\"306\" srcset=\"\/wp-content\/uploads\/2024\/01\/image033-1024x489.png 1024w, \/wp-content\/uploads\/2024\/01\/image033-300x143.png 300w, \/wp-content\/uploads\/2024\/01\/image033-768x367.png 768w, \/wp-content\/uploads\/2024\/01\/image033.png 1511w\" sizes=\"(max-width: 640px) 100vw, 640px\" \/><figcaption id=\"caption-attachment-122\" class=\"wp-caption-text\">Figura 5.6. P\u00e1gina principal de Amazon Music.<br \/>Fuente: elaboraci\u00f3n propia.<\/figcaption><\/figure>\n","protected":false},"excerpt":{"rendered":"<p>Amazon Music es un servicio de streaming de m\u00fasica y p\u00f3dcast que empez\u00f3 su camino en 2007 como Amazon MP3 y se fue desplegando en a\u00f1os posteriores paulatinamente en diferentes pa\u00edses, por ejemplo en Reino Unido en 2008, Austria y Suiza en 2009, Jap\u00f3n 2010, o Espa\u00f1a e Italia en 2012. Tiene tres planes de [&hellip;]<\/p>\n","protected":false},"author":2,"featured_media":0,"parent":0,"menu_order":0,"comment_status":"closed","ping_status":"closed","template":"","meta":{"footnotes":""},"acf":[],"_links":{"self":[{"href":"https:\/\/so-xarxa.recursos.uoc.edu\/es\/wp-json\/wp\/v2\/pages\/277"}],"collection":[{"href":"https:\/\/so-xarxa.recursos.uoc.edu\/es\/wp-json\/wp\/v2\/pages"}],"about":[{"href":"https:\/\/so-xarxa.recursos.uoc.edu\/es\/wp-json\/wp\/v2\/types\/page"}],"author":[{"embeddable":true,"href":"https:\/\/so-xarxa.recursos.uoc.edu\/es\/wp-json\/wp\/v2\/users\/2"}],"replies":[{"embeddable":true,"href":"https:\/\/so-xarxa.recursos.uoc.edu\/es\/wp-json\/wp\/v2\/comments?post=277"}],"version-history":[{"count":4,"href":"https:\/\/so-xarxa.recursos.uoc.edu\/es\/wp-json\/wp\/v2\/pages\/277\/revisions"}],"predecessor-version":[{"id":429,"href":"https:\/\/so-xarxa.recursos.uoc.edu\/es\/wp-json\/wp\/v2\/pages\/277\/revisions\/429"}],"wp:attachment":[{"href":"https:\/\/so-xarxa.recursos.uoc.edu\/es\/wp-json\/wp\/v2\/media?parent=277"}],"curies":[{"name":"wp","href":"https:\/\/api.w.org\/{rel}","templated":true}]}}