{"id":274,"date":"2024-01-09T13:51:59","date_gmt":"2024-01-09T12:51:59","guid":{"rendered":"https:\/\/so-xarxa.recursos.uoc.edu\/?page_id=274"},"modified":"2024-01-26T10:01:30","modified_gmt":"2024-01-26T09:01:30","slug":"5-3-3-spotify","status":"publish","type":"page","link":"https:\/\/so-xarxa.recursos.uoc.edu\/es\/5-3-3-spotify\/","title":{"rendered":"5.3.3. Spotify"},"content":{"rendered":"<p>Spotify, que se lanz\u00f3 en 2008, es un servicio de streaming de m\u00fasica. Da acceso a una amplia biblioteca de m\u00fasica y p\u00f3dcast que se puede escuchar en cualquier momento. Se puede acceder mediante el registro de forma gratuita simplemente con una direcci\u00f3n de correo electr\u00f3nico o se puede acceder a una suscripci\u00f3n mensual que eliminar\u00e1 la publicidad y permitir\u00e1 entre otras cosas descargarse la m\u00fasica para la escucha sin conexi\u00f3n. Permite hasta 10.000 canciones disponibles para escuchar sin conexi\u00f3n en hasta cinco dispositivos diferentes.<\/p>\n<p>La facilidad para crear listas de reproducci\u00f3n y compartirlas es una de sus prestaciones destacadas. Se puede compartir una lista con un simple enlace o pedir que la propia plataforma nos cree una similar. A trav\u00e9s de su parte social permite conectar con diferentes personas que tengan perfiles en Spotify o en Facebook.<\/p>\n<p>Spotify tiene una parte inteligente que aprende de la m\u00fasica que el usuario escucha para presentarle propuestas con listas de reproducci\u00f3n espec\u00edficas similares a sus gustos. Una lista de descubrimientos semanal o un radar de lanzamiento son algunas otras listas que va a encontrar el usuario. Tambi\u00e9n ofrece las letras que van apareciendo a medida que avanza la canci\u00f3n.<\/p>\n<p>Entre las diferentes opciones de configuraci\u00f3n de que dispone encontramos la posibilidad de ajustar la calidad de reproducci\u00f3n de baja a muy alta o autom\u00e1tica. Tambi\u00e9n en la calidad de la m\u00fasica descargada. Un nivel de volumen que se ajusta seg\u00fan el entorno o un ecualizador con un buen n\u00famero de opciones preconfiguradas. Spotify es accesible v\u00eda web o con su aplicaci\u00f3n en Android, iOS, Windows, macOS o Linux. Tambi\u00e9n est\u00e1 disponible en varias videoconsolas.<\/p>\n<div class=\"featured featured-grey\"><p><a href=\"https:\/\/open.spotify.com\/\" target=\"_blank\" rel=\"noopener\">https:\/\/open.spotify.com\/<\/a><\/p>\n<\/div>\n<figure id=\"attachment_120\" aria-describedby=\"caption-attachment-120\" style=\"width: 640px\" class=\"wp-caption alignnone\"><img loading=\"lazy\" decoding=\"async\" class=\"wp-image-120 size-large\" src=\"\/wp-content\/uploads\/2024\/01\/image032-1024x524.png\" alt=\"\" width=\"640\" height=\"328\" srcset=\"\/wp-content\/uploads\/2024\/01\/image032-1024x524.png 1024w, \/wp-content\/uploads\/2024\/01\/image032-300x153.png 300w, \/wp-content\/uploads\/2024\/01\/image032-768x393.png 768w, \/wp-content\/uploads\/2024\/01\/image032.png 1443w\" sizes=\"(max-width: 640px) 100vw, 640px\" \/><figcaption id=\"caption-attachment-120\" class=\"wp-caption-text\">Figura 5.5. P\u00e1gina principal de Spotify.<br \/>Fuente: elaboraci\u00f3n propia.<\/figcaption><\/figure>\n","protected":false},"excerpt":{"rendered":"<p>Spotify, que se lanz\u00f3 en 2008, es un servicio de streaming de m\u00fasica. Da acceso a una amplia biblioteca de m\u00fasica y p\u00f3dcast que se puede escuchar en cualquier momento. Se puede acceder mediante el registro de forma gratuita simplemente con una direcci\u00f3n de correo electr\u00f3nico o se puede acceder a una suscripci\u00f3n mensual que [&hellip;]<\/p>\n","protected":false},"author":2,"featured_media":0,"parent":0,"menu_order":0,"comment_status":"closed","ping_status":"closed","template":"","meta":{"footnotes":""},"acf":[],"_links":{"self":[{"href":"https:\/\/so-xarxa.recursos.uoc.edu\/es\/wp-json\/wp\/v2\/pages\/274"}],"collection":[{"href":"https:\/\/so-xarxa.recursos.uoc.edu\/es\/wp-json\/wp\/v2\/pages"}],"about":[{"href":"https:\/\/so-xarxa.recursos.uoc.edu\/es\/wp-json\/wp\/v2\/types\/page"}],"author":[{"embeddable":true,"href":"https:\/\/so-xarxa.recursos.uoc.edu\/es\/wp-json\/wp\/v2\/users\/2"}],"replies":[{"embeddable":true,"href":"https:\/\/so-xarxa.recursos.uoc.edu\/es\/wp-json\/wp\/v2\/comments?post=274"}],"version-history":[{"count":4,"href":"https:\/\/so-xarxa.recursos.uoc.edu\/es\/wp-json\/wp\/v2\/pages\/274\/revisions"}],"predecessor-version":[{"id":431,"href":"https:\/\/so-xarxa.recursos.uoc.edu\/es\/wp-json\/wp\/v2\/pages\/274\/revisions\/431"}],"wp:attachment":[{"href":"https:\/\/so-xarxa.recursos.uoc.edu\/es\/wp-json\/wp\/v2\/media?parent=274"}],"curies":[{"name":"wp","href":"https:\/\/api.w.org\/{rel}","templated":true}]}}