{"id":271,"date":"2024-01-09T13:49:57","date_gmt":"2024-01-09T12:49:57","guid":{"rendered":"https:\/\/so-xarxa.recursos.uoc.edu\/?page_id=271"},"modified":"2024-01-26T10:03:14","modified_gmt":"2024-01-26T09:03:14","slug":"5-3-2-bandcamp","status":"publish","type":"page","link":"https:\/\/so-xarxa.recursos.uoc.edu\/es\/5-3-2-bandcamp\/","title":{"rendered":"5.3.2. Bandcamp"},"content":{"rendered":"<p>Bandcamp fue creada en 2007 y comprada por Epic Games en marzo de 2022. Es una plataforma de streaming de m\u00fasica pensada para m\u00fasicos, bandas independientes y sus fans. El modelo de Bandcamp es diferente al de otras plataformas encaminadas a la subscripci\u00f3n. Aqu\u00ed se basa en la compra de canciones o \u00e1lbumes que se pueden reproducir previamente y que una vez comprados se podr\u00e1n descargar con la m\u00e1xima calidad.<\/p>\n<p>La mayor\u00eda de las ganancias queda en manos de los artistas que pueden fijar los precios que estimen oportunos o fomentar las donaciones libres. Tambi\u00e9n pueden vender diferente material como camisetas o discos de vinilo, entre otros.<\/p>\n<p>Bandcamp dispone de una tienda f\u00edsica en Oakland (California) donde comprar discos. Tambi\u00e9n dispone de espacios acondicionados para escuchar las grabaciones y un escenario donde poder disfrutar de actuaciones en directo, presentaciones de \u00e1lbumes, etc.<\/p>\n<p>Otra de las capacidades de Bandcamp es que permite la comunicaci\u00f3n directa a trav\u00e9s de los foros entre los fans y los artistas. A la hora de registrarse hay tres modalidades:<\/p>\n<ul>\n<li>Como fan permite seguir a artistas, crear una lista de deseos, reproducir la m\u00fasica comprada o explorar la m\u00fasica de otros fans con los mismos gustos.<\/li>\n<li>Como artista permite vender y tener un control total de su m\u00fasica, acceder a los datos de los clientes, estad\u00edsticas, gr\u00e1ficos, etc.<\/li>\n<li>Como sello discogr\u00e1fico dispone de estad\u00edsticas y contabilidad de todos los artistas, interfaz \u00fanica para los productos de la tienda, pagos directos por lanzamientos, etc.<\/li>\n<\/ul>\n<p>Bandcamp est\u00e1 disponible en su web y en su App para Android e iOS.<\/p>\n<div class=\"featured featured-grey\"><p><a href=\"https:\/\/bandcamp.com\/\" target=\"_blank\" rel=\"noopener\">https:\/\/bandcamp.com\/<\/a><\/p>\n<\/div>\n<figure id=\"attachment_118\" aria-describedby=\"caption-attachment-118\" style=\"width: 640px\" class=\"wp-caption alignnone\"><img loading=\"lazy\" decoding=\"async\" class=\"wp-image-118 size-large\" src=\"\/wp-content\/uploads\/2024\/01\/image031-1024x582.png\" alt=\"\" width=\"640\" height=\"364\" srcset=\"\/wp-content\/uploads\/2024\/01\/image031-1024x582.png 1024w, \/wp-content\/uploads\/2024\/01\/image031-300x171.png 300w, \/wp-content\/uploads\/2024\/01\/image031-768x437.png 768w, \/wp-content\/uploads\/2024\/01\/image031.png 1309w\" sizes=\"(max-width: 640px) 100vw, 640px\" \/><figcaption id=\"caption-attachment-118\" class=\"wp-caption-text\">Figura 5.4. P\u00e1gina principal de Bandcamp.<br \/>Fuente: elaboraci\u00f3n propia.<\/figcaption><\/figure>\n","protected":false},"excerpt":{"rendered":"<p>Bandcamp fue creada en 2007 y comprada por Epic Games en marzo de 2022. Es una plataforma de streaming de m\u00fasica pensada para m\u00fasicos, bandas independientes y sus fans. El modelo de Bandcamp es diferente al de otras plataformas encaminadas a la subscripci\u00f3n. Aqu\u00ed se basa en la compra de canciones o \u00e1lbumes que se [&hellip;]<\/p>\n","protected":false},"author":2,"featured_media":0,"parent":0,"menu_order":0,"comment_status":"closed","ping_status":"closed","template":"","meta":{"footnotes":""},"acf":[],"_links":{"self":[{"href":"https:\/\/so-xarxa.recursos.uoc.edu\/es\/wp-json\/wp\/v2\/pages\/271"}],"collection":[{"href":"https:\/\/so-xarxa.recursos.uoc.edu\/es\/wp-json\/wp\/v2\/pages"}],"about":[{"href":"https:\/\/so-xarxa.recursos.uoc.edu\/es\/wp-json\/wp\/v2\/types\/page"}],"author":[{"embeddable":true,"href":"https:\/\/so-xarxa.recursos.uoc.edu\/es\/wp-json\/wp\/v2\/users\/2"}],"replies":[{"embeddable":true,"href":"https:\/\/so-xarxa.recursos.uoc.edu\/es\/wp-json\/wp\/v2\/comments?post=271"}],"version-history":[{"count":4,"href":"https:\/\/so-xarxa.recursos.uoc.edu\/es\/wp-json\/wp\/v2\/pages\/271\/revisions"}],"predecessor-version":[{"id":433,"href":"https:\/\/so-xarxa.recursos.uoc.edu\/es\/wp-json\/wp\/v2\/pages\/271\/revisions\/433"}],"wp:attachment":[{"href":"https:\/\/so-xarxa.recursos.uoc.edu\/es\/wp-json\/wp\/v2\/media?parent=271"}],"curies":[{"name":"wp","href":"https:\/\/api.w.org\/{rel}","templated":true}]}}