{"id":269,"date":"2024-01-09T13:47:06","date_gmt":"2024-01-09T12:47:06","guid":{"rendered":"https:\/\/so-xarxa.recursos.uoc.edu\/?page_id=269"},"modified":"2024-01-26T10:03:47","modified_gmt":"2024-01-26T09:03:47","slug":"5-3-1-audio-com","status":"publish","type":"page","link":"https:\/\/so-xarxa.recursos.uoc.edu\/es\/5-3-1-audio-com\/","title":{"rendered":"5.3.1. Audio.com"},"content":{"rendered":"<p>Audio.com es un servicio multiplataforma creado por Muse Group, que tambi\u00e9n son los responsables del software Audacity. De hecho en las nuevas versiones de Audacity ya hay un bot\u00f3n que permite compartir directamente el audio que se est\u00e1 editando a trav\u00e9s de esta plataforma.<\/p>\n<p><a href=\"https:\/\/mu.se\/\" target=\"_blank\" rel=\"noopener\">Muse Group<\/a> ha creado aplicaciones para reproducir, grabar y componer m\u00fasica como Ultimate Guitar, MuseScore o el mismo Audacity y pretende ofrecer herramientas innovadoras de aprendizaje, amplios cat\u00e1logos de m\u00fasica y software gratuito de c\u00f3digo abierto para los m\u00fasicos.<\/p>\n<p>Audio.com es en 2023, una plataforma para compartir audio en fase beta, tiene como objetivo albergar, compartir y colaborar proyectos de audio de modo intuitivo.<\/p>\n<p>Est\u00e1 pensada para contener todo tipo de contenido sonoro como m\u00fasica, p\u00f3dcast, audiolibros, etc. Es totalmente gratuito, sin anuncios ni versiones de pago. No hay l\u00edmite en la cantidad de ficheros que se pueden subir, ni en la duraci\u00f3n de los audios. Admite los formatos WAV, MP3 y FLAC.<\/p>\n<p>Disponen de una comunidad, accesible desde su web en Reddit, Discord y Facebook.<\/p>\n<div class=\"featured featured-grey\"><p><a href=\"https:\/\/audio.com\/\" target=\"_blank\" rel=\"noopener\">https:\/\/audio.com\/<\/a><\/p>\n<\/div>\n<figure id=\"attachment_116\" aria-describedby=\"caption-attachment-116\" style=\"width: 640px\" class=\"wp-caption alignnone\"><img loading=\"lazy\" decoding=\"async\" class=\"wp-image-116 size-large\" src=\"\/wp-content\/uploads\/2024\/01\/image030-1024x619.png\" alt=\"\" width=\"640\" height=\"387\" srcset=\"\/wp-content\/uploads\/2024\/01\/image030-1024x619.png 1024w, \/wp-content\/uploads\/2024\/01\/image030-300x181.png 300w, \/wp-content\/uploads\/2024\/01\/image030-768x464.png 768w, \/wp-content\/uploads\/2024\/01\/image030.png 1366w\" sizes=\"(max-width: 640px) 100vw, 640px\" \/><figcaption id=\"caption-attachment-116\" class=\"wp-caption-text\">Figura 5.3. P\u00e1gina principal de Audio.com.<br \/>Fuente: elaboraci\u00f3n propia.<\/figcaption><\/figure>\n<p>&nbsp;<\/p>\n","protected":false},"excerpt":{"rendered":"<p>Audio.com es un servicio multiplataforma creado por Muse Group, que tambi\u00e9n son los responsables del software Audacity. De hecho en las nuevas versiones de Audacity ya hay un bot\u00f3n que permite compartir directamente el audio que se est\u00e1 editando a trav\u00e9s de esta plataforma. Muse Group ha creado aplicaciones para reproducir, grabar y componer m\u00fasica [&hellip;]<\/p>\n","protected":false},"author":2,"featured_media":0,"parent":0,"menu_order":0,"comment_status":"closed","ping_status":"closed","template":"","meta":{"footnotes":""},"acf":[],"_links":{"self":[{"href":"https:\/\/so-xarxa.recursos.uoc.edu\/es\/wp-json\/wp\/v2\/pages\/269"}],"collection":[{"href":"https:\/\/so-xarxa.recursos.uoc.edu\/es\/wp-json\/wp\/v2\/pages"}],"about":[{"href":"https:\/\/so-xarxa.recursos.uoc.edu\/es\/wp-json\/wp\/v2\/types\/page"}],"author":[{"embeddable":true,"href":"https:\/\/so-xarxa.recursos.uoc.edu\/es\/wp-json\/wp\/v2\/users\/2"}],"replies":[{"embeddable":true,"href":"https:\/\/so-xarxa.recursos.uoc.edu\/es\/wp-json\/wp\/v2\/comments?post=269"}],"version-history":[{"count":3,"href":"https:\/\/so-xarxa.recursos.uoc.edu\/es\/wp-json\/wp\/v2\/pages\/269\/revisions"}],"predecessor-version":[{"id":434,"href":"https:\/\/so-xarxa.recursos.uoc.edu\/es\/wp-json\/wp\/v2\/pages\/269\/revisions\/434"}],"wp:attachment":[{"href":"https:\/\/so-xarxa.recursos.uoc.edu\/es\/wp-json\/wp\/v2\/media?parent=269"}],"curies":[{"name":"wp","href":"https:\/\/api.w.org\/{rel}","templated":true}]}}