{"id":265,"date":"2024-01-09T13:43:40","date_gmt":"2024-01-09T12:43:40","guid":{"rendered":"https:\/\/so-xarxa.recursos.uoc.edu\/?page_id=265"},"modified":"2024-01-26T10:05:09","modified_gmt":"2024-01-26T09:05:09","slug":"5-2-3-tunein","status":"publish","type":"page","link":"https:\/\/so-xarxa.recursos.uoc.edu\/es\/5-2-3-tunein\/","title":{"rendered":"5.2.3. TuneIn"},"content":{"rendered":"<p>Este directorio cuenta con m\u00e1s de 100.000 emisoras de radio y p\u00f3dcast que pueden ser escuchados de forma gratuita. Habitualmente la plataforma inserta anuncios en la recepci\u00f3n de la se\u00f1al de streaming de las emisoras. TuneIn est\u00e1 evolucionando hacia una plataforma m\u00e1s global que incluya m\u00e1s contenidos de audio, aparte de los propios streamings radiof\u00f3nicos o p\u00f3dcast.<\/p>\n<p>As\u00ed tambi\u00e9n se pueden escuchar audiolibros a trav\u00e9s de su sistema de subscripci\u00f3n pr\u00e9mium que da acceso ilimitado a m\u00e1s de 100.000. Esta subscripci\u00f3n, entre otras mejoras, tambi\u00e9n reduce la cantidad de publicidad que la plataforma inserta.<\/p>\n<p>Permite diferentes opciones de b\u00fasqueda, por ubicaci\u00f3n, por idioma y tambi\u00e9n ha incorporado un mapa del mundo al estilo de Radio Garden, que permite desplazarse a trav\u00e9s de \u00e9l, haciendo Zoom y seleccionando la emisora que se desee a partir de su situaci\u00f3n geogr\u00e1fica. TuneIn es accesible v\u00eda web y dispone de aplicaciones para Android e iOS.<\/p>\n<div class=\"featured featured-grey\"><p><a href=\"https:\/\/tunein.com\/\" target=\"_blank\" rel=\"noopener\">https:\/\/tunein.com\/<\/a><\/p>\n<\/div>\n<figure id=\"attachment_114\" aria-describedby=\"caption-attachment-114\" style=\"width: 640px\" class=\"wp-caption alignnone\"><img loading=\"lazy\" decoding=\"async\" class=\"wp-image-114 size-large\" src=\"\/wp-content\/uploads\/2024\/01\/image029-1024x576.png\" alt=\"\" width=\"640\" height=\"360\" srcset=\"\/wp-content\/uploads\/2024\/01\/image029-1024x576.png 1024w, \/wp-content\/uploads\/2024\/01\/image029-300x169.png 300w, \/wp-content\/uploads\/2024\/01\/image029-768x432.png 768w, \/wp-content\/uploads\/2024\/01\/image029.png 1445w\" sizes=\"(max-width: 640px) 100vw, 640px\" \/><figcaption id=\"caption-attachment-114\" class=\"wp-caption-text\">Figura 5.2. Mapa de TuneIn.<br \/>Fuente: elaboraci\u00f3n propia.<\/figcaption><\/figure>\n","protected":false},"excerpt":{"rendered":"<p>Este directorio cuenta con m\u00e1s de 100.000 emisoras de radio y p\u00f3dcast que pueden ser escuchados de forma gratuita. Habitualmente la plataforma inserta anuncios en la recepci\u00f3n de la se\u00f1al de streaming de las emisoras. TuneIn est\u00e1 evolucionando hacia una plataforma m\u00e1s global que incluya m\u00e1s contenidos de audio, aparte de los propios streamings radiof\u00f3nicos [&hellip;]<\/p>\n","protected":false},"author":2,"featured_media":0,"parent":0,"menu_order":0,"comment_status":"closed","ping_status":"closed","template":"","meta":{"footnotes":""},"acf":[],"_links":{"self":[{"href":"https:\/\/so-xarxa.recursos.uoc.edu\/es\/wp-json\/wp\/v2\/pages\/265"}],"collection":[{"href":"https:\/\/so-xarxa.recursos.uoc.edu\/es\/wp-json\/wp\/v2\/pages"}],"about":[{"href":"https:\/\/so-xarxa.recursos.uoc.edu\/es\/wp-json\/wp\/v2\/types\/page"}],"author":[{"embeddable":true,"href":"https:\/\/so-xarxa.recursos.uoc.edu\/es\/wp-json\/wp\/v2\/users\/2"}],"replies":[{"embeddable":true,"href":"https:\/\/so-xarxa.recursos.uoc.edu\/es\/wp-json\/wp\/v2\/comments?post=265"}],"version-history":[{"count":3,"href":"https:\/\/so-xarxa.recursos.uoc.edu\/es\/wp-json\/wp\/v2\/pages\/265\/revisions"}],"predecessor-version":[{"id":435,"href":"https:\/\/so-xarxa.recursos.uoc.edu\/es\/wp-json\/wp\/v2\/pages\/265\/revisions\/435"}],"wp:attachment":[{"href":"https:\/\/so-xarxa.recursos.uoc.edu\/es\/wp-json\/wp\/v2\/media?parent=265"}],"curies":[{"name":"wp","href":"https:\/\/api.w.org\/{rel}","templated":true}]}}