{"id":260,"date":"2024-01-09T13:39:12","date_gmt":"2024-01-09T12:39:12","guid":{"rendered":"https:\/\/so-xarxa.recursos.uoc.edu\/?page_id=260"},"modified":"2024-01-26T10:05:29","modified_gmt":"2024-01-26T09:05:29","slug":"5-2-2-radio-garden-2","status":"publish","type":"page","link":"https:\/\/so-xarxa.recursos.uoc.edu\/es\/5-2-2-radio-garden-2\/","title":{"rendered":"5.2.2. Radio Garden"},"content":{"rendered":"<p>Radio Garden es un proyecto sin \u00e1nimo de lucro que se desarroll\u00f3 inicialmente entre 2013 y 2016, pero continua activo y se actualiza peri\u00f3dicamente. Fue fruto de una colaboraci\u00f3n del Instituto del Sonido y la Visi\u00f3n de los Pa\u00edses Bajos con varias universidades europeas en el contexto del proyecto de investigaci\u00f3n Transnational Radio Encounters. Su objetivo es el de conectar personas de todo el mundo a trav\u00e9s de experiencias compartidas, eliminando las fronteras.<\/p>\n<p>A trav\u00e9s de Radio Garden es posible viajar por todo el planeta y escuchar en vivo las emisoras locales de diferentes pa\u00edses sin ning\u00fan coste. Se puede acceder desde su web o a trav\u00e9s de las aplicaciones para Android e iOS.<\/p>\n<p>Al acceder disponemos de un mapa de todo el globo terr\u00e1queo por el que podremos movernos, acercarnos y alejarnos. A medida que nos movemos cambia el foco de la aplicaci\u00f3n que pasa a mostrar las emisoras de radio del \u00e1rea en la que nos encontramos.<\/p>\n<p>Los puntos verdes aparecen donde hay alguna radio. Tambi\u00e9n permite buscar por pa\u00eds, ciudad o nombre de la emisora. Dispone de selecciones de emisoras agrupadas por diferentes tem\u00e1ticas. Su reproductor es sencillo y permite escoger la emisora como favorita o acceder a su web.<\/p>\n<div class=\"featured featured-grey\"><p><a href=\"http:\/\/radio.garden\" target=\"_blank\" rel=\"noopener\">http:\/\/radio.garden<\/a><\/p>\n<\/div>\n<figure id=\"attachment_112\" aria-describedby=\"caption-attachment-112\" style=\"width: 640px\" class=\"wp-caption alignnone\"><img loading=\"lazy\" decoding=\"async\" class=\"wp-image-112 size-large\" src=\"\/wp-content\/uploads\/2024\/01\/image028-1024x727.png\" alt=\"\" width=\"640\" height=\"454\" srcset=\"\/wp-content\/uploads\/2024\/01\/image028-1024x727.png 1024w, \/wp-content\/uploads\/2024\/01\/image028-300x213.png 300w, \/wp-content\/uploads\/2024\/01\/image028-768x545.png 768w, \/wp-content\/uploads\/2024\/01\/image028.png 1256w\" sizes=\"(max-width: 640px) 100vw, 640px\" \/><figcaption id=\"caption-attachment-112\" class=\"wp-caption-text\">Figura 5.1. P\u00e1gina principal de Radio Garden.<br \/>Fuente: elaboraci\u00f3n propia.<\/figcaption><\/figure>\n<p>&nbsp;<\/p>\n<p>&nbsp;<\/p>\n","protected":false},"excerpt":{"rendered":"<p>Radio Garden es un proyecto sin \u00e1nimo de lucro que se desarroll\u00f3 inicialmente entre 2013 y 2016, pero continua activo y se actualiza peri\u00f3dicamente. Fue fruto de una colaboraci\u00f3n del Instituto del Sonido y la Visi\u00f3n de los Pa\u00edses Bajos con varias universidades europeas en el contexto del proyecto de investigaci\u00f3n Transnational Radio Encounters. Su [&hellip;]<\/p>\n","protected":false},"author":2,"featured_media":0,"parent":0,"menu_order":0,"comment_status":"closed","ping_status":"closed","template":"","meta":{"footnotes":""},"acf":[],"_links":{"self":[{"href":"https:\/\/so-xarxa.recursos.uoc.edu\/es\/wp-json\/wp\/v2\/pages\/260"}],"collection":[{"href":"https:\/\/so-xarxa.recursos.uoc.edu\/es\/wp-json\/wp\/v2\/pages"}],"about":[{"href":"https:\/\/so-xarxa.recursos.uoc.edu\/es\/wp-json\/wp\/v2\/types\/page"}],"author":[{"embeddable":true,"href":"https:\/\/so-xarxa.recursos.uoc.edu\/es\/wp-json\/wp\/v2\/users\/2"}],"replies":[{"embeddable":true,"href":"https:\/\/so-xarxa.recursos.uoc.edu\/es\/wp-json\/wp\/v2\/comments?post=260"}],"version-history":[{"count":7,"href":"https:\/\/so-xarxa.recursos.uoc.edu\/es\/wp-json\/wp\/v2\/pages\/260\/revisions"}],"predecessor-version":[{"id":436,"href":"https:\/\/so-xarxa.recursos.uoc.edu\/es\/wp-json\/wp\/v2\/pages\/260\/revisions\/436"}],"wp:attachment":[{"href":"https:\/\/so-xarxa.recursos.uoc.edu\/es\/wp-json\/wp\/v2\/media?parent=260"}],"curies":[{"name":"wp","href":"https:\/\/api.w.org\/{rel}","templated":true}]}}