{"id":251,"date":"2024-01-09T13:31:45","date_gmt":"2024-01-09T12:31:45","guid":{"rendered":"https:\/\/so-xarxa.recursos.uoc.edu\/?page_id=251"},"modified":"2024-01-26T09:49:50","modified_gmt":"2024-01-26T08:49:50","slug":"5-1-introduccion","status":"publish","type":"page","link":"https:\/\/so-xarxa.recursos.uoc.edu\/es\/5-1-introduccion\/","title":{"rendered":"5.1. Introducci\u00f3n"},"content":{"rendered":"<p>El streaming de audio ha revolucionado la forma en que las personas consumen este tipo de contenidos y ofrece una amplia gama de opciones y oportunidades tanto para creadores como para oyentes. La facilidad de acceso a trav\u00e9s de dispositivos conectados a Internet ha propiciado un modo de consumir estos contenidos de forma m\u00e1s selectiva y en muchos casos con posibilidad de interacci\u00f3n. Hoy estamos hablando de radio, m\u00fasica, p\u00f3dcast, audiolibros o cualquier otro contenido en formato audio.<\/p>\n<p>Anteriormente, ya hemos visto algunas plataformas de streaming dedicadas a la distribuci\u00f3n de p\u00f3dcast y audiolibros, entre otros contenidos. Vamos a ver algunas plataformas m\u00e1s que distribuyen audio v\u00eda streaming y que vale la pena conocer.<\/p>\n<p>&nbsp;<\/p>\n","protected":false},"excerpt":{"rendered":"<p>El streaming de audio ha revolucionado la forma en que las personas consumen este tipo de contenidos y ofrece una amplia gama de opciones y oportunidades tanto para creadores como para oyentes. La facilidad de acceso a trav\u00e9s de dispositivos conectados a Internet ha propiciado un modo de consumir estos contenidos de forma m\u00e1s selectiva [&hellip;]<\/p>\n","protected":false},"author":2,"featured_media":0,"parent":0,"menu_order":0,"comment_status":"closed","ping_status":"closed","template":"","meta":{"footnotes":""},"acf":[],"_links":{"self":[{"href":"https:\/\/so-xarxa.recursos.uoc.edu\/es\/wp-json\/wp\/v2\/pages\/251"}],"collection":[{"href":"https:\/\/so-xarxa.recursos.uoc.edu\/es\/wp-json\/wp\/v2\/pages"}],"about":[{"href":"https:\/\/so-xarxa.recursos.uoc.edu\/es\/wp-json\/wp\/v2\/types\/page"}],"author":[{"embeddable":true,"href":"https:\/\/so-xarxa.recursos.uoc.edu\/es\/wp-json\/wp\/v2\/users\/2"}],"replies":[{"embeddable":true,"href":"https:\/\/so-xarxa.recursos.uoc.edu\/es\/wp-json\/wp\/v2\/comments?post=251"}],"version-history":[{"count":3,"href":"https:\/\/so-xarxa.recursos.uoc.edu\/es\/wp-json\/wp\/v2\/pages\/251\/revisions"}],"predecessor-version":[{"id":418,"href":"https:\/\/so-xarxa.recursos.uoc.edu\/es\/wp-json\/wp\/v2\/pages\/251\/revisions\/418"}],"wp:attachment":[{"href":"https:\/\/so-xarxa.recursos.uoc.edu\/es\/wp-json\/wp\/v2\/media?parent=251"}],"curies":[{"name":"wp","href":"https:\/\/api.w.org\/{rel}","templated":true}]}}