{"id":245,"date":"2024-01-09T13:29:35","date_gmt":"2024-01-09T12:29:35","guid":{"rendered":"https:\/\/so-xarxa.recursos.uoc.edu\/?page_id=245"},"modified":"2024-01-26T10:05:47","modified_gmt":"2024-01-26T09:05:47","slug":"4-3-audiobook-creation-exchange-acx","status":"publish","type":"page","link":"https:\/\/so-xarxa.recursos.uoc.edu\/es\/4-3-audiobook-creation-exchange-acx\/","title":{"rendered":"4.3. Audiobook Creation Exchange (ACX)"},"content":{"rendered":"<p>ACX es una plataforma de Amazon que permite a los autores crear y publicar audiolibros para ganar dinero a trav\u00e9s de las ventas. Los audiolibros publicados en ACX est\u00e1n disponibles en Audible, Amazon e iTunes.<\/p>\n<p>Los autores pueden elegir, grabar y producir sus audiolibros o contratar a un narrador para hacerlo. Los autores ganan dinero a medida que sus audiolibros se venden. Los autores solo pueden publicar un audiolibro a trav\u00e9s de ACX si poseen los derechos del mismo. Es una soluci\u00f3n integral para crear, publicar y distribuir audiolibros.<\/p>\n<p>El proceso de publicaci\u00f3n implica crear una cuenta ACX, elegir un narrador\/productor, negociar y firmar un contrato, hacer un control de calidad, pagar al narrador\/productor y distribuir el audiolibro. El precio de venta depende de la duraci\u00f3n del audiolibro, y los precios var\u00edan seg\u00fan la extensi\u00f3n.<\/p>\n<p>ACX tambi\u00e9n es un est\u00e1ndar de calidad en la producci\u00f3n de audiolibros, estos deben cumplir, entre otros, los siguientes requisitos:<\/p>\n<ul>\n<li>No debe contener sonidos extra\u00f1os como explosiones, ruidos de micr\u00f3fono, clics del mouse, ruidos excesivos en la boca y tomas descartadas.<\/li>\n<li>Debe incluir cr\u00e9ditos de apertura y cierre que coincidan con la portada y los metadatos del t\u00edtulo.<\/li>\n<li>Debe incluir una muestra de audio de entre uno y cinco minutos de duraci\u00f3n para la promoci\u00f3n.<\/li>\n<li>Cada archivo debe contener solo un cap\u00edtulo o secci\u00f3n.<\/li>\n<li>Se requiere tono de sala, entre uno y cinco segundos al principio y final del archivo de audio sin voz.<\/li>\n<li>La normalizaci\u00f3n de volumen debe situarse entre los -23 dB y los -18 dB RMS.<\/li>\n<li>Los valores de pico m\u00e1ximo no pueden superar los -3 dB.<\/li>\n<li>El archivo debe ser MP3 de 192 kbps o superior, 44,1 kHz, velocidad de bits constante (CBR). El nivel de ruido no puede ser superior a -60 dB RMS. Todos los archivos deben tener el mismo formato de canal, mono o estero y no superar los 120 minutos.<\/li>\n<li>Es imprescindible la voz de una persona real.<\/li>\n<li>Los nombres de los archivos deben utilizar caracteres alfanum\u00e9ricos est\u00e1ndar en EE. UU.<\/li>\n<\/ul>\n<div class=\"featured featured-grey\"><p><a href=\"https:\/\/www.acx.com\/\" target=\"_blank\" rel=\"noopener\">https:\/\/www.acx.com\/<\/a><\/p>\n<\/div>\n<figure id=\"attachment_110\" aria-describedby=\"caption-attachment-110\" style=\"width: 640px\" class=\"wp-caption alignnone\"><img loading=\"lazy\" decoding=\"async\" class=\"wp-image-110 size-large\" src=\"\/wp-content\/uploads\/2024\/01\/image027-1024x439.png\" alt=\"\" width=\"640\" height=\"274\" srcset=\"\/wp-content\/uploads\/2024\/01\/image027-1024x439.png 1024w, \/wp-content\/uploads\/2024\/01\/image027-300x129.png 300w, \/wp-content\/uploads\/2024\/01\/image027-768x329.png 768w, \/wp-content\/uploads\/2024\/01\/image027.png 1448w\" sizes=\"(max-width: 640px) 100vw, 640px\" \/><figcaption id=\"caption-attachment-110\" class=\"wp-caption-text\">Figura 4.6. P\u00e1gina principal de ACX.<br \/>Fuente: elaboraci\u00f3n propia.<\/figcaption><\/figure>\n","protected":false},"excerpt":{"rendered":"<p>ACX es una plataforma de Amazon que permite a los autores crear y publicar audiolibros para ganar dinero a trav\u00e9s de las ventas. Los audiolibros publicados en ACX est\u00e1n disponibles en Audible, Amazon e iTunes. Los autores pueden elegir, grabar y producir sus audiolibros o contratar a un narrador para hacerlo. Los autores ganan dinero [&hellip;]<\/p>\n","protected":false},"author":2,"featured_media":0,"parent":0,"menu_order":0,"comment_status":"closed","ping_status":"closed","template":"","meta":{"footnotes":""},"acf":[],"_links":{"self":[{"href":"https:\/\/so-xarxa.recursos.uoc.edu\/es\/wp-json\/wp\/v2\/pages\/245"}],"collection":[{"href":"https:\/\/so-xarxa.recursos.uoc.edu\/es\/wp-json\/wp\/v2\/pages"}],"about":[{"href":"https:\/\/so-xarxa.recursos.uoc.edu\/es\/wp-json\/wp\/v2\/types\/page"}],"author":[{"embeddable":true,"href":"https:\/\/so-xarxa.recursos.uoc.edu\/es\/wp-json\/wp\/v2\/users\/2"}],"replies":[{"embeddable":true,"href":"https:\/\/so-xarxa.recursos.uoc.edu\/es\/wp-json\/wp\/v2\/comments?post=245"}],"version-history":[{"count":5,"href":"https:\/\/so-xarxa.recursos.uoc.edu\/es\/wp-json\/wp\/v2\/pages\/245\/revisions"}],"predecessor-version":[{"id":438,"href":"https:\/\/so-xarxa.recursos.uoc.edu\/es\/wp-json\/wp\/v2\/pages\/245\/revisions\/438"}],"wp:attachment":[{"href":"https:\/\/so-xarxa.recursos.uoc.edu\/es\/wp-json\/wp\/v2\/media?parent=245"}],"curies":[{"name":"wp","href":"https:\/\/api.w.org\/{rel}","templated":true}]}}