{"id":242,"date":"2024-01-09T13:16:10","date_gmt":"2024-01-09T12:16:10","guid":{"rendered":"https:\/\/so-xarxa.recursos.uoc.edu\/?page_id=242"},"modified":"2024-01-26T10:07:15","modified_gmt":"2024-01-26T09:07:15","slug":"4-2-5-google-play-books","status":"publish","type":"page","link":"https:\/\/so-xarxa.recursos.uoc.edu\/es\/4-2-5-google-play-books\/","title":{"rendered":"4.2.5. Google Play Books"},"content":{"rendered":"<p>De forma parecida a Apple Books funciona Google Play Books a trav\u00e9s de la Play Store, la tienda de Google en la que dentro del apartado libros encontraremos los audiolibros que se pueden comprar a diferentes precios. Si se desea, es posible, como en otras plataformas, escuchar una muestra del audiolibro.<\/p>\n<p>Google Play Libros ofrece un reproductor de audiolibros con las opciones m\u00e1s b\u00e1sicas para controlar la reproducci\u00f3n de los libros. Nos permite mover el punto para avanzar o retroceder donde nos interese, cambiar la velocidad de reproducci\u00f3n o poner un temporizador para detener la reproducci\u00f3n.<\/p>\n<div class=\"featured featured-grey\"><p><a href=\"https:\/\/play.google.com\/store\/books\" target=\"_blank\" rel=\"noopener\">https:\/\/play.google.com\/store\/books<\/a><\/p>\n<\/div>\n<figure id=\"attachment_108\" aria-describedby=\"caption-attachment-108\" style=\"width: 881px\" class=\"wp-caption alignnone\"><img loading=\"lazy\" decoding=\"async\" class=\"wp-image-108 size-full\" src=\"\/wp-content\/uploads\/2024\/01\/image026.png\" alt=\"\" width=\"881\" height=\"106\" srcset=\"\/wp-content\/uploads\/2024\/01\/image026.png 881w, \/wp-content\/uploads\/2024\/01\/image026-300x36.png 300w, \/wp-content\/uploads\/2024\/01\/image026-768x92.png 768w\" sizes=\"(max-width: 881px) 100vw, 881px\" \/><figcaption id=\"caption-attachment-108\" class=\"wp-caption-text\">Figura 4.5. Cabecera de Google Play Books.<br \/>Fuente: elaboraci\u00f3n propia.<\/figcaption><\/figure>\n","protected":false},"excerpt":{"rendered":"<p>De forma parecida a Apple Books funciona Google Play Books a trav\u00e9s de la Play Store, la tienda de Google en la que dentro del apartado libros encontraremos los audiolibros que se pueden comprar a diferentes precios. Si se desea, es posible, como en otras plataformas, escuchar una muestra del audiolibro. Google Play Libros ofrece [&hellip;]<\/p>\n","protected":false},"author":2,"featured_media":0,"parent":0,"menu_order":0,"comment_status":"closed","ping_status":"closed","template":"","meta":{"footnotes":""},"acf":[],"_links":{"self":[{"href":"https:\/\/so-xarxa.recursos.uoc.edu\/es\/wp-json\/wp\/v2\/pages\/242"}],"collection":[{"href":"https:\/\/so-xarxa.recursos.uoc.edu\/es\/wp-json\/wp\/v2\/pages"}],"about":[{"href":"https:\/\/so-xarxa.recursos.uoc.edu\/es\/wp-json\/wp\/v2\/types\/page"}],"author":[{"embeddable":true,"href":"https:\/\/so-xarxa.recursos.uoc.edu\/es\/wp-json\/wp\/v2\/users\/2"}],"replies":[{"embeddable":true,"href":"https:\/\/so-xarxa.recursos.uoc.edu\/es\/wp-json\/wp\/v2\/comments?post=242"}],"version-history":[{"count":5,"href":"https:\/\/so-xarxa.recursos.uoc.edu\/es\/wp-json\/wp\/v2\/pages\/242\/revisions"}],"predecessor-version":[{"id":439,"href":"https:\/\/so-xarxa.recursos.uoc.edu\/es\/wp-json\/wp\/v2\/pages\/242\/revisions\/439"}],"wp:attachment":[{"href":"https:\/\/so-xarxa.recursos.uoc.edu\/es\/wp-json\/wp\/v2\/media?parent=242"}],"curies":[{"name":"wp","href":"https:\/\/api.w.org\/{rel}","templated":true}]}}