{"id":239,"date":"2024-01-09T13:12:22","date_gmt":"2024-01-09T12:12:22","guid":{"rendered":"https:\/\/so-xarxa.recursos.uoc.edu\/?page_id=239"},"modified":"2024-01-26T10:07:21","modified_gmt":"2024-01-26T09:07:21","slug":"4-2-4-apple-books-itunes","status":"publish","type":"page","link":"https:\/\/so-xarxa.recursos.uoc.edu\/es\/4-2-4-apple-books-itunes\/","title":{"rendered":"4.2.4. Apple Books \/ iTunes"},"content":{"rendered":"<p>Apple Books, anteriormente conocida como la aplicaci\u00f3n iBooks, es un lector de libros electr\u00f3nicos y una librer\u00eda nativa para dispositivos Apple. Se lanz\u00f3 como resultado despu\u00e9s de que Apple trasladara sus libros de la tienda iTunes y creara una aplicaci\u00f3n dedicada.<\/p>\n<p>Se pueden comprar libros electr\u00f3nicos, audiolibros o leer material descargado previamente. Por el momento, Apple Books no dispone de un sistema de suscripci\u00f3n. La aplicaci\u00f3n es de uso gratuito, pero la mayor\u00eda de los libros son de pago.<\/p>\n<p>Solo se puede usar en dispositivos iPhone, iPad y MacBook. En sistemas Windows hay que recurrir a iTunes para acceder a los audiolibros.<\/p>\n<div class=\"featured featured-grey\"><p><a href=\"https:\/\/www.apple.com\/apple-books\/\" target=\"_blank\" rel=\"noopener\">https:\/\/www.apple.com\/apple-books\/<\/a><\/p>\n<\/div>\n<figure id=\"attachment_106\" aria-describedby=\"caption-attachment-106\" style=\"width: 331px\" class=\"wp-caption alignnone\"><img loading=\"lazy\" decoding=\"async\" class=\"wp-image-106\" src=\"\/wp-content\/uploads\/2024\/01\/image025.png\" alt=\"\" width=\"331\" height=\"234\" \/><figcaption id=\"caption-attachment-106\" class=\"wp-caption-text\">Figura 4.4. Logo de Apple Books.<br \/>Fuente: elaboraci\u00f3n propia.<\/figcaption><\/figure>\n","protected":false},"excerpt":{"rendered":"<p>Apple Books, anteriormente conocida como la aplicaci\u00f3n iBooks, es un lector de libros electr\u00f3nicos y una librer\u00eda nativa para dispositivos Apple. Se lanz\u00f3 como resultado despu\u00e9s de que Apple trasladara sus libros de la tienda iTunes y creara una aplicaci\u00f3n dedicada. Se pueden comprar libros electr\u00f3nicos, audiolibros o leer material descargado previamente. Por el momento, [&hellip;]<\/p>\n","protected":false},"author":2,"featured_media":0,"parent":0,"menu_order":0,"comment_status":"closed","ping_status":"closed","template":"","meta":{"footnotes":""},"acf":[],"_links":{"self":[{"href":"https:\/\/so-xarxa.recursos.uoc.edu\/es\/wp-json\/wp\/v2\/pages\/239"}],"collection":[{"href":"https:\/\/so-xarxa.recursos.uoc.edu\/es\/wp-json\/wp\/v2\/pages"}],"about":[{"href":"https:\/\/so-xarxa.recursos.uoc.edu\/es\/wp-json\/wp\/v2\/types\/page"}],"author":[{"embeddable":true,"href":"https:\/\/so-xarxa.recursos.uoc.edu\/es\/wp-json\/wp\/v2\/users\/2"}],"replies":[{"embeddable":true,"href":"https:\/\/so-xarxa.recursos.uoc.edu\/es\/wp-json\/wp\/v2\/comments?post=239"}],"version-history":[{"count":4,"href":"https:\/\/so-xarxa.recursos.uoc.edu\/es\/wp-json\/wp\/v2\/pages\/239\/revisions"}],"predecessor-version":[{"id":441,"href":"https:\/\/so-xarxa.recursos.uoc.edu\/es\/wp-json\/wp\/v2\/pages\/239\/revisions\/441"}],"wp:attachment":[{"href":"https:\/\/so-xarxa.recursos.uoc.edu\/es\/wp-json\/wp\/v2\/media?parent=239"}],"curies":[{"name":"wp","href":"https:\/\/api.w.org\/{rel}","templated":true}]}}