{"id":236,"date":"2024-01-09T13:09:32","date_gmt":"2024-01-09T12:09:32","guid":{"rendered":"https:\/\/so-xarxa.recursos.uoc.edu\/?page_id=236"},"modified":"2024-01-26T10:09:55","modified_gmt":"2024-01-26T09:09:55","slug":"4-2-3-ivoox","status":"publish","type":"page","link":"https:\/\/so-xarxa.recursos.uoc.edu\/es\/4-2-3-ivoox\/","title":{"rendered":"4.2.3. Ivoox"},"content":{"rendered":"<p>Ivoox como ya se ha comentado, es una plataforma para la publicaci\u00f3n de p\u00f3dcast pero tambi\u00e9n de audiolibros. Dispone de una secci\u00f3n dedicada a este tipo de audios donde se pueden encontrar de forma gratuita un buen n\u00famero de propuestas.<\/p>\n<p>Una de sus caracter\u00edsticas es que crea una comunidad alrededor de los audiolibros, ya que permite que cualquier persona pueda subir una obra. Cabe decir que la calidad puede ser dispar debido al origen tambi\u00e9n variado del material y los creadores.<\/p>\n<p>Se pueden escuchar a trav\u00e9s de su web o con la aplicaci\u00f3n de la plataforma para Android e iOS.<\/p>\n<div class=\"featured featured-grey\"><p><a href=\"https:\/\/www.ivoox.com\/\" target=\"_blank\" rel=\"noopener\">https:\/\/www.ivoox.com\/<\/a><\/p>\n<\/div>\n<figure id=\"attachment_104\" aria-describedby=\"caption-attachment-104\" style=\"width: 640px\" class=\"wp-caption alignnone\"><img loading=\"lazy\" decoding=\"async\" class=\"wp-image-104 size-large\" src=\"\/wp-content\/uploads\/2024\/01\/image024-1024x387.png\" alt=\"\" width=\"640\" height=\"242\" srcset=\"\/wp-content\/uploads\/2024\/01\/image024-1024x387.png 1024w, \/wp-content\/uploads\/2024\/01\/image024-300x113.png 300w, \/wp-content\/uploads\/2024\/01\/image024-768x290.png 768w, \/wp-content\/uploads\/2024\/01\/image024.png 1121w\" sizes=\"(max-width: 640px) 100vw, 640px\" \/><figcaption id=\"caption-attachment-104\" class=\"wp-caption-text\">Figura 4.3. P\u00e1gina principal de Ivoox Audio Libros.<br \/>Fuente: elaboraci\u00f3n propia.<\/figcaption><\/figure>\n<p>&nbsp;<\/p>\n","protected":false},"excerpt":{"rendered":"<p>Ivoox como ya se ha comentado, es una plataforma para la publicaci\u00f3n de p\u00f3dcast pero tambi\u00e9n de audiolibros. Dispone de una secci\u00f3n dedicada a este tipo de audios donde se pueden encontrar de forma gratuita un buen n\u00famero de propuestas. Una de sus caracter\u00edsticas es que crea una comunidad alrededor de los audiolibros, ya que [&hellip;]<\/p>\n","protected":false},"author":2,"featured_media":0,"parent":0,"menu_order":0,"comment_status":"closed","ping_status":"closed","template":"","meta":{"footnotes":""},"acf":[],"_links":{"self":[{"href":"https:\/\/so-xarxa.recursos.uoc.edu\/es\/wp-json\/wp\/v2\/pages\/236"}],"collection":[{"href":"https:\/\/so-xarxa.recursos.uoc.edu\/es\/wp-json\/wp\/v2\/pages"}],"about":[{"href":"https:\/\/so-xarxa.recursos.uoc.edu\/es\/wp-json\/wp\/v2\/types\/page"}],"author":[{"embeddable":true,"href":"https:\/\/so-xarxa.recursos.uoc.edu\/es\/wp-json\/wp\/v2\/users\/2"}],"replies":[{"embeddable":true,"href":"https:\/\/so-xarxa.recursos.uoc.edu\/es\/wp-json\/wp\/v2\/comments?post=236"}],"version-history":[{"count":5,"href":"https:\/\/so-xarxa.recursos.uoc.edu\/es\/wp-json\/wp\/v2\/pages\/236\/revisions"}],"predecessor-version":[{"id":449,"href":"https:\/\/so-xarxa.recursos.uoc.edu\/es\/wp-json\/wp\/v2\/pages\/236\/revisions\/449"}],"wp:attachment":[{"href":"https:\/\/so-xarxa.recursos.uoc.edu\/es\/wp-json\/wp\/v2\/media?parent=236"}],"curies":[{"name":"wp","href":"https:\/\/api.w.org\/{rel}","templated":true}]}}