{"id":232,"date":"2024-01-09T13:05:34","date_gmt":"2024-01-09T12:05:34","guid":{"rendered":"https:\/\/so-xarxa.recursos.uoc.edu\/?page_id=232"},"modified":"2024-01-26T10:09:43","modified_gmt":"2024-01-26T09:09:43","slug":"4-2-2-audible","status":"publish","type":"page","link":"https:\/\/so-xarxa.recursos.uoc.edu\/es\/4-2-2-audible\/","title":{"rendered":"4.2.2. Audible"},"content":{"rendered":"<p>Audible, propiedad de Amazon, es una de las plataformas de audiolibros m\u00e1s populares. Ofrece una gran cantidad de t\u00edtulos, desde cl\u00e1sicos muy conocidos hasta nuevos lanzamientos. Dispone de audiolibros exclusivos solo accesibles desde su plataforma.<\/p>\n<p>Funciona con un sistema de cr\u00e9ditos donde estos son la moneda interna del servicio y un cr\u00e9dito compra un audiolibro, la opci\u00f3n de subscripci\u00f3n b\u00e1sica ofrece un audiolibro al mes llegando en planes sucesivos hasta los veinticuatro cr\u00e9ditos anuales.<\/p>\n<p>Tambi\u00e9n permite la devoluci\u00f3n de un libro si no te gusta o no era lo que esperabas, pudiendo reutilizar el cr\u00e9dito para comprar otro diferente. Se puede acceder a los audiolibros a trav\u00e9s del navegador o con su aplicaci\u00f3n para dispositivos m\u00f3viles, y tambi\u00e9n se pueden descargar.<\/p>\n<figure id=\"attachment_102\" aria-describedby=\"caption-attachment-102\" style=\"width: 640px\" class=\"wp-caption alignnone\"><img loading=\"lazy\" decoding=\"async\" class=\"wp-image-102 size-large\" src=\"\/wp-content\/uploads\/2024\/01\/image023-1024x578.png\" alt=\"\" width=\"640\" height=\"361\" srcset=\"\/wp-content\/uploads\/2024\/01\/image023-1024x578.png 1024w, \/wp-content\/uploads\/2024\/01\/image023-300x169.png 300w, \/wp-content\/uploads\/2024\/01\/image023-768x434.png 768w, \/wp-content\/uploads\/2024\/01\/image023.png 1107w\" sizes=\"(max-width: 640px) 100vw, 640px\" \/><figcaption id=\"caption-attachment-102\" class=\"wp-caption-text\">Figura 4.2. P\u00e1gina principal de Audible.<br \/>Fuente: elaboraci\u00f3n propia.<\/figcaption><\/figure>\n","protected":false},"excerpt":{"rendered":"<p>Audible, propiedad de Amazon, es una de las plataformas de audiolibros m\u00e1s populares. Ofrece una gran cantidad de t\u00edtulos, desde cl\u00e1sicos muy conocidos hasta nuevos lanzamientos. Dispone de audiolibros exclusivos solo accesibles desde su plataforma. Funciona con un sistema de cr\u00e9ditos donde estos son la moneda interna del servicio y un cr\u00e9dito compra un audiolibro, [&hellip;]<\/p>\n","protected":false},"author":2,"featured_media":0,"parent":0,"menu_order":0,"comment_status":"closed","ping_status":"closed","template":"","meta":{"footnotes":""},"acf":[],"_links":{"self":[{"href":"https:\/\/so-xarxa.recursos.uoc.edu\/es\/wp-json\/wp\/v2\/pages\/232"}],"collection":[{"href":"https:\/\/so-xarxa.recursos.uoc.edu\/es\/wp-json\/wp\/v2\/pages"}],"about":[{"href":"https:\/\/so-xarxa.recursos.uoc.edu\/es\/wp-json\/wp\/v2\/types\/page"}],"author":[{"embeddable":true,"href":"https:\/\/so-xarxa.recursos.uoc.edu\/es\/wp-json\/wp\/v2\/users\/2"}],"replies":[{"embeddable":true,"href":"https:\/\/so-xarxa.recursos.uoc.edu\/es\/wp-json\/wp\/v2\/comments?post=232"}],"version-history":[{"count":4,"href":"https:\/\/so-xarxa.recursos.uoc.edu\/es\/wp-json\/wp\/v2\/pages\/232\/revisions"}],"predecessor-version":[{"id":448,"href":"https:\/\/so-xarxa.recursos.uoc.edu\/es\/wp-json\/wp\/v2\/pages\/232\/revisions\/448"}],"wp:attachment":[{"href":"https:\/\/so-xarxa.recursos.uoc.edu\/es\/wp-json\/wp\/v2\/media?parent=232"}],"curies":[{"name":"wp","href":"https:\/\/api.w.org\/{rel}","templated":true}]}}