{"id":229,"date":"2024-01-09T13:02:29","date_gmt":"2024-01-09T12:02:29","guid":{"rendered":"https:\/\/so-xarxa.recursos.uoc.edu\/?page_id=229"},"modified":"2024-01-26T10:11:26","modified_gmt":"2024-01-26T09:11:26","slug":"4-2-1-storytel","status":"publish","type":"page","link":"https:\/\/so-xarxa.recursos.uoc.edu\/es\/4-2-1-storytel\/","title":{"rendered":"4.2.1. Storytel"},"content":{"rendered":"<p>Storytel es una plataforma de suscripci\u00f3n de audiolibros y libros electr\u00f3nicos que ofrece a los usuarios acceso a una amplia variedad de t\u00edtulos y est\u00e1 disponible en m\u00e1s de veinticinco pa\u00edses. Todas las escuchas o lecturas se realizan a trav\u00e9s de la aplicaci\u00f3n Storytel para Android o iOS, no en su p\u00e1gina web.<\/p>\n<p>Los usuarios pueden suscribirse a Storytel con varios planes diferentes, algunos dan acceso ilimitado a su colecci\u00f3n de audiolibros mediante una tarifa mensual. Adem\u00e1s, la plataforma ofrece una funci\u00f3n de descarga para que los usuarios puedan escuchar los audiolibros incluso cuando no est\u00e1n conectados a Internet.<\/p>\n<div class=\"featured featured-grey\"><p><a href=\"https:\/\/www.storytel.com\/\" target=\"_blank\" rel=\"noopener\">https:\/\/www.storytel.com\/<\/a><\/p>\n<\/div>\n<figure id=\"attachment_100\" aria-describedby=\"caption-attachment-100\" style=\"width: 640px\" class=\"wp-caption alignnone\"><img loading=\"lazy\" decoding=\"async\" class=\"wp-image-100 size-large\" src=\"\/wp-content\/uploads\/2024\/01\/image022-1024x521.png\" alt=\"\" width=\"640\" height=\"326\" srcset=\"\/wp-content\/uploads\/2024\/01\/image022-1024x521.png 1024w, \/wp-content\/uploads\/2024\/01\/image022-300x153.png 300w, \/wp-content\/uploads\/2024\/01\/image022-768x390.png 768w, \/wp-content\/uploads\/2024\/01\/image022.png 1363w\" sizes=\"(max-width: 640px) 100vw, 640px\" \/><figcaption id=\"caption-attachment-100\" class=\"wp-caption-text\">Figura 4.1. P\u00e1gina principal de Storytel.<br \/>Fuente: elaboraci\u00f3n propia.<\/figcaption><\/figure>\n","protected":false},"excerpt":{"rendered":"<p>Storytel es una plataforma de suscripci\u00f3n de audiolibros y libros electr\u00f3nicos que ofrece a los usuarios acceso a una amplia variedad de t\u00edtulos y est\u00e1 disponible en m\u00e1s de veinticinco pa\u00edses. Todas las escuchas o lecturas se realizan a trav\u00e9s de la aplicaci\u00f3n Storytel para Android o iOS, no en su p\u00e1gina web. Los usuarios [&hellip;]<\/p>\n","protected":false},"author":2,"featured_media":0,"parent":0,"menu_order":0,"comment_status":"closed","ping_status":"closed","template":"","meta":{"footnotes":""},"acf":[],"_links":{"self":[{"href":"https:\/\/so-xarxa.recursos.uoc.edu\/es\/wp-json\/wp\/v2\/pages\/229"}],"collection":[{"href":"https:\/\/so-xarxa.recursos.uoc.edu\/es\/wp-json\/wp\/v2\/pages"}],"about":[{"href":"https:\/\/so-xarxa.recursos.uoc.edu\/es\/wp-json\/wp\/v2\/types\/page"}],"author":[{"embeddable":true,"href":"https:\/\/so-xarxa.recursos.uoc.edu\/es\/wp-json\/wp\/v2\/users\/2"}],"replies":[{"embeddable":true,"href":"https:\/\/so-xarxa.recursos.uoc.edu\/es\/wp-json\/wp\/v2\/comments?post=229"}],"version-history":[{"count":4,"href":"https:\/\/so-xarxa.recursos.uoc.edu\/es\/wp-json\/wp\/v2\/pages\/229\/revisions"}],"predecessor-version":[{"id":450,"href":"https:\/\/so-xarxa.recursos.uoc.edu\/es\/wp-json\/wp\/v2\/pages\/229\/revisions\/450"}],"wp:attachment":[{"href":"https:\/\/so-xarxa.recursos.uoc.edu\/es\/wp-json\/wp\/v2\/media?parent=229"}],"curies":[{"name":"wp","href":"https:\/\/api.w.org\/{rel}","templated":true}]}}