{"id":225,"date":"2024-01-09T12:59:31","date_gmt":"2024-01-09T11:59:31","guid":{"rendered":"https:\/\/so-xarxa.recursos.uoc.edu\/?page_id=225"},"modified":"2024-01-09T12:59:31","modified_gmt":"2024-01-09T11:59:31","slug":"4-1-introduccion","status":"publish","type":"page","link":"https:\/\/so-xarxa.recursos.uoc.edu\/es\/4-1-introduccion\/","title":{"rendered":"4.1. Introducci\u00f3n"},"content":{"rendered":"<p>Los audiolibros son una forma de contenido literario que permite a los oyentes disfrutar de libros y textos mediante la reproducci\u00f3n de grabaciones de audio en lugar de la lectura tradicional. En esencia, un audiolibro es una narraci\u00f3n oral de un libro, que puede ser escuchada en dispositivos electr\u00f3nicos como tel\u00e9fonos inteligentes, tabletas, reproductores de audio y ordenadores.<\/p>\n<p>La accesibilidad es uno de los valores de los audiolibros porque representan una excelente opci\u00f3n para personas con discapacidades visuales o dificultades para leer. Tambi\u00e9n son populares entre aquellos que tienen un estilo de vida ocupado y desean consumir contenido literario mientras realizan otras actividades.<\/p>\n<p>Muchas veces resulta una experiencia inmersiva porque una buena narraci\u00f3n puede agregar profundidad y emoci\u00f3n a la historia. Los efectos de sonido, la entonaci\u00f3n y las actuaciones de los narradores pueden hacer que la historia cobre vida de una manera \u00fanica.<\/p>\n<p>Con el avance de la tecnolog\u00eda, los audiolibros han experimentado un crecimiento significativo en la era digital. Plataformas en l\u00ednea y aplicaciones m\u00f3viles ofrecen una variedad de audiolibros para su compra, alquiler o incluso consumo de forma gratuita.<\/p>\n","protected":false},"excerpt":{"rendered":"<p>Los audiolibros son una forma de contenido literario que permite a los oyentes disfrutar de libros y textos mediante la reproducci\u00f3n de grabaciones de audio en lugar de la lectura tradicional. En esencia, un audiolibro es una narraci\u00f3n oral de un libro, que puede ser escuchada en dispositivos electr\u00f3nicos como tel\u00e9fonos inteligentes, tabletas, reproductores de [&hellip;]<\/p>\n","protected":false},"author":2,"featured_media":0,"parent":0,"menu_order":0,"comment_status":"closed","ping_status":"closed","template":"","meta":{"footnotes":""},"acf":[],"_links":{"self":[{"href":"https:\/\/so-xarxa.recursos.uoc.edu\/es\/wp-json\/wp\/v2\/pages\/225"}],"collection":[{"href":"https:\/\/so-xarxa.recursos.uoc.edu\/es\/wp-json\/wp\/v2\/pages"}],"about":[{"href":"https:\/\/so-xarxa.recursos.uoc.edu\/es\/wp-json\/wp\/v2\/types\/page"}],"author":[{"embeddable":true,"href":"https:\/\/so-xarxa.recursos.uoc.edu\/es\/wp-json\/wp\/v2\/users\/2"}],"replies":[{"embeddable":true,"href":"https:\/\/so-xarxa.recursos.uoc.edu\/es\/wp-json\/wp\/v2\/comments?post=225"}],"version-history":[{"count":1,"href":"https:\/\/so-xarxa.recursos.uoc.edu\/es\/wp-json\/wp\/v2\/pages\/225\/revisions"}],"predecessor-version":[{"id":226,"href":"https:\/\/so-xarxa.recursos.uoc.edu\/es\/wp-json\/wp\/v2\/pages\/225\/revisions\/226"}],"wp:attachment":[{"href":"https:\/\/so-xarxa.recursos.uoc.edu\/es\/wp-json\/wp\/v2\/media?parent=225"}],"curies":[{"name":"wp","href":"https:\/\/api.w.org\/{rel}","templated":true}]}}