{"id":220,"date":"2024-01-09T12:57:28","date_gmt":"2024-01-09T11:57:28","guid":{"rendered":"https:\/\/so-xarxa.recursos.uoc.edu\/?page_id=220"},"modified":"2024-01-26T10:09:14","modified_gmt":"2024-01-26T09:09:14","slug":"3-4-3-directorios-de-podcast","status":"publish","type":"page","link":"https:\/\/so-xarxa.recursos.uoc.edu\/es\/3-4-3-directorios-de-podcast\/","title":{"rendered":"3.4.3. Directorios de p\u00f3dcast"},"content":{"rendered":"<p>Los directorios de p\u00f3dcast son una pieza clave en su alcance, visibilidad y crecimiento. Act\u00faan como plataformas centralizadas donde los oyentes pueden descubrir y acceder a una amplia variedad de programas de p\u00f3dcast. Estos directorios no solo brindan visibilidad a los programas, sino que tambi\u00e9n permiten a los oyentes explorar contenido en funci\u00f3n de sus intereses y suscribirse f\u00e1cilmente a los p\u00f3dcast que les interesan.<\/p>\n<p>Habitualmente a trav\u00e9s del <em>feed<\/em> RSS que proporciona el <em>hosting<\/em> donde se aloja el p\u00f3dcast se puede dar de alta este, en el directorio que nos interese. Algunos de estos son proactivos como Google Podcast, por lo que no es extra\u00f1o encontrar p\u00f3dcast que no han sido dados de alta por sus creadores en ese directorio.<\/p>\n<p>Aparte de Ivoox y Spotify mencionados anteriormente no solo como plataformas de alojamiento, sino tambi\u00e9n como directorios de p\u00f3dcast, podemos destacar:<\/p>\n<h4><strong>Google Podcasts<\/strong><\/h4>\n<p>Google Podcasts es un directorio que, como la mayor\u00eda, permite a los oyentes encontrar y reproducir contenido desde diferentes dispositivos facilitando la b\u00fasqueda y reproducci\u00f3n. La plataforma tiene una interfaz sencilla para buscar p\u00f3dcast por nombre y tema, reproducir, descargar y ajustar la velocidad de reproducci\u00f3n. Es accesible desde un navegador o trav\u00e9s de su aplicaci\u00f3n para Android o iOS.<\/p>\n<p>Para incluir un p\u00f3dcast en Google Podcasts, se debe proporcionar el <em>feed<\/em> RSS del contenido y completar un proceso de verificaci\u00f3n. Se requiere que el <em>feed<\/em> sea accesible, contenga al menos un episodio, que los formatos sean m4a, mp3, ogg y wav. y cumplir con est\u00e1ndares espec\u00edficos, incluyendo detalles como imagen de portada y descripci\u00f3n. Se recomienda el uso de HTTPS.<\/p>\n<p>Google Podcasts ofrece una anal\u00edtica detallada sobre el comportamiento de los oyentes, como reproducciones, descargas y promedio de reproducci\u00f3n. Adem\u00e1s, la plataforma ampl\u00eda el alcance del p\u00f3dcast al permitir que sea encontrado a trav\u00e9s de b\u00fasquedas en Google, proporcionando datos para optimizar el SEO.<\/p>\n<div class=\"featured featured-grey\"><p><a href=\"https:\/\/podcasts.google.com\/\" target=\"_blank\" rel=\"noopener\">https:\/\/podcasts.google.com\/<\/a><\/p>\n<\/div>\n<figure id=\"attachment_96\" aria-describedby=\"caption-attachment-96\" style=\"width: 900px\" class=\"wp-caption alignnone\"><img loading=\"lazy\" decoding=\"async\" class=\"wp-image-96\" src=\"\/wp-content\/uploads\/2024\/01\/image020-1024x144.png\" alt=\"\" width=\"900\" height=\"127\" srcset=\"\/wp-content\/uploads\/2024\/01\/image020-1024x144.png 1024w, \/wp-content\/uploads\/2024\/01\/image020-300x42.png 300w, \/wp-content\/uploads\/2024\/01\/image020-768x108.png 768w, \/wp-content\/uploads\/2024\/01\/image020-1536x217.png 1536w, \/wp-content\/uploads\/2024\/01\/image020-2048x289.png 2048w\" sizes=\"(max-width: 900px) 100vw, 900px\" \/><figcaption id=\"caption-attachment-96\" class=\"wp-caption-text\">Figura 3.4. Cabecera de Google Podcasts.<br \/>Fuente: elaboraci\u00f3n propia.<\/figcaption><\/figure>\n<h4><strong>Apple Podcasts<\/strong><\/h4>\n<p>Apple Podcasts es una aplicaci\u00f3n y un directorio para encontrar, seguir y escuchar millones de p\u00f3dcast populares de todo el mundo. Lo que antes era la biblioteca de p\u00f3dcast de iTunes ahora es Apple Podcasts.<\/p>\n<p>La aplicaci\u00f3n Apple Podcasts viene instalada en todos los dispositivos Apple, incluidos Apple TV, Apple Watch y CarPlay. Tambi\u00e9n se puede usar desde iTunes en Windows o con un altavoz compatible con Alexa.<\/p>\n<p>Aunque la mayor\u00eda de p\u00f3dcast son totalmente gratuitos, algunos creadores pueden ofrecer tambi\u00e9n suscripciones mensuales o anuales para acceder a producciones, episodios y canales exclusivos. Todos los episodios pueden ser descargados para escucharlos sin conexi\u00f3n y los episodios nuevos se pueden descargar autom\u00e1ticamente a la biblioteca de la aplicaci\u00f3n.<\/p>\n<p>Para incluir un p\u00f3dcast en su directorio se debe disponer de un <em>feed<\/em> RSS 2.0 en el que se reflejen los datos del p\u00f3dcast, como t\u00edtulo, descripci\u00f3n, una imagen, autor, etc. Despu\u00e9s es necesario crear, si no se dispone previamente, una id de Apple para enviar el p\u00f3dcast a Apple Podcast Connect.<\/p>\n<p>Una vez iniciada la sesi\u00f3n solo hay que agregar un p\u00f3dcast con una fuente RSS 2.0. Apple Podcast Connect procesa y valida los detalles del p\u00f3dcast lo que puede durar desde unos treinta minutos hasta algunas horas.<\/p>\n<p>Aunque Apple Podcasts es gratis si se quiere vender contenido pr\u00e9mium a trav\u00e9s de esta aplicaci\u00f3n es necesario unirse al programa Apple Podcaster y pagar una cuota. Algunas plataformas de alojamiento dan soporte a esta modalidad como Blubrry, Libsyn o Podbean, por citar algunas.<\/p>\n<div class=\"featured featured-grey\"><p><a href=\"https:\/\/www.apple.com\/apple-podcasts\/\" target=\"_blank\" rel=\"noopener\">https:\/\/www.apple.com\/apple-podcasts\/<\/a><\/p>\n<\/div>\n<figure id=\"attachment_98\" aria-describedby=\"caption-attachment-98\" style=\"width: 640px\" class=\"wp-caption alignnone\"><img loading=\"lazy\" decoding=\"async\" class=\"wp-image-98 size-large\" src=\"\/wp-content\/uploads\/2024\/01\/image021-1024x405.png\" alt=\"\" width=\"640\" height=\"253\" srcset=\"\/wp-content\/uploads\/2024\/01\/image021-1024x405.png 1024w, \/wp-content\/uploads\/2024\/01\/image021-300x119.png 300w, \/wp-content\/uploads\/2024\/01\/image021-768x304.png 768w, \/wp-content\/uploads\/2024\/01\/image021.png 1363w\" sizes=\"(max-width: 640px) 100vw, 640px\" \/><figcaption id=\"caption-attachment-98\" class=\"wp-caption-text\">Figura 3.5. Logo de Apple Podcasts.<br \/>Fuente: elaboraci\u00f3n propia.<\/figcaption><\/figure>\n<div id=\"gtx-trans\" style=\"position: absolute; left: -56px; top: 674.297px;\">\n<div class=\"gtx-trans-icon\"><\/div>\n<\/div>\n","protected":false},"excerpt":{"rendered":"<p>Los directorios de p\u00f3dcast son una pieza clave en su alcance, visibilidad y crecimiento. Act\u00faan como plataformas centralizadas donde los oyentes pueden descubrir y acceder a una amplia variedad de programas de p\u00f3dcast. Estos directorios no solo brindan visibilidad a los programas, sino que tambi\u00e9n permiten a los oyentes explorar contenido en funci\u00f3n de sus [&hellip;]<\/p>\n","protected":false},"author":2,"featured_media":0,"parent":0,"menu_order":0,"comment_status":"closed","ping_status":"closed","template":"","meta":{"footnotes":""},"acf":[],"_links":{"self":[{"href":"https:\/\/so-xarxa.recursos.uoc.edu\/es\/wp-json\/wp\/v2\/pages\/220"}],"collection":[{"href":"https:\/\/so-xarxa.recursos.uoc.edu\/es\/wp-json\/wp\/v2\/pages"}],"about":[{"href":"https:\/\/so-xarxa.recursos.uoc.edu\/es\/wp-json\/wp\/v2\/types\/page"}],"author":[{"embeddable":true,"href":"https:\/\/so-xarxa.recursos.uoc.edu\/es\/wp-json\/wp\/v2\/users\/2"}],"replies":[{"embeddable":true,"href":"https:\/\/so-xarxa.recursos.uoc.edu\/es\/wp-json\/wp\/v2\/comments?post=220"}],"version-history":[{"count":6,"href":"https:\/\/so-xarxa.recursos.uoc.edu\/es\/wp-json\/wp\/v2\/pages\/220\/revisions"}],"predecessor-version":[{"id":447,"href":"https:\/\/so-xarxa.recursos.uoc.edu\/es\/wp-json\/wp\/v2\/pages\/220\/revisions\/447"}],"wp:attachment":[{"href":"https:\/\/so-xarxa.recursos.uoc.edu\/es\/wp-json\/wp\/v2\/media?parent=220"}],"curies":[{"name":"wp","href":"https:\/\/api.w.org\/{rel}","templated":true}]}}