{"id":215,"date":"2024-01-09T12:52:09","date_gmt":"2024-01-09T11:52:09","guid":{"rendered":"https:\/\/so-xarxa.recursos.uoc.edu\/?page_id=215"},"modified":"2024-01-26T10:09:17","modified_gmt":"2024-01-26T09:09:17","slug":"3-4-2-plataformas-de-alojamiento","status":"publish","type":"page","link":"https:\/\/so-xarxa.recursos.uoc.edu\/es\/3-4-2-plataformas-de-alojamiento\/","title":{"rendered":"3.4.2. Plataformas de alojamiento"},"content":{"rendered":"<p>Las plataformas de alojamiento son aquellas que permiten subir los archivos de audio correspondientes a los episodios de un p\u00f3dcast y, por lo tanto, son las encargadas de suministrar el audio a los oyentes. Habitualmente suministran un fichero <em>feed<\/em> RSS (Rich Site Summary) que se utiliza para enviar a otros servicios web o aplicaciones, contenidos que se actualizan o cambian peri\u00f3dicamente. Este fichero tambi\u00e9n sirve para dar de alta el p\u00f3dcast en diferentes directorios y as\u00ed obtener mayor visibilidad o para que los oyentes se subscriban.<\/p>\n<p>A su vez podemos encontrar plataformas de alojamiento que tambi\u00e9n realizan la funci\u00f3n de directorio de p\u00f3dcast permitiendo publicar e indexar tanto contenido alojado como contenido externo que a trav\u00e9s de un RSS permitir\u00e1 darse de alta.<\/p>\n<p>Hay un gran n\u00famero de plataformas que ofrecen alojamiento para p\u00f3dcast, algunas totalmente gratuitas, otras con planes gratuitos y de pago, finalmente encontramos plataformas exclusivamente de pago.<\/p>\n<p>Por destacar algunas podemos hablar de:<\/p>\n<h4><strong>Ivoox<\/strong><\/h4>\n<p>Ivoox es una importante plataforma de p\u00f3dcast principalmente en idioma espa\u00f1ol. Est\u00e1 pensada para poder publicar y escuchar p\u00f3dcast, programas de radio y audiolibros.<\/p>\n<p>Su plan Free o B\u00e1sico es totalmente gratuito y ofrece almacenamiento y transferencia ilimitados, permitiendo subir la cantidad de audios y p\u00f3dcast que se quiera. Dispone de alta velocidad de descarga, no poniendo restricciones respecto a los planes no gratuitos. Ofrece herramientas de compartici\u00f3n para poder difundir el p\u00f3dcast o episodio en las redes sociales. Tambi\u00e9n un sistema de estad\u00edsticas de la audiencia.<\/p>\n<p>Sus planes de pago contienen diferentes prestaciones adicionales como posibilidad de monetizaci\u00f3n, mejores estad\u00edsticas, programaci\u00f3n de episodios, mejor visibilidad o mayor promoci\u00f3n, entre otras caracter\u00edsticas.<\/p>\n<p>Si se dispone de un alojamiento diferente, permite publicar el p\u00f3dcast mediante la URL del RSS. Ivoox realizar\u00e1 una comprobaci\u00f3n para verificar que el <em>feed<\/em> RSS es correcto y despu\u00e9s se podr\u00e1n completar los campos con la informaci\u00f3n del p\u00f3dcast. Este es un ejemplo de funci\u00f3n de directorio y no de alojamiento.<\/p>\n<div class=\"featured featured-grey\"><p><a href=\"https:\/\/www.ivoox.com\/\" target=\"_blank\" rel=\"noopener\">https:\/\/www.ivoox.com\/<\/a><\/p>\n<\/div>\n<figure id=\"attachment_90\" aria-describedby=\"caption-attachment-90\" style=\"width: 900px\" class=\"wp-caption alignnone\"><img loading=\"lazy\" decoding=\"async\" class=\"wp-image-90\" src=\"\/wp-content\/uploads\/2024\/01\/image017-1024x61.png\" alt=\"\" width=\"900\" height=\"54\" srcset=\"\/wp-content\/uploads\/2024\/01\/image017-1024x61.png 1024w, \/wp-content\/uploads\/2024\/01\/image017-300x18.png 300w, \/wp-content\/uploads\/2024\/01\/image017-768x46.png 768w, \/wp-content\/uploads\/2024\/01\/image017.png 1118w\" sizes=\"(max-width: 900px) 100vw, 900px\" \/><figcaption id=\"caption-attachment-90\" class=\"wp-caption-text\">Figura 3.1. Cabecera de Ivoox.<br \/>Fuente: elaboraci\u00f3n propia.<\/figcaption><\/figure>\n<h4><strong>Spotify for <em>Podcasters<\/em><\/strong><\/h4>\n<p>Anchor, una de las plataformas gratuitas de alojamiento de p\u00f3dcast m\u00e1s importantes, ahora pertenece a Spotify y se ha convertido en Spotify for <em>Podcasters<\/em>. Es una plataforma todo en uno que simplifica la creaci\u00f3n, distribuci\u00f3n, crecimiento y monetizaci\u00f3n del p\u00f3dcast. Est\u00e1 especialmente pensada para aquellos que est\u00e1n comenzando o que buscan una soluci\u00f3n gratuita. Pero por su difusi\u00f3n a trav\u00e9s de Spotify, tambi\u00e9n es \u00fatil para <em>podcasters<\/em> experimentados.<\/p>\n<p>Como otras plataformas de alojamiento, tambi\u00e9n ofrece la posibilidad de aprovechar su directorio y sus herramientas a los p\u00f3dcast alojados en otros lugares, dando acceso a estad\u00edsticas e interacci\u00f3n con los oyentes.<\/p>\n<div class=\"featured featured-grey\"><p>Dispone de un sistema de ayuda con detallados e interesantes recursos para la creaci\u00f3n de un p\u00f3dcast. <a href=\"https:\/\/podcasters.spotify.com\/resources\/learn\" target=\"_blank\" rel=\"noopener\">https:\/\/podcasters.spotify.com\/resources\/learn<\/a><\/p>\n<\/div>\n<p>Spotify for Podcasters, permite subir o grabar contenido, publicar videop\u00f3dcast en Spotify, disponer de funciones interactivas como encuestas, preguntas y respuestas, herramientas de monetizaci\u00f3n y estad\u00edsticas avanzadas. Tambi\u00e9n publicar los episodios y distribuirlos a todas las plataformas donde est\u00e9 disponible el p\u00f3dcast.<\/p>\n<div class=\"featured featured-grey\"><p><a href=\"https:\/\/podcasters.spotify.com\/\" target=\"_blank\" rel=\"noopener\">https:\/\/podcasters.spotify.com\/<\/a><\/p>\n<\/div>\n<figure id=\"attachment_92\" aria-describedby=\"caption-attachment-92\" style=\"width: 900px\" class=\"wp-caption alignnone\"><img loading=\"lazy\" decoding=\"async\" class=\"wp-image-92\" src=\"\/wp-content\/uploads\/2024\/01\/image018.png\" alt=\"\" width=\"900\" height=\"116\" srcset=\"\/wp-content\/uploads\/2024\/01\/image018.png 1235w, \/wp-content\/uploads\/2024\/01\/image018-300x39.png 300w, \/wp-content\/uploads\/2024\/01\/image018-1024x132.png 1024w, \/wp-content\/uploads\/2024\/01\/image018-768x99.png 768w\" sizes=\"(max-width: 900px) 100vw, 900px\" \/><figcaption id=\"caption-attachment-92\" class=\"wp-caption-text\">Figura 3.2. Cabecera de Spotify for Podcasters.<br \/>Fuente: elaboraci\u00f3n propia.<\/figcaption><\/figure>\n<h4><strong>SoundCloud<\/strong><\/h4>\n<p>SoundCloud es una plataforma en l\u00ednea que ofrece a los m\u00fasicos, <em>podcasters<\/em> y creadores de contenido de audio un espacio para cargar, compartir y promocionar su trabajo, as\u00ed como para conectarse con su audiencia y otros creadores en una comunidad dedicada al audio. En 2023 conten\u00eda m\u00e1s de 320 millones de audios realizados por 30 millones de artistas ubicados en 193 pa\u00edses siendo una de las mayores plataformas de audio del mundo.<\/p>\n<p>Dispone de un plan gratuito que incluye: hasta tres horas de carga de pistas, compartir pistas privadas con colaboradores, publicar pistas p\u00fablicas y escuchar a los fans, tambi\u00e9n estad\u00edsticas b\u00e1sicas sobre los seguidores.<\/p>\n<p>El plan Pro incluye diferentes ventajas, entre las que destacan, carga ilimitada de pistas y herramientas de gesti\u00f3n, cobrar por los audios en los servicios de streaming, distribuir a Spotify, Apple Music y otros.<\/p>\n<div class=\"featured featured-grey\"><p><a href=\"https:\/\/soundcloud.com\/\" target=\"_blank\" rel=\"noopener\">https:\/\/soundcloud.com\/<\/a><\/p>\n<\/div>\n<figure id=\"attachment_94\" aria-describedby=\"caption-attachment-94\" style=\"width: 900px\" class=\"wp-caption alignnone\"><img loading=\"lazy\" decoding=\"async\" class=\"wp-image-94\" src=\"\/wp-content\/uploads\/2024\/01\/image019-1024x373.png\" alt=\"\" width=\"900\" height=\"328\" srcset=\"\/wp-content\/uploads\/2024\/01\/image019-1024x373.png 1024w, \/wp-content\/uploads\/2024\/01\/image019-300x109.png 300w, \/wp-content\/uploads\/2024\/01\/image019-768x280.png 768w, \/wp-content\/uploads\/2024\/01\/image019.png 1240w\" sizes=\"(max-width: 900px) 100vw, 900px\" \/><figcaption id=\"caption-attachment-94\" class=\"wp-caption-text\">Figura 3.3. Cabecera SoundCloud.<br \/>Fuente: elaboraci\u00f3n propia.<\/figcaption><\/figure>\n<div id=\"gtx-trans\" style=\"position: absolute; left: -63px; top: 1211.03px;\">\n<div class=\"gtx-trans-icon\"><\/div>\n<\/div>\n","protected":false},"excerpt":{"rendered":"<p>Las plataformas de alojamiento son aquellas que permiten subir los archivos de audio correspondientes a los episodios de un p\u00f3dcast y, por lo tanto, son las encargadas de suministrar el audio a los oyentes. Habitualmente suministran un fichero feed RSS (Rich Site Summary) que se utiliza para enviar a otros servicios web o aplicaciones, contenidos [&hellip;]<\/p>\n","protected":false},"author":2,"featured_media":0,"parent":0,"menu_order":0,"comment_status":"closed","ping_status":"closed","template":"","meta":{"footnotes":""},"acf":[],"_links":{"self":[{"href":"https:\/\/so-xarxa.recursos.uoc.edu\/es\/wp-json\/wp\/v2\/pages\/215"}],"collection":[{"href":"https:\/\/so-xarxa.recursos.uoc.edu\/es\/wp-json\/wp\/v2\/pages"}],"about":[{"href":"https:\/\/so-xarxa.recursos.uoc.edu\/es\/wp-json\/wp\/v2\/types\/page"}],"author":[{"embeddable":true,"href":"https:\/\/so-xarxa.recursos.uoc.edu\/es\/wp-json\/wp\/v2\/users\/2"}],"replies":[{"embeddable":true,"href":"https:\/\/so-xarxa.recursos.uoc.edu\/es\/wp-json\/wp\/v2\/comments?post=215"}],"version-history":[{"count":9,"href":"https:\/\/so-xarxa.recursos.uoc.edu\/es\/wp-json\/wp\/v2\/pages\/215\/revisions"}],"predecessor-version":[{"id":445,"href":"https:\/\/so-xarxa.recursos.uoc.edu\/es\/wp-json\/wp\/v2\/pages\/215\/revisions\/445"}],"wp:attachment":[{"href":"https:\/\/so-xarxa.recursos.uoc.edu\/es\/wp-json\/wp\/v2\/media?parent=215"}],"curies":[{"name":"wp","href":"https:\/\/api.w.org\/{rel}","templated":true}]}}