{"id":198,"date":"2024-01-09T12:37:56","date_gmt":"2024-01-09T11:37:56","guid":{"rendered":"https:\/\/so-xarxa.recursos.uoc.edu\/?page_id=198"},"modified":"2024-01-11T12:03:15","modified_gmt":"2024-01-11T11:03:15","slug":"3-2-6-publicacion","status":"publish","type":"page","link":"https:\/\/so-xarxa.recursos.uoc.edu\/es\/3-2-6-publicacion\/","title":{"rendered":"3.2.6. Publicaci\u00f3n"},"content":{"rendered":"<ul>\n<li><strong>Formato y compresi\u00f3n<\/strong>. Convertimos el archivo de audio a un formato compatible con la plataforma en la que vayamos a realizar la publicaci\u00f3n, habitualmente MP3. Se ajusta la tasa de bits para equilibrar calidad y tama\u00f1o.<\/li>\n<li><strong>Alojamiento<\/strong>. Subimos el archivo de audio a un servicio de alojamiento de p\u00f3dcast, como, Spotify for Podcasters, Ivoox, SoundCloud, Libsyn o Podbean.<\/li>\n<li><strong>Metadatos<\/strong>. A\u00f1adimos metadatos como t\u00edtulo, descripci\u00f3n y etiquetas relevantes para mejorar la visibilidad y b\u00fasqueda del p\u00f3dcast.<\/li>\n<li><strong>Distribuci\u00f3n<\/strong>. Utilizamos diferentes directorios de distribuci\u00f3n de p\u00f3dcast, como Apple Podcasts, Spotify o Google Podcasts, para que las personas puedan encontrar y suscribirse a nuestro p\u00f3dcast.<\/li>\n<\/ul>\n","protected":false},"excerpt":{"rendered":"<p>Formato y compresi\u00f3n. Convertimos el archivo de audio a un formato compatible con la plataforma en la que vayamos a realizar la publicaci\u00f3n, habitualmente MP3. Se ajusta la tasa de bits para equilibrar calidad y tama\u00f1o. Alojamiento. Subimos el archivo de audio a un servicio de alojamiento de p\u00f3dcast, como, Spotify for Podcasters, Ivoox, SoundCloud, [&hellip;]<\/p>\n","protected":false},"author":2,"featured_media":0,"parent":0,"menu_order":0,"comment_status":"closed","ping_status":"closed","template":"","meta":{"footnotes":""},"acf":[],"_links":{"self":[{"href":"https:\/\/so-xarxa.recursos.uoc.edu\/es\/wp-json\/wp\/v2\/pages\/198"}],"collection":[{"href":"https:\/\/so-xarxa.recursos.uoc.edu\/es\/wp-json\/wp\/v2\/pages"}],"about":[{"href":"https:\/\/so-xarxa.recursos.uoc.edu\/es\/wp-json\/wp\/v2\/types\/page"}],"author":[{"embeddable":true,"href":"https:\/\/so-xarxa.recursos.uoc.edu\/es\/wp-json\/wp\/v2\/users\/2"}],"replies":[{"embeddable":true,"href":"https:\/\/so-xarxa.recursos.uoc.edu\/es\/wp-json\/wp\/v2\/comments?post=198"}],"version-history":[{"count":5,"href":"https:\/\/so-xarxa.recursos.uoc.edu\/es\/wp-json\/wp\/v2\/pages\/198\/revisions"}],"predecessor-version":[{"id":382,"href":"https:\/\/so-xarxa.recursos.uoc.edu\/es\/wp-json\/wp\/v2\/pages\/198\/revisions\/382"}],"wp:attachment":[{"href":"https:\/\/so-xarxa.recursos.uoc.edu\/es\/wp-json\/wp\/v2\/media?parent=198"}],"curies":[{"name":"wp","href":"https:\/\/api.w.org\/{rel}","templated":true}]}}