{"id":195,"date":"2024-01-09T12:35:36","date_gmt":"2024-01-09T11:35:36","guid":{"rendered":"https:\/\/so-xarxa.recursos.uoc.edu\/?page_id=195"},"modified":"2024-01-11T12:02:53","modified_gmt":"2024-01-11T11:02:53","slug":"3-2-5-edicion","status":"publish","type":"page","link":"https:\/\/so-xarxa.recursos.uoc.edu\/es\/3-2-5-edicion\/","title":{"rendered":"3.2.5. Edici\u00f3n"},"content":{"rendered":"<ul>\n<li><strong>Eliminaci\u00f3n de errores<\/strong>. Utilizando el software de edici\u00f3n para recortar partes no deseadas, pausas largas, errores o ruidos puntuales.<\/li>\n<li><strong>Mejorar la grabaci\u00f3n<\/strong>. Podemos aplicar si es necesario diferentes efectos como el de eliminaci\u00f3n de clics, reducci\u00f3n de ruido, puerta de ruido, compresor o normalizaci\u00f3n.<\/li>\n<li><strong>Mezcla<\/strong>. Hay que buscar un sonido equilibrado entre las diferentes piezas de audio, por lo tanto, todas las pistas deben estar en valores de volumen parecido. En este proceso, a trav\u00e9s de la caracter\u00edstica multipista del software de edici\u00f3n, podremos agregar m\u00fasica de fondo o efectos de sonido modificando su envolvente, cuando sea necesario. Por ejemplo, al coincidir con la locuci\u00f3n que habitualmente no se debe eclipsar por otros elementos.<\/li>\n<li><strong>Normalizar volumen o <em>loudness normalization<\/em><\/strong>. Deberemos saber cu\u00e1l es el promedio de volumen que recomienda el sitio donde vamos a publicar el p\u00f3dcast. Esto es algo cada vez m\u00e1s habitual entre las plataformas de streaming de m\u00fasica y p\u00f3dcast.<\/li>\n<\/ul>\n","protected":false},"excerpt":{"rendered":"<p>Eliminaci\u00f3n de errores. Utilizando el software de edici\u00f3n para recortar partes no deseadas, pausas largas, errores o ruidos puntuales. Mejorar la grabaci\u00f3n. Podemos aplicar si es necesario diferentes efectos como el de eliminaci\u00f3n de clics, reducci\u00f3n de ruido, puerta de ruido, compresor o normalizaci\u00f3n. Mezcla. Hay que buscar un sonido equilibrado entre las diferentes piezas [&hellip;]<\/p>\n","protected":false},"author":2,"featured_media":0,"parent":0,"menu_order":0,"comment_status":"closed","ping_status":"closed","template":"","meta":{"footnotes":""},"acf":[],"_links":{"self":[{"href":"https:\/\/so-xarxa.recursos.uoc.edu\/es\/wp-json\/wp\/v2\/pages\/195"}],"collection":[{"href":"https:\/\/so-xarxa.recursos.uoc.edu\/es\/wp-json\/wp\/v2\/pages"}],"about":[{"href":"https:\/\/so-xarxa.recursos.uoc.edu\/es\/wp-json\/wp\/v2\/types\/page"}],"author":[{"embeddable":true,"href":"https:\/\/so-xarxa.recursos.uoc.edu\/es\/wp-json\/wp\/v2\/users\/2"}],"replies":[{"embeddable":true,"href":"https:\/\/so-xarxa.recursos.uoc.edu\/es\/wp-json\/wp\/v2\/comments?post=195"}],"version-history":[{"count":5,"href":"https:\/\/so-xarxa.recursos.uoc.edu\/es\/wp-json\/wp\/v2\/pages\/195\/revisions"}],"predecessor-version":[{"id":381,"href":"https:\/\/so-xarxa.recursos.uoc.edu\/es\/wp-json\/wp\/v2\/pages\/195\/revisions\/381"}],"wp:attachment":[{"href":"https:\/\/so-xarxa.recursos.uoc.edu\/es\/wp-json\/wp\/v2\/media?parent=195"}],"curies":[{"name":"wp","href":"https:\/\/api.w.org\/{rel}","templated":true}]}}