{"id":193,"date":"2024-01-09T12:34:05","date_gmt":"2024-01-09T11:34:05","guid":{"rendered":"https:\/\/so-xarxa.recursos.uoc.edu\/?page_id=193"},"modified":"2024-01-11T12:02:15","modified_gmt":"2024-01-11T11:02:15","slug":"3-2-4-grabacion","status":"publish","type":"page","link":"https:\/\/so-xarxa.recursos.uoc.edu\/es\/3-2-4-grabacion\/","title":{"rendered":"3.2.4. Grabaci\u00f3n"},"content":{"rendered":"<ul>\n<li><strong>Nivel de volumen<\/strong>. Se debe ajustar el nivel de entrada del micr\u00f3fono para evitar distorsiones y asegurarnos de que la voz se escuche claramente. Habitualmente grabar con un valor de entre -6 dB y -3 dB suele ser correcto.<\/li>\n<li><strong>Control de ruido<\/strong>. Pausar la grabaci\u00f3n si hay ruidos de fondo inesperados y reanudar cuando el entorno est\u00e9 tranquilo es algo que hay que tener en cuenta para no realizar una postproducci\u00f3n y edici\u00f3n muy agresiva que acabe bajando la calidad general del audio.<\/li>\n<\/ul>\n","protected":false},"excerpt":{"rendered":"<p>Nivel de volumen. Se debe ajustar el nivel de entrada del micr\u00f3fono para evitar distorsiones y asegurarnos de que la voz se escuche claramente. Habitualmente grabar con un valor de entre -6 dB y -3 dB suele ser correcto. Control de ruido. Pausar la grabaci\u00f3n si hay ruidos de fondo inesperados y reanudar cuando el [&hellip;]<\/p>\n","protected":false},"author":2,"featured_media":0,"parent":0,"menu_order":0,"comment_status":"closed","ping_status":"closed","template":"","meta":{"footnotes":""},"acf":[],"_links":{"self":[{"href":"https:\/\/so-xarxa.recursos.uoc.edu\/es\/wp-json\/wp\/v2\/pages\/193"}],"collection":[{"href":"https:\/\/so-xarxa.recursos.uoc.edu\/es\/wp-json\/wp\/v2\/pages"}],"about":[{"href":"https:\/\/so-xarxa.recursos.uoc.edu\/es\/wp-json\/wp\/v2\/types\/page"}],"author":[{"embeddable":true,"href":"https:\/\/so-xarxa.recursos.uoc.edu\/es\/wp-json\/wp\/v2\/users\/2"}],"replies":[{"embeddable":true,"href":"https:\/\/so-xarxa.recursos.uoc.edu\/es\/wp-json\/wp\/v2\/comments?post=193"}],"version-history":[{"count":5,"href":"https:\/\/so-xarxa.recursos.uoc.edu\/es\/wp-json\/wp\/v2\/pages\/193\/revisions"}],"predecessor-version":[{"id":380,"href":"https:\/\/so-xarxa.recursos.uoc.edu\/es\/wp-json\/wp\/v2\/pages\/193\/revisions\/380"}],"wp:attachment":[{"href":"https:\/\/so-xarxa.recursos.uoc.edu\/es\/wp-json\/wp\/v2\/media?parent=193"}],"curies":[{"name":"wp","href":"https:\/\/api.w.org\/{rel}","templated":true}]}}