{"id":186,"date":"2024-01-09T12:29:42","date_gmt":"2024-01-09T11:29:42","guid":{"rendered":"https:\/\/so-xarxa.recursos.uoc.edu\/?page_id=186"},"modified":"2024-01-11T12:00:15","modified_gmt":"2024-01-11T11:00:15","slug":"3-2-2-planificacion-y-conceptualizacion","status":"publish","type":"page","link":"https:\/\/so-xarxa.recursos.uoc.edu\/es\/3-2-2-planificacion-y-conceptualizacion\/","title":{"rendered":"3.2.2. Planificaci\u00f3n y conceptualizaci\u00f3n"},"content":{"rendered":"<ul>\n<li><strong>Tema y audiencia<\/strong>. Es primordial antes de hacer nada definir cu\u00e1l va a ser el tema del p\u00f3dcast. A su vez, resulta muy \u00fatil intentar identificar qui\u00e9n puede ser el p\u00fablico objetivo, a qui\u00e9n se va a dirigir principalmente y que es lo que queremos ofrecerles.<\/li>\n<li><strong>Guion y estructura<\/strong>. Generalmente, es bueno tener todo pautado antes de comenzar, decidir c\u00f3mo va a ser la entrada, si se va a utilizar m\u00fasica como sinton\u00eda, si esta va a ser solo al principio o durante todo el p\u00f3dcast. Si tendremos secciones, colaboradores, como hacemos la despedida, duraci\u00f3n de cada episodio y periodicidad.<\/li>\n<\/ul>\n","protected":false},"excerpt":{"rendered":"<p>Tema y audiencia. Es primordial antes de hacer nada definir cu\u00e1l va a ser el tema del p\u00f3dcast. A su vez, resulta muy \u00fatil intentar identificar qui\u00e9n puede ser el p\u00fablico objetivo, a qui\u00e9n se va a dirigir principalmente y que es lo que queremos ofrecerles. Guion y estructura. Generalmente, es bueno tener todo pautado [&hellip;]<\/p>\n","protected":false},"author":2,"featured_media":0,"parent":0,"menu_order":0,"comment_status":"closed","ping_status":"closed","template":"","meta":{"footnotes":""},"acf":[],"_links":{"self":[{"href":"https:\/\/so-xarxa.recursos.uoc.edu\/es\/wp-json\/wp\/v2\/pages\/186"}],"collection":[{"href":"https:\/\/so-xarxa.recursos.uoc.edu\/es\/wp-json\/wp\/v2\/pages"}],"about":[{"href":"https:\/\/so-xarxa.recursos.uoc.edu\/es\/wp-json\/wp\/v2\/types\/page"}],"author":[{"embeddable":true,"href":"https:\/\/so-xarxa.recursos.uoc.edu\/es\/wp-json\/wp\/v2\/users\/2"}],"replies":[{"embeddable":true,"href":"https:\/\/so-xarxa.recursos.uoc.edu\/es\/wp-json\/wp\/v2\/comments?post=186"}],"version-history":[{"count":5,"href":"https:\/\/so-xarxa.recursos.uoc.edu\/es\/wp-json\/wp\/v2\/pages\/186\/revisions"}],"predecessor-version":[{"id":376,"href":"https:\/\/so-xarxa.recursos.uoc.edu\/es\/wp-json\/wp\/v2\/pages\/186\/revisions\/376"}],"wp:attachment":[{"href":"https:\/\/so-xarxa.recursos.uoc.edu\/es\/wp-json\/wp\/v2\/media?parent=186"}],"curies":[{"name":"wp","href":"https:\/\/api.w.org\/{rel}","templated":true}]}}