{"id":184,"date":"2024-01-09T12:28:08","date_gmt":"2024-01-09T11:28:08","guid":{"rendered":"https:\/\/so-xarxa.recursos.uoc.edu\/?page_id=184"},"modified":"2024-01-11T12:01:06","modified_gmt":"2024-01-11T11:01:06","slug":"3-2-1-introduccion","status":"publish","type":"page","link":"https:\/\/so-xarxa.recursos.uoc.edu\/es\/3-2-1-introduccion\/","title":{"rendered":"3.2.1. Introducci\u00f3n"},"content":{"rendered":"<p>Elaborar un p\u00f3dcast implica varias etapas, desde la planificaci\u00f3n y grabaci\u00f3n hasta la edici\u00f3n y publicaci\u00f3n. Aqu\u00ed ten\u00e9is una breve lista de verificaci\u00f3n para su realizaci\u00f3n, esta puede variar en funci\u00f3n de cada p\u00f3dcast pero como norma general se puede tomar como punto de partida. Asumimos que se va a realizar con un ordenador fijo o port\u00e1til, aunque probablemente en un futuro se podr\u00e1n realizar de forma c\u00f3moda con dispositivos m\u00f3viles.<\/p>\n","protected":false},"excerpt":{"rendered":"<p>Elaborar un p\u00f3dcast implica varias etapas, desde la planificaci\u00f3n y grabaci\u00f3n hasta la edici\u00f3n y publicaci\u00f3n. Aqu\u00ed ten\u00e9is una breve lista de verificaci\u00f3n para su realizaci\u00f3n, esta puede variar en funci\u00f3n de cada p\u00f3dcast pero como norma general se puede tomar como punto de partida. Asumimos que se va a realizar con un ordenador fijo [&hellip;]<\/p>\n","protected":false},"author":2,"featured_media":0,"parent":0,"menu_order":0,"comment_status":"closed","ping_status":"closed","template":"","meta":{"footnotes":""},"acf":[],"_links":{"self":[{"href":"https:\/\/so-xarxa.recursos.uoc.edu\/es\/wp-json\/wp\/v2\/pages\/184"}],"collection":[{"href":"https:\/\/so-xarxa.recursos.uoc.edu\/es\/wp-json\/wp\/v2\/pages"}],"about":[{"href":"https:\/\/so-xarxa.recursos.uoc.edu\/es\/wp-json\/wp\/v2\/types\/page"}],"author":[{"embeddable":true,"href":"https:\/\/so-xarxa.recursos.uoc.edu\/es\/wp-json\/wp\/v2\/users\/2"}],"replies":[{"embeddable":true,"href":"https:\/\/so-xarxa.recursos.uoc.edu\/es\/wp-json\/wp\/v2\/comments?post=184"}],"version-history":[{"count":2,"href":"https:\/\/so-xarxa.recursos.uoc.edu\/es\/wp-json\/wp\/v2\/pages\/184\/revisions"}],"predecessor-version":[{"id":377,"href":"https:\/\/so-xarxa.recursos.uoc.edu\/es\/wp-json\/wp\/v2\/pages\/184\/revisions\/377"}],"wp:attachment":[{"href":"https:\/\/so-xarxa.recursos.uoc.edu\/es\/wp-json\/wp\/v2\/media?parent=184"}],"curies":[{"name":"wp","href":"https:\/\/api.w.org\/{rel}","templated":true}]}}