{"id":176,"date":"2024-01-09T12:20:04","date_gmt":"2024-01-09T11:20:04","guid":{"rendered":"https:\/\/so-xarxa.recursos.uoc.edu\/?page_id=176"},"modified":"2024-01-26T10:13:26","modified_gmt":"2024-01-26T09:13:26","slug":"2-1-3-audiomass","status":"publish","type":"page","link":"https:\/\/so-xarxa.recursos.uoc.edu\/es\/2-1-3-audiomass\/","title":{"rendered":"2.1.3. AudioMass"},"content":{"rendered":"<p>AudioMass es una herramienta en l\u00ednea dise\u00f1ada para la edici\u00f3n y manipulaci\u00f3n de archivos de audio directamente en el navegador, es gratuito y de c\u00f3digo abierto.<\/p>\n<div class=\"featured featured-grey\"><p>Este se puede consultar en Github <a href=\"https:\/\/github.com\/pkalogiros\/audiomass\" target=\"_blank\" rel=\"noopener\">https:\/\/github.com\/pkalogiros\/audiomass<\/a>. Est\u00e1 escrita en JavaScript con un tama\u00f1o de tan solo 65 kb y utiliza la API Web Audio.<\/p>\n<\/div>\n<p>AudioMass permite a los usuarios realizar tareas de edici\u00f3n b\u00e1sicas: cortar, copiar y pegar, tambi\u00e9n aplicar una buena cantidad de efectos de audio predefinidos como normalizaci\u00f3n, compresi\u00f3n, reducci\u00f3n de ruido o ecualizaci\u00f3n, entre otros.<\/p>\n<p>Una de las ventajas clave es su simplicidad y facilidad de uso. No requiere instalaci\u00f3n ni entornos muy potentes, lo que la convierte en una opci\u00f3n accesible para usuarios que desean realizar ediciones r\u00e1pidas de archivos de audio. Aunque no tiene todas las prestaciones de un software de edici\u00f3n de audio profesional, cumple con la funci\u00f3n de realizar ajustes de poca complejidad en el contenido de audio de una pista.<\/p>\n<p>A nivel de la experiencia de usuario apenas difiere de lo que podemos encontrar en otros editores conocidos. Un sistema de men\u00fas habitual en la parte superior, una barra de herramientas simple, una zona de dibujo de la forma de onda con men\u00fa contextual presionando el bot\u00f3n derecho y un v\u00fametro en la parte inferior. Tambi\u00e9n dispone de atajos de teclado como Ctrl+Z para deshacer o Ctrl+Y para rehacer.<\/p>\n<figure id=\"attachment_82\" aria-describedby=\"caption-attachment-82\" style=\"width: 640px\" class=\"wp-caption alignnone\"><img loading=\"lazy\" decoding=\"async\" class=\"wp-image-82 size-large\" src=\"\/wp-content\/uploads\/2024\/01\/image013-1024x541.png\" alt=\"\" width=\"640\" height=\"338\" srcset=\"\/wp-content\/uploads\/2024\/01\/image013-1024x541.png 1024w, \/wp-content\/uploads\/2024\/01\/image013-300x159.png 300w, \/wp-content\/uploads\/2024\/01\/image013-768x406.png 768w, \/wp-content\/uploads\/2024\/01\/image013.png 1128w\" sizes=\"(max-width: 640px) 100vw, 640px\" \/><figcaption id=\"caption-attachment-82\" class=\"wp-caption-text\">Figura 2.11. P\u00e1gina inicial de AudioMass.<br \/>Fuente: elaboraci\u00f3n propia.<\/figcaption><\/figure>\n<p>Podemos importar un audio simplemente arrastr\u00e1ndolo o abri\u00e9ndolo desde el men\u00fa \u00abFile\u00bb. En el men\u00fa \u00abView\u00bb podemos activar el an\u00e1lisis frecuencial y espectral en tiempo real al reproducir el audio. Por defecto nos abrir\u00e1 una ventana diferente para cada uno, pero haciendo clic en el bot\u00f3n \u00abdock interface\u00bb nos aparecer\u00e1n en la ventana principal. Tambi\u00e9n permite grabar audio presionando el bot\u00f3n de grabar.<\/p>\n<figure id=\"attachment_84\" aria-describedby=\"caption-attachment-84\" style=\"width: 640px\" class=\"wp-caption alignnone\"><img loading=\"lazy\" decoding=\"async\" class=\"wp-image-84 size-large\" src=\"\/wp-content\/uploads\/2024\/01\/image014-1024x538.png\" alt=\"\" width=\"640\" height=\"336\" srcset=\"\/wp-content\/uploads\/2024\/01\/image014-1024x538.png 1024w, \/wp-content\/uploads\/2024\/01\/image014-300x158.png 300w, \/wp-content\/uploads\/2024\/01\/image014-768x403.png 768w, \/wp-content\/uploads\/2024\/01\/image014.png 1127w\" sizes=\"(max-width: 640px) 100vw, 640px\" \/><figcaption id=\"caption-attachment-84\" class=\"wp-caption-text\">Figura 2.12. Interfaz de AudioMass.<br \/>Fuente: elaboraci\u00f3n propia.<\/figcaption><\/figure>\n<p>Como en todos los editores podemos seleccionar, hacer <em>zoom in<\/em> o <em>zoom out<\/em>, etc. Y aplicar los efectos que vemos en la siguiente captura de pantalla.<\/p>\n<figure id=\"attachment_86\" aria-describedby=\"caption-attachment-86\" style=\"width: 640px\" class=\"wp-caption alignnone\"><img loading=\"lazy\" decoding=\"async\" class=\"wp-image-86 size-large\" src=\"\/wp-content\/uploads\/2024\/01\/image015-1024x417.png\" alt=\"\" width=\"640\" height=\"261\" srcset=\"\/wp-content\/uploads\/2024\/01\/image015-1024x417.png 1024w, \/wp-content\/uploads\/2024\/01\/image015-300x122.png 300w, \/wp-content\/uploads\/2024\/01\/image015-768x313.png 768w, \/wp-content\/uploads\/2024\/01\/image015.png 1127w\" sizes=\"(max-width: 640px) 100vw, 640px\" \/><figcaption id=\"caption-attachment-86\" class=\"wp-caption-text\">Figura 2.13. Efectos disponibles en AudioMass.<br \/>Fuente: elaboraci\u00f3n propia.<\/figcaption><\/figure>\n<p>Finalmente, podemos exportar a formato MP3 con 128, 192 o 256kbps o en formato WAV con una frecuencia de muestreo de 44100Hz.<\/p>\n<figure id=\"attachment_88\" aria-describedby=\"caption-attachment-88\" style=\"width: 400px\" class=\"wp-caption alignnone\"><img loading=\"lazy\" decoding=\"async\" class=\"wp-image-88\" src=\"\/wp-content\/uploads\/2024\/01\/image016.png\" alt=\"\" width=\"400\" height=\"398\" srcset=\"\/wp-content\/uploads\/2024\/01\/image016.png 358w, \/wp-content\/uploads\/2024\/01\/image016-300x298.png 300w, \/wp-content\/uploads\/2024\/01\/image016-150x150.png 150w\" sizes=\"(max-width: 400px) 100vw, 400px\" \/><figcaption id=\"caption-attachment-88\" class=\"wp-caption-text\">Figura 2.14. Opciones de exportaci\u00f3n en AudioMass.<br \/>Fuente: elaboraci\u00f3n propia.<\/figcaption><\/figure>\n<p>Una de las caracter\u00edsticas que se espera que tenga en un futuro es la compatibilidad con m\u00faltiples pistas, ya que actualmente la capacidad de mezclar pistas y diferentes sonidos es muy limitada.<\/p>\n","protected":false},"excerpt":{"rendered":"<p>AudioMass es una herramienta en l\u00ednea dise\u00f1ada para la edici\u00f3n y manipulaci\u00f3n de archivos de audio directamente en el navegador, es gratuito y de c\u00f3digo abierto. AudioMass permite a los usuarios realizar tareas de edici\u00f3n b\u00e1sicas: cortar, copiar y pegar, tambi\u00e9n aplicar una buena cantidad de efectos de audio predefinidos como normalizaci\u00f3n, compresi\u00f3n, reducci\u00f3n de [&hellip;]<\/p>\n","protected":false},"author":2,"featured_media":0,"parent":0,"menu_order":0,"comment_status":"closed","ping_status":"closed","template":"","meta":{"footnotes":""},"acf":[],"_links":{"self":[{"href":"https:\/\/so-xarxa.recursos.uoc.edu\/es\/wp-json\/wp\/v2\/pages\/176"}],"collection":[{"href":"https:\/\/so-xarxa.recursos.uoc.edu\/es\/wp-json\/wp\/v2\/pages"}],"about":[{"href":"https:\/\/so-xarxa.recursos.uoc.edu\/es\/wp-json\/wp\/v2\/types\/page"}],"author":[{"embeddable":true,"href":"https:\/\/so-xarxa.recursos.uoc.edu\/es\/wp-json\/wp\/v2\/users\/2"}],"replies":[{"embeddable":true,"href":"https:\/\/so-xarxa.recursos.uoc.edu\/es\/wp-json\/wp\/v2\/comments?post=176"}],"version-history":[{"count":4,"href":"https:\/\/so-xarxa.recursos.uoc.edu\/es\/wp-json\/wp\/v2\/pages\/176\/revisions"}],"predecessor-version":[{"id":453,"href":"https:\/\/so-xarxa.recursos.uoc.edu\/es\/wp-json\/wp\/v2\/pages\/176\/revisions\/453"}],"wp:attachment":[{"href":"https:\/\/so-xarxa.recursos.uoc.edu\/es\/wp-json\/wp\/v2\/media?parent=176"}],"curies":[{"name":"wp","href":"https:\/\/api.w.org\/{rel}","templated":true}]}}