{"id":165,"date":"2024-01-09T11:56:12","date_gmt":"2024-01-09T10:56:12","guid":{"rendered":"https:\/\/so-xarxa.recursos.uoc.edu\/?page_id=165"},"modified":"2024-01-26T10:17:25","modified_gmt":"2024-01-26T09:17:25","slug":"2-1-2-audiotool","status":"publish","type":"page","link":"https:\/\/so-xarxa.recursos.uoc.edu\/es\/2-1-2-audiotool\/","title":{"rendered":"2.1.2. Audiotool"},"content":{"rendered":"<p>Audiotool es una plataforma en l\u00ednea que a trav\u00e9s de su web <a href=\"https:\/\/www.audiotool.com\" target=\"_blank\" rel=\"noopener\">https:\/\/www.audiotool.com<\/a> no solo es capaz de emular a un estudio de grabaci\u00f3n f\u00edsico, sino que adem\u00e1s, ofrece la posibilidad de guardar y recuperar configuraciones f\u00e1cilmente, colaborar con otras personas en tiempo real y acceder a una biblioteca que se va renovando y donde se pueden encontrar ajustes preestablecidos y muestras creadas por otros usuarios de la comunidad.<\/p>\n<p>Dispone de una gran cantidad de instrumentos virtuales, sintetizadores, cajas de ritmos y efectos con los que poder explorar y experimentar en la creaci\u00f3n musical. Los artistas colaboran y comparten sus creaciones en una biblioteca que se ha convertido en un espacio din\u00e1mico en constante crecimiento.<\/p>\n<p>Los trabajos colectivos y las sesiones en vivo son posibles en Audiotool, dando rienda suelta as\u00ed a la creatividad de m\u00faltiples usuarios en una comunidad que accede a una interfaz basada en nodos y que permite m\u00faltiples configuraciones y conexiones con cables virtuales de los diferentes elementos.<\/p>\n<p>Lo primero es identificarnos para entrar, esto se puede realizar con una cuenta de Gmail, Facebook, SoundCloud o Patreon. O si lo preferimos, es posible crear una cuenta.<\/p>\n<figure id=\"attachment_62\" aria-describedby=\"caption-attachment-62\" style=\"width: 620px\" class=\"wp-caption alignnone\"><img loading=\"lazy\" decoding=\"async\" class=\"wp-image-62\" src=\"\/wp-content\/uploads\/2024\/01\/image003.png\" alt=\"\" width=\"620\" height=\"445\" srcset=\"\/wp-content\/uploads\/2024\/01\/image003.png 981w, \/wp-content\/uploads\/2024\/01\/image003-300x215.png 300w, \/wp-content\/uploads\/2024\/01\/image003-768x551.png 768w\" sizes=\"(max-width: 620px) 100vw, 620px\" \/><figcaption id=\"caption-attachment-62\" class=\"wp-caption-text\">Figura 2.1. Acceso a la autenticaci\u00f3n de Audiotool.<br \/>Fuente: elaboraci\u00f3n propia.<\/figcaption><\/figure>\n<p>Si decidimos crear una cuenta en su web deberemos completar la siguiente informaci\u00f3n:<\/p>\n<figure id=\"attachment_64\" aria-describedby=\"caption-attachment-64\" style=\"width: 620px\" class=\"wp-caption alignnone\"><img loading=\"lazy\" decoding=\"async\" class=\"wp-image-64\" src=\"\/wp-content\/uploads\/2024\/01\/image004.png\" alt=\"\" width=\"620\" height=\"519\" srcset=\"\/wp-content\/uploads\/2024\/01\/image004.png 856w, \/wp-content\/uploads\/2024\/01\/image004-300x251.png 300w, \/wp-content\/uploads\/2024\/01\/image004-768x642.png 768w\" sizes=\"(max-width: 620px) 100vw, 620px\" \/><figcaption id=\"caption-attachment-64\" class=\"wp-caption-text\">Figura 2.2. Formulario para crear una cuenta en Audiotool.<br \/>Fuente: elaboraci\u00f3n propia.<\/figcaption><\/figure>\n<p>Al entrar nos invita a escoger tres g\u00e9neros musicales que nos interesen entre casi treinta.<\/p>\n<figure id=\"attachment_66\" aria-describedby=\"caption-attachment-66\" style=\"width: 620px\" class=\"wp-caption alignnone\"><img loading=\"lazy\" decoding=\"async\" class=\"wp-image-66\" src=\"\/wp-content\/uploads\/2024\/01\/image005.png\" alt=\"\" width=\"620\" height=\"430\" srcset=\"\/wp-content\/uploads\/2024\/01\/image005.png 974w, \/wp-content\/uploads\/2024\/01\/image005-300x208.png 300w, \/wp-content\/uploads\/2024\/01\/image005-768x533.png 768w\" sizes=\"(max-width: 620px) 100vw, 620px\" \/><figcaption id=\"caption-attachment-66\" class=\"wp-caption-text\">Figura 2.3. G\u00e9neros musicales en Audiotool.<br \/>Fuente: elaboraci\u00f3n propia.<\/figcaption><\/figure>\n<p>Al entrar ya nos propone visualizar un video breve para crear nuestro primer proyecto. <a href=\"https:\/\/www.youtube.com\/watch?v=u1p0CcBY6VE\" target=\"_blank\" rel=\"noopener\">https:\/\/www.youtube.com\/watch?v=u1p0CcBY6VE<\/a> este ser\u00e1 el primero de una serie titulados <strong>Audiotool First Steps<\/strong> en que nos explicaran como a\u00f1adir dispositivos, sintetizadores, utilizar los cables, a\u00f1adir efectos, utilizar ejemplos, editar el audio o como comenzar una colaboraci\u00f3n, entre otras cosas.<\/p>\n<figure id=\"attachment_68\" aria-describedby=\"caption-attachment-68\" style=\"width: 620px\" class=\"wp-caption alignnone\"><img loading=\"lazy\" decoding=\"async\" class=\"wp-image-68\" src=\"\/wp-content\/uploads\/2024\/01\/image006.png\" alt=\"\" width=\"620\" height=\"344\" srcset=\"\/wp-content\/uploads\/2024\/01\/image006.png 918w, \/wp-content\/uploads\/2024\/01\/image006-300x166.png 300w, \/wp-content\/uploads\/2024\/01\/image006-768x426.png 768w\" sizes=\"(max-width: 620px) 100vw, 620px\" \/><figcaption id=\"caption-attachment-68\" class=\"wp-caption-text\">Figura 2.4. Acceso al v\u00eddeo Audiotool First Steps.<br \/>Fuente: elaboraci\u00f3n propia.<\/figcaption><\/figure>\n<div class=\"featured featured-grey\"><p>Todos estos videos introductorios los pod\u00e9is encontrar en el manual de Audiotool <a href=\"https:\/\/manual.audiotool.com\/manuals\/getting_started\/video_tutorials.html\" target=\"_blank\" rel=\"noopener\">https:\/\/manual.audiotool.com\/manuals\/getting_started\/video_tutorials.html<\/a><\/p>\n<\/div>\n<p>La opci\u00f3n \u00abMusic\u00bb, da acceso a la m\u00fasica publicada en Audiotool organizada por g\u00e9neros, pistas, \u00e1lbumes, artistas, destacados y lo \u00faltimo de los seguidores.<\/p>\n<figure id=\"attachment_70\" aria-describedby=\"caption-attachment-70\" style=\"width: 620px\" class=\"wp-caption alignnone\"><img loading=\"lazy\" decoding=\"async\" class=\"wp-image-70\" src=\"\/wp-content\/uploads\/2024\/01\/image007.png\" alt=\"\" width=\"620\" height=\"328\" srcset=\"\/wp-content\/uploads\/2024\/01\/image007.png 987w, \/wp-content\/uploads\/2024\/01\/image007-300x159.png 300w, \/wp-content\/uploads\/2024\/01\/image007-768x406.png 768w\" sizes=\"(max-width: 620px) 100vw, 620px\" \/><figcaption id=\"caption-attachment-70\" class=\"wp-caption-text\">Figura 2.5. P\u00e1gina principal Audiotool.<br \/>Fuente: elaboraci\u00f3n propia.<\/figcaption><\/figure>\n<p>De la lista de canciones que aparece se podr\u00e1n ir escuchando a medida que las seleccionamos. En la parte inferior del navegador disponemos de un reproductor con las opciones habituales adem\u00e1s de las de compartir, a\u00f1adir la pista a una lista en forma de \u00e1lbum y, si el autor lo permite, poder remezclar la canci\u00f3n.<\/p>\n<figure id=\"attachment_72\" aria-describedby=\"caption-attachment-72\" style=\"width: 620px\" class=\"wp-caption alignnone\"><img loading=\"lazy\" decoding=\"async\" class=\"wp-image-72\" src=\"\/wp-content\/uploads\/2024\/01\/image008.png\" alt=\"\" width=\"620\" height=\"266\" srcset=\"\/wp-content\/uploads\/2024\/01\/image008.png 985w, \/wp-content\/uploads\/2024\/01\/image008-300x129.png 300w, \/wp-content\/uploads\/2024\/01\/image008-768x329.png 768w\" sizes=\"(max-width: 620px) 100vw, 620px\" \/><figcaption id=\"caption-attachment-72\" class=\"wp-caption-text\">Figura 2.6. Acceso a pistas de audio en Audiotool.<br \/>Fuente: elaboraci\u00f3n propia.<\/figcaption><\/figure>\n<p>La opci\u00f3n de remezclar (Remix this track) nos abrir\u00e1 el proyecto de esta pista en el \u00abStudio\u00bb de Audiotool en una nueva ventana. Lo que nos proporciona la posibilidad de editar y modificar este.<\/p>\n<figure id=\"attachment_74\" aria-describedby=\"caption-attachment-74\" style=\"width: 620px\" class=\"wp-caption alignnone\"><img loading=\"lazy\" decoding=\"async\" class=\"wp-image-74\" src=\"\/wp-content\/uploads\/2024\/01\/image009.png\" alt=\"\" width=\"620\" height=\"426\" srcset=\"\/wp-content\/uploads\/2024\/01\/image009.png 999w, \/wp-content\/uploads\/2024\/01\/image009-300x206.png 300w, \/wp-content\/uploads\/2024\/01\/image009-768x527.png 768w\" sizes=\"(max-width: 620px) 100vw, 620px\" \/><figcaption id=\"caption-attachment-74\" class=\"wp-caption-text\">Figura 2.7. Ejemplo de pista para remezclar en Audiotool.<br \/>Fuente: elaboraci\u00f3n propia.<\/figcaption><\/figure>\n<p>En el men\u00fa principal de Auditool, \u00abBoard\u00bb da acceso a los foros de la plataforma, \u00abAbout\u00bb muestra una lista completa de los elementos con los que trabajar y \u00abManual\u00bb todo lo que Audiotool ofrece de forma ordenada.<\/p>\n<p>Finalmente la opci\u00f3n Studio abre una nueva ventana en el navegador y permite crear un nuevo proyecto, remezclar una demo o abrir proyectos existentes. Si escogemos un nuevo proyecto dispondremos por defecto de la caja de ritmos \u00abMachiniste\u00bb, la mesa de mezclas y la salida, todo correctamente cableado.<\/p>\n<figure id=\"attachment_76\" aria-describedby=\"caption-attachment-76\" style=\"width: 620px\" class=\"wp-caption alignnone\"><img loading=\"lazy\" decoding=\"async\" class=\"wp-image-76\" src=\"\/wp-content\/uploads\/2024\/01\/image010.png\" alt=\"\" width=\"620\" height=\"396\" srcset=\"\/wp-content\/uploads\/2024\/01\/image010.png 1073w, \/wp-content\/uploads\/2024\/01\/image010-300x192.png 300w, \/wp-content\/uploads\/2024\/01\/image010-1024x655.png 1024w, \/wp-content\/uploads\/2024\/01\/image010-768x491.png 768w\" sizes=\"(max-width: 620px) 100vw, 620px\" \/><figcaption id=\"caption-attachment-76\" class=\"wp-caption-text\">Figura 2.8. Ejemplo de creaci\u00f3n de nueva pista en Audiotool.<br \/>Fuente: elaboraci\u00f3n propia.<\/figcaption><\/figure>\n<p>En la parte superior derecha disponemos del bot\u00f3n para invitar personas a colaborar en la realizaci\u00f3n de nuestra pista.<\/p>\n<figure id=\"attachment_78\" aria-describedby=\"caption-attachment-78\" style=\"width: 620px\" class=\"wp-caption alignnone\"><img loading=\"lazy\" decoding=\"async\" class=\"wp-image-78\" src=\"\/wp-content\/uploads\/2024\/01\/image011.png\" alt=\"\" width=\"620\" height=\"344\" srcset=\"\/wp-content\/uploads\/2024\/01\/image011.png 479w, \/wp-content\/uploads\/2024\/01\/image011-300x167.png 300w\" sizes=\"(max-width: 620px) 100vw, 620px\" \/><figcaption id=\"caption-attachment-78\" class=\"wp-caption-text\">Figura 2.9. Bot\u00f3n para invitar a colaborar en Audiotool.<br \/>Fuente: elaboraci\u00f3n propia.<\/figcaption><\/figure>\n<p>Nos ofrece diferentes opciones, si queremos invitar a algunas personas concretas deberemos escribir su nombre de usuario o correo electr\u00f3nico y nos aparecer\u00e1n para seleccionarlos. Por ejemplo queremos invitar a \u00aba-records\u00bb.<\/p>\n<figure id=\"attachment_80\" aria-describedby=\"caption-attachment-80\" style=\"width: 620px\" class=\"wp-caption alignnone\"><img loading=\"lazy\" decoding=\"async\" class=\"wp-image-80\" src=\"\/wp-content\/uploads\/2024\/01\/image012.png\" alt=\"\" width=\"620\" height=\"410\" srcset=\"\/wp-content\/uploads\/2024\/01\/image012.png 623w, \/wp-content\/uploads\/2024\/01\/image012-300x198.png 300w\" sizes=\"(max-width: 620px) 100vw, 620px\" \/><figcaption id=\"caption-attachment-80\" class=\"wp-caption-text\">Figura 2.10. Como invitar en Audiotool.<br \/>Fuente: elaboraci\u00f3n propia.<\/figcaption><\/figure>\n<p>Audiotool es una herramienta muy potente que ofrece una variedad de posibilidades muy importante a aquellas personas que quieran crear pistas musicales y tambi\u00e9n a aquellas otras que quieren descubrir nuevos artistas, nuevas m\u00fasicas y nuevas tendencias. Facilita el contacto entre creadores posibilitando el trabajo colaborativo de forma f\u00e1cil y eficiente.<\/p>\n","protected":false},"excerpt":{"rendered":"<p>Audiotool es una plataforma en l\u00ednea que a trav\u00e9s de su web https:\/\/www.audiotool.com no solo es capaz de emular a un estudio de grabaci\u00f3n f\u00edsico, sino que adem\u00e1s, ofrece la posibilidad de guardar y recuperar configuraciones f\u00e1cilmente, colaborar con otras personas en tiempo real y acceder a una biblioteca que se va renovando y donde [&hellip;]<\/p>\n","protected":false},"author":2,"featured_media":0,"parent":0,"menu_order":0,"comment_status":"closed","ping_status":"closed","template":"","meta":{"footnotes":""},"acf":[],"_links":{"self":[{"href":"https:\/\/so-xarxa.recursos.uoc.edu\/es\/wp-json\/wp\/v2\/pages\/165"}],"collection":[{"href":"https:\/\/so-xarxa.recursos.uoc.edu\/es\/wp-json\/wp\/v2\/pages"}],"about":[{"href":"https:\/\/so-xarxa.recursos.uoc.edu\/es\/wp-json\/wp\/v2\/types\/page"}],"author":[{"embeddable":true,"href":"https:\/\/so-xarxa.recursos.uoc.edu\/es\/wp-json\/wp\/v2\/users\/2"}],"replies":[{"embeddable":true,"href":"https:\/\/so-xarxa.recursos.uoc.edu\/es\/wp-json\/wp\/v2\/comments?post=165"}],"version-history":[{"count":10,"href":"https:\/\/so-xarxa.recursos.uoc.edu\/es\/wp-json\/wp\/v2\/pages\/165\/revisions"}],"predecessor-version":[{"id":456,"href":"https:\/\/so-xarxa.recursos.uoc.edu\/es\/wp-json\/wp\/v2\/pages\/165\/revisions\/456"}],"wp:attachment":[{"href":"https:\/\/so-xarxa.recursos.uoc.edu\/es\/wp-json\/wp\/v2\/media?parent=165"}],"curies":[{"name":"wp","href":"https:\/\/api.w.org\/{rel}","templated":true}]}}