{"id":161,"date":"2024-01-09T11:53:42","date_gmt":"2024-01-09T10:53:42","guid":{"rendered":"https:\/\/so-xarxa.recursos.uoc.edu\/?page_id=161"},"modified":"2024-01-09T11:54:41","modified_gmt":"2024-01-09T10:54:41","slug":"2-1-1-introduccion","status":"publish","type":"page","link":"https:\/\/so-xarxa.recursos.uoc.edu\/es\/2-1-1-introduccion\/","title":{"rendered":"2.1.1. Introducci\u00f3n"},"content":{"rendered":"<p>La evoluci\u00f3n del audio en l\u00ednea ha llevado al desarrollo de una variedad de herramientas y plataformas que permiten a los usuarios crear, editar y compartir contenido de audio. Tambi\u00e9n algunas permiten trabajar de manera colaborativa.<\/p>\n<p>Estas herramientas de audio en l\u00ednea abren nuevas posibilidades para creadores, m\u00fasicos, productores y personas interesadas en el audio al proporcionarles acceso a medios de edici\u00f3n y producci\u00f3n sin necesidad de disponer de software especializado. Vamos a ver dos herramientas \u00fatiles e interesantes: Audiotool y AudioMass.<\/p>\n","protected":false},"excerpt":{"rendered":"<p>La evoluci\u00f3n del audio en l\u00ednea ha llevado al desarrollo de una variedad de herramientas y plataformas que permiten a los usuarios crear, editar y compartir contenido de audio. Tambi\u00e9n algunas permiten trabajar de manera colaborativa. Estas herramientas de audio en l\u00ednea abren nuevas posibilidades para creadores, m\u00fasicos, productores y personas interesadas en el audio [&hellip;]<\/p>\n","protected":false},"author":2,"featured_media":0,"parent":0,"menu_order":0,"comment_status":"closed","ping_status":"closed","template":"","meta":{"footnotes":""},"acf":[],"_links":{"self":[{"href":"https:\/\/so-xarxa.recursos.uoc.edu\/es\/wp-json\/wp\/v2\/pages\/161"}],"collection":[{"href":"https:\/\/so-xarxa.recursos.uoc.edu\/es\/wp-json\/wp\/v2\/pages"}],"about":[{"href":"https:\/\/so-xarxa.recursos.uoc.edu\/es\/wp-json\/wp\/v2\/types\/page"}],"author":[{"embeddable":true,"href":"https:\/\/so-xarxa.recursos.uoc.edu\/es\/wp-json\/wp\/v2\/users\/2"}],"replies":[{"embeddable":true,"href":"https:\/\/so-xarxa.recursos.uoc.edu\/es\/wp-json\/wp\/v2\/comments?post=161"}],"version-history":[{"count":1,"href":"https:\/\/so-xarxa.recursos.uoc.edu\/es\/wp-json\/wp\/v2\/pages\/161\/revisions"}],"predecessor-version":[{"id":162,"href":"https:\/\/so-xarxa.recursos.uoc.edu\/es\/wp-json\/wp\/v2\/pages\/161\/revisions\/162"}],"wp:attachment":[{"href":"https:\/\/so-xarxa.recursos.uoc.edu\/es\/wp-json\/wp\/v2\/media?parent=161"}],"curies":[{"name":"wp","href":"https:\/\/api.w.org\/{rel}","templated":true}]}}