{"id":143,"date":"2024-01-09T11:38:54","date_gmt":"2024-01-09T10:38:54","guid":{"rendered":"https:\/\/so-xarxa.recursos.uoc.edu\/?page_id=143"},"modified":"2024-01-26T10:14:52","modified_gmt":"2024-01-26T09:14:52","slug":"1-3-2-definicion-de-conceptos","status":"publish","type":"page","link":"https:\/\/so-xarxa.recursos.uoc.edu\/es\/1-3-2-definicion-de-conceptos\/","title":{"rendered":"1.3.2. Definici\u00f3n de conceptos"},"content":{"rendered":"<ul>\n<li><strong>AudioContext<\/strong>. Representa el entorno en el que se crea, procesa y reproduce el audio. Todos los nodos de audio deben estar vinculados a un AudioContext para funcionar.<\/li>\n<li><strong>Nodos de audio<\/strong>. Los nodos de audio son los bloques fundamentales de construcci\u00f3n. Estos pueden ser generadores (fuentes de audio), procesadores (efectos de audio) o salidas (destinos de audio). Los nodos se conectan entre s\u00ed para formar un gr\u00e1fico que define c\u00f3mo fluye el audio a trav\u00e9s de la cadena de procesamiento.<\/li>\n<li><strong>Conexiones y enrutamiento<\/strong>. Los nodos de audio se conectan y desconectan entre s\u00ed utilizando m\u00e9todos como <code>connect()<\/code> y <code>disconnect()<\/code>. Esto permite configurar c\u00f3mo se procesa el audio a medida que fluye de un nodo a otro. Se puede controlar el enrutamiento y la mezcla de se\u00f1ales de audio de manera precisa.<\/li>\n<li><strong>Efectos y procesamiento<\/strong>. La API Web Audio ofrece una variedad de nodos de procesamiento que permiten aplicar efectos en tiempo real al audio. Estos nodos pueden ajustar el volumen, aplicar reverberaci\u00f3n, filtrar frecuencias y mucho m\u00e1s. Se pueden combinar m\u00faltiples nodos de efectos para crear sonidos complejos.<\/li>\n<\/ul>\n<p>Habitualmente el flujo de trabajo pasa por crear un contexto de audio, crear fuentes de audio de entrada, crear nodos de efectos, decidir el destino final del audio y conectar las entradas con los efectos y la salida.<\/p>\n<figure id=\"attachment_148\" aria-describedby=\"caption-attachment-148\" style=\"width: 516px\" class=\"wp-caption alignnone\"><img loading=\"lazy\" decoding=\"async\" class=\"wp-image-148 size-full\" src=\"\/wp-content\/uploads\/2024\/01\/PID_00297229_01-1.jpg\" alt=\"\" width=\"516\" height=\"108\" srcset=\"\/wp-content\/uploads\/2024\/01\/PID_00297229_01-1.jpg 516w, \/wp-content\/uploads\/2024\/01\/PID_00297229_01-1-300x63.jpg 300w\" sizes=\"(max-width: 516px) 100vw, 516px\" \/><figcaption id=\"caption-attachment-148\" class=\"wp-caption-text\">Figura 1.2. Flujo de trabajo API Web Audio.<br \/>Fuente: elaboraci\u00f3n propia.<\/figcaption><\/figure>\n<p>&nbsp;<\/p>\n","protected":false},"excerpt":{"rendered":"<p>AudioContext. Representa el entorno en el que se crea, procesa y reproduce el audio. Todos los nodos de audio deben estar vinculados a un AudioContext para funcionar. Nodos de audio. Los nodos de audio son los bloques fundamentales de construcci\u00f3n. Estos pueden ser generadores (fuentes de audio), procesadores (efectos de audio) o salidas (destinos de [&hellip;]<\/p>\n","protected":false},"author":2,"featured_media":0,"parent":0,"menu_order":0,"comment_status":"closed","ping_status":"closed","template":"","meta":{"footnotes":""},"acf":[],"_links":{"self":[{"href":"https:\/\/so-xarxa.recursos.uoc.edu\/es\/wp-json\/wp\/v2\/pages\/143"}],"collection":[{"href":"https:\/\/so-xarxa.recursos.uoc.edu\/es\/wp-json\/wp\/v2\/pages"}],"about":[{"href":"https:\/\/so-xarxa.recursos.uoc.edu\/es\/wp-json\/wp\/v2\/types\/page"}],"author":[{"embeddable":true,"href":"https:\/\/so-xarxa.recursos.uoc.edu\/es\/wp-json\/wp\/v2\/users\/2"}],"replies":[{"embeddable":true,"href":"https:\/\/so-xarxa.recursos.uoc.edu\/es\/wp-json\/wp\/v2\/comments?post=143"}],"version-history":[{"count":6,"href":"https:\/\/so-xarxa.recursos.uoc.edu\/es\/wp-json\/wp\/v2\/pages\/143\/revisions"}],"predecessor-version":[{"id":454,"href":"https:\/\/so-xarxa.recursos.uoc.edu\/es\/wp-json\/wp\/v2\/pages\/143\/revisions\/454"}],"wp:attachment":[{"href":"https:\/\/so-xarxa.recursos.uoc.edu\/es\/wp-json\/wp\/v2\/media?parent=143"}],"curies":[{"name":"wp","href":"https:\/\/api.w.org\/{rel}","templated":true}]}}