{"id":141,"date":"2024-01-09T11:29:15","date_gmt":"2024-01-09T10:29:15","guid":{"rendered":"https:\/\/so-xarxa.recursos.uoc.edu\/?page_id=141"},"modified":"2024-01-26T09:35:41","modified_gmt":"2024-01-26T08:35:41","slug":"1-3-1-introduccion","status":"publish","type":"page","link":"https:\/\/so-xarxa.recursos.uoc.edu\/es\/1-3-1-introduccion\/","title":{"rendered":"1.3.1. Introducci\u00f3n"},"content":{"rendered":"<p>El elemento <code>&lt;audio&gt;<\/code> tiene limitaciones significativas para implementar juegos elaborados y aplicaciones interactivas. No dispone de controles de sincronizaci\u00f3n precisos, no se pueden reproducir muchos sonidos a la vez, no se pueden aplicar efectos en tiempo real o no hay forma de analizar los propios sonidos.<\/p>\n<p>La API Web Audio es una API de JavaScript de alto nivel que permite procesar y sintetizar audio en aplicaciones web ofreciendo opciones de mezcla, procesamiento y filtrado de manera similar a lo que ofrecen aplicaciones de tratamiento de audio de escritorio.<\/p>\n<p>Todas las operaciones de audio en la API Web Audio se realizan dentro de un contexto de audio. Cada operaci\u00f3n de audio b\u00e1sica se realiza con nodos de audio que est\u00e1n conectados entre s\u00ed, formando un gr\u00e1fico de enrutamiento de audio.<\/p>\n","protected":false},"excerpt":{"rendered":"<p>El elemento &lt;audio&gt; tiene limitaciones significativas para implementar juegos elaborados y aplicaciones interactivas. No dispone de controles de sincronizaci\u00f3n precisos, no se pueden reproducir muchos sonidos a la vez, no se pueden aplicar efectos en tiempo real o no hay forma de analizar los propios sonidos. La API Web Audio es una API de JavaScript [&hellip;]<\/p>\n","protected":false},"author":2,"featured_media":0,"parent":0,"menu_order":0,"comment_status":"closed","ping_status":"closed","template":"","meta":{"footnotes":""},"acf":[],"_links":{"self":[{"href":"https:\/\/so-xarxa.recursos.uoc.edu\/es\/wp-json\/wp\/v2\/pages\/141"}],"collection":[{"href":"https:\/\/so-xarxa.recursos.uoc.edu\/es\/wp-json\/wp\/v2\/pages"}],"about":[{"href":"https:\/\/so-xarxa.recursos.uoc.edu\/es\/wp-json\/wp\/v2\/types\/page"}],"author":[{"embeddable":true,"href":"https:\/\/so-xarxa.recursos.uoc.edu\/es\/wp-json\/wp\/v2\/users\/2"}],"replies":[{"embeddable":true,"href":"https:\/\/so-xarxa.recursos.uoc.edu\/es\/wp-json\/wp\/v2\/comments?post=141"}],"version-history":[{"count":2,"href":"https:\/\/so-xarxa.recursos.uoc.edu\/es\/wp-json\/wp\/v2\/pages\/141\/revisions"}],"predecessor-version":[{"id":413,"href":"https:\/\/so-xarxa.recursos.uoc.edu\/es\/wp-json\/wp\/v2\/pages\/141\/revisions\/413"}],"wp:attachment":[{"href":"https:\/\/so-xarxa.recursos.uoc.edu\/es\/wp-json\/wp\/v2\/media?parent=141"}],"curies":[{"name":"wp","href":"https:\/\/api.w.org\/{rel}","templated":true}]}}